{"id":90669,"date":"2019-11-01T11:41:05","date_gmt":"2019-11-01T11:41:05","guid":{"rendered":"https:\/\/www.3p-gmbh.de\/produkt\/entrega-de-pacotes-com-cintagem-desta-pab-800\/"},"modified":"2019-11-01T11:41:05","modified_gmt":"2019-11-01T11:41:05","slug":"packet-display-com-bandeira-desta-pab-800","status":"publish","type":"product","link":"https:\/\/www.3p-gmbh.de\/pt-br\/produkt\/packet-display-com-bandeira-desta-pab-800\/","title":{"rendered":"Entrega de pacotes com cintagem Desta PAB 800"},"content":{"rendered":"<p>Modelo Drupa 2000 com monitor t\u00e1til<br \/>\npode ser utilizada para prensar, contar, empilhar e cintar produtos dobrados de 1 a 6 dobras.<\/p>\n<p>Vantagem<br \/>\n&#8211; Entrega independente do tabuleiro com cintagem, atualmente configurada para 6 tabuleiros na entrega<br \/>\n&#8211; Os produtos dobrados sens\u00edveis tamb\u00e9m podem ser dispostos sem bainha para processamento interno.<\/p>\n<p>Formatos m\u00e1ximos em mm<br \/>\n1 dobra de utiliza\u00e7\u00e3o L 780 x L 330<br \/>\nUtiliza\u00e7\u00e3o em 2 dobras L 380 x C 330<br \/>\nUtiliza\u00e7\u00e3o em 3 dobras L 250 x C 330<br \/>\nUtiliza\u00e7\u00e3o em 4 dobras L 180 x C 330<br \/>\nUtiliza\u00e7\u00e3o 5 vezes L 150 x C 330<br \/>\nUtiliza\u00e7\u00e3o em 6 dobras L 120 x C 330<\/p>\n<p>Formato m\u00ednimo 90x75mm<br \/>\nEspessura do produto 1-8 mm<br \/>\nAltura m\u00e1xima da embalagem. 150 mm<br \/>\nAltura da embalagem min. 25 mm<\/p>\n<p>Velocidade de trabalho 40-200m\/min (a pedido, enviaremos com prazer um diagrama de desempenho)<br \/>\nPress\u00e3o de press\u00e3o m\u00e1x. 20000 N (ajust\u00e1vel)<br \/>\nBandagem m\u00e1x. 30 cintas\/min.<\/p>\n<p>t\u00e9cnica. Dados sujeitos a altera\u00e7\u00f5es, com exce\u00e7\u00e3o de erros !!!<\/p>\n","protected":false},"excerpt":{"rendered":"<p>Modelo Drupa 2000 com monitor t\u00e1til pode ser utilizada para prensar, contar, empilhar e cintar produtos dobrados de 1 a 6 dobras. Vantagem &#8211; Entrega independente do tabuleiro com cintagem, atualmente configurada para 6 tabuleiros na entrega &#8211; Os produtos dobrados sens\u00edveis tamb\u00e9m podem ser dispostos sem bainha para processamento interno. Formatos m\u00e1ximos em mm [&hellip;]<\/p>\n","protected":false},"featured_media":72771,"template":"","meta":[],"product_brand":[],"product_cat":[2919],"product_tag":[],"class_list":{"0":"post-90669","1":"product","2":"type-product","3":"status-publish","4":"has-post-thumbnail","6":"product_cat-despesas","7":"pa_hersteller-desta","8":"pa_typ-pab-800","10":"first","11":"instock","12":"taxable","13":"shipping-taxable","14":"purchasable","15":"product-type-simple"},"jetpack_sharing_enabled":true,"_links":{"self":[{"href":"https:\/\/www.3p-gmbh.de\/pt-br\/wp-json\/wp\/v2\/product\/90669","targetHints":{"allow":["GET"]}}],"collection":[{"href":"https:\/\/www.3p-gmbh.de\/pt-br\/wp-json\/wp\/v2\/product"}],"about":[{"href":"https:\/\/www.3p-gmbh.de\/pt-br\/wp-json\/wp\/v2\/types\/product"}],"wp:featuredmedia":[{"embeddable":true,"href":"https:\/\/www.3p-gmbh.de\/pt-br\/wp-json\/wp\/v2\/media\/72771"}],"wp:attachment":[{"href":"https:\/\/www.3p-gmbh.de\/pt-br\/wp-json\/wp\/v2\/media?parent=90669"}],"wp:term":[{"taxonomy":"product_brand","embeddable":true,"href":"https:\/\/www.3p-gmbh.de\/pt-br\/wp-json\/wp\/v2\/product_brand?post=90669"},{"taxonomy":"product_cat","embeddable":true,"href":"https:\/\/www.3p-gmbh.de\/pt-br\/wp-json\/wp\/v2\/product_cat?post=90669"},{"taxonomy":"product_tag","embeddable":true,"href":"https:\/\/www.3p-gmbh.de\/pt-br\/wp-json\/wp\/v2\/product_tag?post=90669"}],"curies":[{"name":"wp","href":"https:\/\/api.w.org\/{rel}","templated":true}]}}