{"id":90668,"date":"2019-11-01T11:13:47","date_gmt":"2019-11-01T11:13:47","guid":{"rendered":"https:\/\/www.3p-gmbh.de\/produkt\/maquina-pneumatica-de-resolucao-dupla-de-declives\/"},"modified":"2019-11-01T11:13:47","modified_gmt":"2019-11-01T11:13:47","slug":"pendente-de-maquina-dupla-oem-de-funcionamento-pneumatico-com-espacamento-fixo-de-280-mm","status":"publish","type":"product","link":"https:\/\/www.3p-gmbh.de\/pt-br\/produkt\/pendente-de-maquina-dupla-oem-de-funcionamento-pneumatico-com-espacamento-fixo-de-280-mm\/","title":{"rendered":"M\u00e1quina pneum\u00e1tica de resolu\u00e7\u00e3o dupla de declives"},"content":{"rendered":"<p><strong>M\u00e1quina de dupla dissolu\u00e7\u00e3o de funcionamento pneum\u00e1tico Hang<\/strong><br \/>\nPerfura o furo e o ilh\u00f3 numa s\u00f3 opera\u00e7\u00e3o (o ilh\u00f3 perfura o furo) O suporte do material com batentes laterais e traseiros infinitamente ajust\u00e1veis garante um posicionamento exato<br \/>\natualmente equipado com ilh\u00f3s auto-perfurantes at\u00e9 20 folhas com papel de 80 g\/m2 ou espessura de material at\u00e9 3 mm<\/p>\n<ul>\n<li>Funcionamento a pedal com alimenta\u00e7\u00e3o autom\u00e1tica de ilh\u00f3s<\/li>\n<li>Pode ser utilizado para papel, cart\u00e3o, pl\u00e1stico, etc.<\/li>\n<li>Ideal para contratos, certificados e etiquetas<\/li>\n<li>2 cabe\u00e7as com dist\u00e2ncia fixa de 280 mm para limar orif\u00edcios com 5,5 mm de di\u00e2metro interior<\/li>\n<li>Ar comprimido a ser fornecido no local<\/li>\n<\/ul>\n<p>V\u00eddeo de demonstra\u00e7\u00e3o em <a href=\"https:\/\/youtu.be\/XWkClxxjkyo\" target=\"_blank\" rel=\"noopener noreferrer\">https:\/\/youtu.be\/XWkClxxjkyo<\/a><\/p>\n","protected":false},"excerpt":{"rendered":"<p>M\u00e1quina de dupla dissolu\u00e7\u00e3o de funcionamento pneum\u00e1tico Hang Perfura o furo e o ilh\u00f3 numa s\u00f3 opera\u00e7\u00e3o (o ilh\u00f3 perfura o furo) O suporte do material com batentes laterais e traseiros infinitamente ajust\u00e1veis garante um posicionamento exato atualmente equipado com ilh\u00f3s auto-perfurantes at\u00e9 20 folhas com papel de 80 g\/m2 ou espessura de material at\u00e9 [&hellip;]<\/p>\n","protected":false},"featured_media":78492,"template":"","meta":[],"product_brand":[],"product_cat":[3055],"product_tag":[],"class_list":{"0":"post-90668","1":"product","2":"type-product","3":"status-publish","4":"has-post-thumbnail","6":"product_cat-maquinas-de-lubrificacao","7":"pa_hersteller-constantin-hang","9":"first","10":"instock","11":"taxable","12":"shipping-taxable","13":"purchasable","14":"product-type-simple"},"jetpack_sharing_enabled":true,"_links":{"self":[{"href":"https:\/\/www.3p-gmbh.de\/pt-br\/wp-json\/wp\/v2\/product\/90668","targetHints":{"allow":["GET"]}}],"collection":[{"href":"https:\/\/www.3p-gmbh.de\/pt-br\/wp-json\/wp\/v2\/product"}],"about":[{"href":"https:\/\/www.3p-gmbh.de\/pt-br\/wp-json\/wp\/v2\/types\/product"}],"wp:featuredmedia":[{"embeddable":true,"href":"https:\/\/www.3p-gmbh.de\/pt-br\/wp-json\/wp\/v2\/media\/78492"}],"wp:attachment":[{"href":"https:\/\/www.3p-gmbh.de\/pt-br\/wp-json\/wp\/v2\/media?parent=90668"}],"wp:term":[{"taxonomy":"product_brand","embeddable":true,"href":"https:\/\/www.3p-gmbh.de\/pt-br\/wp-json\/wp\/v2\/product_brand?post=90668"},{"taxonomy":"product_cat","embeddable":true,"href":"https:\/\/www.3p-gmbh.de\/pt-br\/wp-json\/wp\/v2\/product_cat?post=90668"},{"taxonomy":"product_tag","embeddable":true,"href":"https:\/\/www.3p-gmbh.de\/pt-br\/wp-json\/wp\/v2\/product_tag?post=90668"}],"curies":[{"name":"wp","href":"https:\/\/api.w.org\/{rel}","templated":true}]}}