{"id":90667,"date":"2019-11-01T13:30:47","date_gmt":"2019-11-01T13:30:47","guid":{"rendered":"https:\/\/www.3p-gmbh.de\/produkt\/polar-maquina-de-corte-rapido-de-grande-formato-176-ed-com-transomat-de-carga-polar-tr-185-bl-7\/"},"modified":"2019-11-01T13:30:47","modified_gmt":"2019-11-01T13:30:47","slug":"cortador-rapido-de-grande-formato-polar-176-ed-com-carregamento-transomat-polar-tr-185-bl-7","status":"publish","type":"product","link":"https:\/\/www.3p-gmbh.de\/pt-br\/produkt\/cortador-rapido-de-grande-formato-polar-176-ed-com-carregamento-transomat-polar-tr-185-bl-7\/","title":{"rendered":"POLAR M\u00e1quina de corte r\u00e1pido de grande formato 176 ED com transomat de carga Polar TR 185-BL-7"},"content":{"rendered":"<p>Contador de cortes apenas 1,3 milh\u00f5es de cortes<\/p>\n<p>&#8211; Largura de corte 176 cm<br \/>\n&#8211; A profundidade de inser\u00e7\u00e3o \u00e9 de 2025 mm<br \/>\nA largura da passagem do Transomat para a mesa traseira \u00e9 de 1760 mm!<br \/>\n&#8211; com controlo ED<br \/>\n&#8211; Batente lateral rebaix\u00e1vel pneumaticamente do lado esquerdo<br \/>\n&#8211; Canto de transfer\u00eancia em a\u00e7o inoxid\u00e1vel, rebaix\u00e1vel pneumaticamente, no elemento direito da mesa de ar<\/p>\n<p>Transomat de carregamento \u00e0 esquerda com pin\u00e7a e empurrador de camadas para carregamento em mesa traseira Polar TR 185-BL-7<br \/>\ndesde 1998<br \/>\nTamanho da folha 126 x 164<\/p>\n<p><iframe loading=\"lazy\" title=\"Polar 176 ED Baujahr 1998\" width=\"980\" height=\"735\" src=\"https:\/\/www.youtube.com\/embed\/IeKXUqF_cIg?feature=oembed\" frameborder=\"0\" allow=\"accelerometer; autoplay; clipboard-write; encrypted-media; gyroscope; picture-in-picture; web-share\" allowfullscreen><\/iframe><\/p>\n","protected":false},"excerpt":{"rendered":"<p>Contador de cortes apenas 1,3 milh\u00f5es de cortes &#8211; Largura de corte 176 cm &#8211; A profundidade de inser\u00e7\u00e3o \u00e9 de 2025 mm A largura da passagem do Transomat para a mesa traseira \u00e9 de 1760 mm! &#8211; com controlo ED &#8211; Batente lateral rebaix\u00e1vel pneumaticamente do lado esquerdo &#8211; Canto de transfer\u00eancia em a\u00e7o [&hellip;]<\/p>\n","protected":false},"featured_media":72822,"template":"","meta":[],"product_brand":[],"product_cat":[3017],"product_tag":[],"class_list":{"0":"post-90667","1":"product","2":"type-product","3":"status-publish","4":"has-post-thumbnail","6":"product_cat-maquinas-de-corte","7":"pa_hersteller-polar-mohr","8":"pa_typ-176-ed","10":"first","11":"instock","12":"taxable","13":"shipping-taxable","14":"purchasable","15":"product-type-simple"},"jetpack_sharing_enabled":true,"_links":{"self":[{"href":"https:\/\/www.3p-gmbh.de\/pt-br\/wp-json\/wp\/v2\/product\/90667","targetHints":{"allow":["GET"]}}],"collection":[{"href":"https:\/\/www.3p-gmbh.de\/pt-br\/wp-json\/wp\/v2\/product"}],"about":[{"href":"https:\/\/www.3p-gmbh.de\/pt-br\/wp-json\/wp\/v2\/types\/product"}],"wp:featuredmedia":[{"embeddable":true,"href":"https:\/\/www.3p-gmbh.de\/pt-br\/wp-json\/wp\/v2\/media\/72822"}],"wp:attachment":[{"href":"https:\/\/www.3p-gmbh.de\/pt-br\/wp-json\/wp\/v2\/media?parent=90667"}],"wp:term":[{"taxonomy":"product_brand","embeddable":true,"href":"https:\/\/www.3p-gmbh.de\/pt-br\/wp-json\/wp\/v2\/product_brand?post=90667"},{"taxonomy":"product_cat","embeddable":true,"href":"https:\/\/www.3p-gmbh.de\/pt-br\/wp-json\/wp\/v2\/product_cat?post=90667"},{"taxonomy":"product_tag","embeddable":true,"href":"https:\/\/www.3p-gmbh.de\/pt-br\/wp-json\/wp\/v2\/product_tag?post=90667"}],"curies":[{"name":"wp","href":"https:\/\/api.w.org\/{rel}","templated":true}]}}