{"id":90666,"date":"2019-11-01T13:03:12","date_gmt":"2019-11-01T13:03:12","guid":{"rendered":"https:\/\/www.3p-gmbh.de\/produkt\/virador-de-estacas-busch-se-125-rla\/"},"modified":"2019-11-01T13:03:12","modified_gmt":"2019-11-01T13:03:12","slug":"pilha-turner-bush-se-125-rla","status":"publish","type":"product","link":"https:\/\/www.3p-gmbh.de\/pt-br\/produkt\/pilha-turner-bush-se-125-rla\/","title":{"rendered":"Virador de estacas Busch SE 125 RLA"},"content":{"rendered":"<p>Muito pouco utilizado<br \/>\npara rodar, arejar, correr e alinhar<\/p>\n<p>M\u00e1ximo. Tamanho da folha mm 800 x 1200<br \/>\nM\u00e1ximo. Altura de empilhamento mm 1350<br \/>\nMin. Altura de empilhamento mm 380<br \/>\nLargura da plataforma mm 1250<br \/>\nProfundidade da plataforma mm 900<br \/>\nCapacidade de carga kg 1000<\/p>\n<p>Equipado com<br \/>\nDispositivo de ventila\u00e7\u00e3o (1 ventilador),<br \/>\npainel de controlo girat\u00f3rio,<br \/>\nr\u00e9gua de alinhamento fixa,<br \/>\nDispositivo de jogging,<br \/>\nDispositivo de inclina\u00e7\u00e3o (15\u00b0),<br \/>\nRegula\u00e7\u00e3o do volume de ar,<br \/>\nVelocidade do bico de ar ajust\u00e1vel no painel de controlo<br \/>\nAbas de descompress\u00e3o (a pilha n\u00e3o est\u00e1 premida)<\/p>\n","protected":false},"excerpt":{"rendered":"<p>Muito pouco utilizado para rodar, arejar, correr e alinhar M\u00e1ximo. Tamanho da folha mm 800 x 1200 M\u00e1ximo. Altura de empilhamento mm 1350 Min. Altura de empilhamento mm 380 Largura da plataforma mm 1250 Profundidade da plataforma mm 900 Capacidade de carga kg 1000 Equipado com Dispositivo de ventila\u00e7\u00e3o (1 ventilador), painel de controlo girat\u00f3rio, [&hellip;]<\/p>\n","protected":false},"featured_media":72804,"template":"","meta":[],"product_brand":[],"product_cat":[2897],"product_tag":[],"class_list":{"0":"post-90666","1":"product","2":"type-product","3":"status-publish","4":"has-post-thumbnail","6":"product_cat-virador-de-estacas","7":"pa_hersteller-busch","8":"pa_typ-se-125-rla","10":"first","11":"instock","12":"taxable","13":"shipping-taxable","14":"purchasable","15":"product-type-simple"},"jetpack_sharing_enabled":true,"_links":{"self":[{"href":"https:\/\/www.3p-gmbh.de\/pt-br\/wp-json\/wp\/v2\/product\/90666","targetHints":{"allow":["GET"]}}],"collection":[{"href":"https:\/\/www.3p-gmbh.de\/pt-br\/wp-json\/wp\/v2\/product"}],"about":[{"href":"https:\/\/www.3p-gmbh.de\/pt-br\/wp-json\/wp\/v2\/types\/product"}],"wp:featuredmedia":[{"embeddable":true,"href":"https:\/\/www.3p-gmbh.de\/pt-br\/wp-json\/wp\/v2\/media\/72804"}],"wp:attachment":[{"href":"https:\/\/www.3p-gmbh.de\/pt-br\/wp-json\/wp\/v2\/media?parent=90666"}],"wp:term":[{"taxonomy":"product_brand","embeddable":true,"href":"https:\/\/www.3p-gmbh.de\/pt-br\/wp-json\/wp\/v2\/product_brand?post=90666"},{"taxonomy":"product_cat","embeddable":true,"href":"https:\/\/www.3p-gmbh.de\/pt-br\/wp-json\/wp\/v2\/product_cat?post=90666"},{"taxonomy":"product_tag","embeddable":true,"href":"https:\/\/www.3p-gmbh.de\/pt-br\/wp-json\/wp\/v2\/product_tag?post=90666"}],"curies":[{"name":"wp","href":"https:\/\/api.w.org\/{rel}","templated":true}]}}