{"id":90655,"date":"2019-11-01T13:44:18","date_gmt":"2019-11-01T13:44:18","guid":{"rendered":"https:\/\/www.3p-gmbh.de\/produkt\/maquina-de-costura-e-dobragem-de-camadas-nagel-foldnak-2-com-entrega-em-fluxo\/"},"modified":"2019-11-01T13:44:18","modified_gmt":"2019-11-01T13:44:18","slug":"maquina-de-dobragem-e-agrafagem-de-camadas-prego-prega-2-com-bisturi-bum","status":"publish","type":"product","link":"https:\/\/www.3p-gmbh.de\/pt-br\/produkt\/maquina-de-dobragem-e-agrafagem-de-camadas-prego-prega-2-com-bisturi-bum\/","title":{"rendered":"M\u00e1quina de costura e dobragem de camadas Nagel Foldnak 2 com entrega em fluxo"},"content":{"rendered":"<p>para criar brochuras de at\u00e9 100 p\u00e1ginas numa \u00fanica opera\u00e7\u00e3o.<\/p>\n<p>Formato de alimenta\u00e7\u00e3o de papel de DIN A5 a DIN A 3 sobredimensionado<br \/>\n&#8211; com 2 cabe\u00e7as de agrafagem (expans\u00edvel at\u00e9 4)<br \/>\n&#8211; chassis inferior regul\u00e1vel em altura<\/p>\n<p>Comprimento aprox. 120 cm, largura aprox. 65 cm, altura aprox. 140 cm, peso aprox. 100 kg<br \/>\nLiga\u00e7\u00e3o 220 Volt<\/p>\n","protected":false},"excerpt":{"rendered":"<p>para criar brochuras de at\u00e9 100 p\u00e1ginas numa \u00fanica opera\u00e7\u00e3o. Formato de alimenta\u00e7\u00e3o de papel de DIN A5 a DIN A 3 sobredimensionado &#8211; com 2 cabe\u00e7as de agrafagem (expans\u00edvel at\u00e9 4) &#8211; chassis inferior regul\u00e1vel em altura Comprimento aprox. 120 cm, largura aprox. 65 cm, altura aprox. 140 cm, peso aprox. 100 kg Liga\u00e7\u00e3o [&hellip;]<\/p>\n","protected":false},"featured_media":72867,"template":"","meta":[],"product_brand":[],"product_cat":[2979],"product_tag":[],"class_list":{"0":"post-90655","1":"product","2":"type-product","3":"status-publish","4":"has-post-thumbnail","6":"product_cat-maquinas-de-dobrar","7":"pa_hersteller-ernst-nagel","8":"pa_typ-foldnak-2","10":"first","11":"instock","12":"taxable","13":"shipping-taxable","14":"purchasable","15":"product-type-simple"},"jetpack_sharing_enabled":true,"_links":{"self":[{"href":"https:\/\/www.3p-gmbh.de\/pt-br\/wp-json\/wp\/v2\/product\/90655","targetHints":{"allow":["GET"]}}],"collection":[{"href":"https:\/\/www.3p-gmbh.de\/pt-br\/wp-json\/wp\/v2\/product"}],"about":[{"href":"https:\/\/www.3p-gmbh.de\/pt-br\/wp-json\/wp\/v2\/types\/product"}],"wp:featuredmedia":[{"embeddable":true,"href":"https:\/\/www.3p-gmbh.de\/pt-br\/wp-json\/wp\/v2\/media\/72867"}],"wp:attachment":[{"href":"https:\/\/www.3p-gmbh.de\/pt-br\/wp-json\/wp\/v2\/media?parent=90655"}],"wp:term":[{"taxonomy":"product_brand","embeddable":true,"href":"https:\/\/www.3p-gmbh.de\/pt-br\/wp-json\/wp\/v2\/product_brand?post=90655"},{"taxonomy":"product_cat","embeddable":true,"href":"https:\/\/www.3p-gmbh.de\/pt-br\/wp-json\/wp\/v2\/product_cat?post=90655"},{"taxonomy":"product_tag","embeddable":true,"href":"https:\/\/www.3p-gmbh.de\/pt-br\/wp-json\/wp\/v2\/product_tag?post=90655"}],"curies":[{"name":"wp","href":"https:\/\/api.w.org\/{rel}","templated":true}]}}