{"id":90640,"date":"2019-11-04T08:00:51","date_gmt":"2019-11-04T08:00:51","guid":{"rendered":"https:\/\/www.3p-gmbh.de\/produkt\/mathias-baeuerle-prestige-foldnet-52-4-4-fsa-am-52-pasta-com-placa-de-fivela\/"},"modified":"2019-11-04T08:00:51","modified_gmt":"2019-11-04T08:00:51","slug":"pasta-com-placa-de-fivela-mathias-baeuerle-prestige-foldnet-52-4-4-fsa-am-52","status":"publish","type":"product","link":"https:\/\/www.3p-gmbh.de\/pt-br\/produkt\/pasta-com-placa-de-fivela-mathias-baeuerle-prestige-foldnet-52-4-4-fsa-am-52\/","title":{"rendered":"Mathias B\u00e4uerle Prestige FoldNet 52-4-4-FSA-AM 52 pasta com placa de fivela"},"content":{"rendered":"<p>Totalmente ajust\u00e1vel automaticamente<\/p>\n<p>1\u00aa unidade de dobragem com 4 bolsas e veio cortador a jusante, mesa de sobrealimenta\u00e7\u00e3o,<br \/>\ncom 42,9 milh\u00f5es de dobragens<\/p>\n<p>2. unidade de dobragem com 4 bolsas e veio cortador a jusante<br \/>\ncerca de 15 milh\u00f5es de vezes<\/p>\n<p>A configura\u00e7\u00e3o autom\u00e1tica controla o ajuste da m\u00e1quina desde a alimenta\u00e7\u00e3o at\u00e9 \u00e0 entrega.<br \/>\nCom base no formato plano especificado, no tipo de dobra selecionado e na espessura do papel medida atrav\u00e9s de um sensor de espessura do papel, o sistema de controlo por computador calcula<br \/>\na posi\u00e7\u00e3o dos v\u00e1rios elementos de configura\u00e7\u00e3o e assume a sua configura\u00e7\u00e3o.<br \/>\nO controlo inteligente da m\u00e1quina e a opera\u00e7\u00e3o com ecr\u00e3 t\u00e1til facilitam a dobragem.<br \/>\nO painel central com ecr\u00e3 t\u00e1til \u00e9 a interface interactiva do utilizador.<br \/>\nTodas as defini\u00e7\u00f5es importantes s\u00e3o efectuadas a partir daqui.<br \/>\nAs interven\u00e7\u00f5es manuais s\u00e3o reduzidas ao m\u00ednimo.<br \/>\nO guia do utilizador \u00e9 auto-explicativo.<br \/>\nPode sempre ver qual o menu que est\u00e1 ativo e quais as op\u00e7\u00f5es que ainda est\u00e3o dispon\u00edveis.<br \/>\nO prestigeFOLD permite a integra\u00e7\u00e3o numa rede operacional atrav\u00e9s de uma interface.<br \/>\nAssim, \u00e9 poss\u00edvel a transfer\u00eancia de dados para a m\u00e1quina atrav\u00e9s de um ficheiro JDF ou a aquisi\u00e7\u00e3o de dados de produ\u00e7\u00e3o.<\/p>\n<p>Defini\u00e7\u00e3o autom\u00e1tica para:<br \/>\n* Alimentador<br \/>\n* todas as placas de fivela<br \/>\n* Aparelhos de mudan\u00e7a de dire\u00e7\u00e3o curvos<br \/>\n* Governantes<br \/>\n* Rolos<br \/>\n* Despesas<br \/>\n* 20 tipos de dobras permanentemente armazenados<br \/>\n* Outros tipos de dobras livremente program\u00e1veis<br \/>\n* 200 posi\u00e7\u00f5es de mem\u00f3ria para trabalhos repetidos<br \/>\n* Compat\u00edvel com CIP4<br \/>\n* Unidades dobr\u00e1veis com 4 ou 6 bolsas<br \/>\n* Expans\u00edvel at\u00e9 3 pastas de placas de fivela<br \/>\n* Pode ser combinado com a unidade m\u00f3vel de dobragem de espadas<\/p>\n<p>m\u00e1ximo. Tamanho da folha 52 x 85 cm<br \/>\nmin. Tamanho da folha 10 x 12 cm<br \/>\nmin. Comprimento da dobra 3,5 cm<br \/>\nAltura de empilhamento do alimentador 66 cm<br \/>\nVelocidade m\u00e1x. 220 m\/min<\/p>\n<p>Expositor m\u00f3vel de altura regul\u00e1vel para galp\u00f5es longos<\/p>\n","protected":false},"excerpt":{"rendered":"<p>Totalmente ajust\u00e1vel automaticamente 1\u00aa unidade de dobragem com 4 bolsas e veio cortador a jusante, mesa de sobrealimenta\u00e7\u00e3o, com 42,9 milh\u00f5es de dobragens 2. unidade de dobragem com 4 bolsas e veio cortador a jusante cerca de 15 milh\u00f5es de vezes A configura\u00e7\u00e3o autom\u00e1tica controla o ajuste da m\u00e1quina desde a alimenta\u00e7\u00e3o at\u00e9 \u00e0 entrega. [&hellip;]<\/p>\n","protected":false},"featured_media":73002,"template":"","meta":[],"product_brand":[],"product_cat":[2979],"product_tag":[],"class_list":{"0":"post-90640","1":"product","2":"type-product","3":"status-publish","4":"has-post-thumbnail","6":"product_cat-maquinas-de-dobrar","7":"pa_hersteller-mathias-baeuerle","8":"pa_typ-foldnet-52-4-4-fsa-am-52","10":"first","11":"instock","12":"taxable","13":"shipping-taxable","14":"purchasable","15":"product-type-simple"},"jetpack_sharing_enabled":true,"_links":{"self":[{"href":"https:\/\/www.3p-gmbh.de\/pt-br\/wp-json\/wp\/v2\/product\/90640","targetHints":{"allow":["GET"]}}],"collection":[{"href":"https:\/\/www.3p-gmbh.de\/pt-br\/wp-json\/wp\/v2\/product"}],"about":[{"href":"https:\/\/www.3p-gmbh.de\/pt-br\/wp-json\/wp\/v2\/types\/product"}],"wp:featuredmedia":[{"embeddable":true,"href":"https:\/\/www.3p-gmbh.de\/pt-br\/wp-json\/wp\/v2\/media\/73002"}],"wp:attachment":[{"href":"https:\/\/www.3p-gmbh.de\/pt-br\/wp-json\/wp\/v2\/media?parent=90640"}],"wp:term":[{"taxonomy":"product_brand","embeddable":true,"href":"https:\/\/www.3p-gmbh.de\/pt-br\/wp-json\/wp\/v2\/product_brand?post=90640"},{"taxonomy":"product_cat","embeddable":true,"href":"https:\/\/www.3p-gmbh.de\/pt-br\/wp-json\/wp\/v2\/product_cat?post=90640"},{"taxonomy":"product_tag","embeddable":true,"href":"https:\/\/www.3p-gmbh.de\/pt-br\/wp-json\/wp\/v2\/product_tag?post=90640"}],"curies":[{"name":"wp","href":"https:\/\/api.w.org\/{rel}","templated":true}]}}