{"id":90633,"date":"2019-11-04T08:31:50","date_gmt":"2019-11-04T08:31:50","guid":{"rendered":"https:\/\/www.3p-gmbh.de\/produkt\/equipamento-de-fusao-de-cola-dynatec-quattro-challenger-com-dois-bicos-de-aplicacao-unidade-de-controlo-dy-2002-para-8-canais\/"},"modified":"2019-11-04T08:31:50","modified_gmt":"2019-11-04T08:31:50","slug":"dynatec-quattro-challenger-glue-melting-with-two-application-dues-dy-2002-control-unit-for-8-channels","status":"publish","type":"product","link":"https:\/\/www.3p-gmbh.de\/pt-br\/produkt\/dynatec-quattro-challenger-glue-melting-with-two-application-dues-dy-2002-control-unit-for-8-channels\/","title":{"rendered":"Equipamento de fus\u00e3o de cola Dynatec Quattro Challenger com dois bicos de aplica\u00e7\u00e3o Unidade de controlo Dy 2002 para 8 canais"},"content":{"rendered":"<p>para uma aplica\u00e7\u00e3o precisa de adesivo em m\u00e1quinas de alta velocidade<br \/>\npode controlar 8 canais<br \/>\ne at\u00e9 ao m\u00e1x. Fornecimento de 4 v\u00e1lvulas de aplica\u00e7\u00e3o de cola<\/p>\n<ul>\n<li>1 Dynatec Quattro Challenger<\/li>\n<li>Capacidade de enchimento do contentor 8,5 kg<\/li>\n<li>Temperatura de funcionamento 38 a 218 \u00b0C<\/li>\n<li>Taxa de fus\u00e3o \/ hora 9 kg\/h<\/li>\n<li>D\u00e9bito de bombagem 871 g\/min<\/li>\n<li>Taxas de compress\u00e3o da bomba de pist\u00e3o 14:1<\/li>\n<li>Sa\u00eddas de mangueira 4<\/li>\n<li>Estabilidade de temperatura \u00b1 1 \u00b0C<\/li>\n<li>Press\u00e3o hidr\u00e1ulica m\u00e1xima em funcionamento 7 bar &#8211; bomba de pist\u00e3o<\/li>\n<li>Alimenta\u00e7\u00e3o el\u00e9ctrica 200 &#8211; 240 V<\/li>\n<li>1-3 fases 50\/60 Hz<\/li>\n<li>Alimenta\u00e7\u00e3o el\u00e9ctrica 380 V<\/li>\n<li>3 fases em estrela 50\/60 Hz<\/li>\n<li>Viscosidade em funcionamento 500 a 30.000 cps<\/li>\n<\/ul>\n<p>A vantagem Dynatec Fus\u00e3o ITW Challenger\u00ae Quattro&#x2122;<br \/>\n-Ajustes flex\u00edveis de temperatura para melhorar as propriedades adesivas<br \/>\n-Bomba de pist\u00e3o muito fi\u00e1vel<br \/>\nO dep\u00f3sito revestido a teflon permite o enchimento com todas as formas comuns de granulado termofus\u00edvel, tais como pellets, bolas e blocos<\/p>\n<p>1 Dy 2002 Unidade de controlo para 8 canais<\/p>\n<p>2 cabos de aquecimento aprox. 1,80 e dois bicos de aplica\u00e7\u00e3o em carrinhos<\/p>\n","protected":false},"excerpt":{"rendered":"<p>para uma aplica\u00e7\u00e3o precisa de adesivo em m\u00e1quinas de alta velocidade pode controlar 8 canais e at\u00e9 ao m\u00e1x. Fornecimento de 4 v\u00e1lvulas de aplica\u00e7\u00e3o de cola 1 Dynatec Quattro Challenger Capacidade de enchimento do contentor 8,5 kg Temperatura de funcionamento 38 a 218 \u00b0C Taxa de fus\u00e3o \/ hora 9 kg\/h D\u00e9bito de bombagem [&hellip;]<\/p>\n","protected":false},"featured_media":73020,"template":"","meta":[],"product_brand":[],"product_cat":[2868],"product_tag":[],"class_list":{"0":"post-90633","1":"product","2":"type-product","3":"status-publish","4":"has-post-thumbnail","6":"product_cat-outras-transformacoes-posteriores","7":"pa_hersteller-dynatec","8":"pa_typ-quattro-challenger","10":"first","11":"instock","12":"taxable","13":"shipping-taxable","14":"purchasable","15":"product-type-simple"},"jetpack_sharing_enabled":true,"_links":{"self":[{"href":"https:\/\/www.3p-gmbh.de\/pt-br\/wp-json\/wp\/v2\/product\/90633","targetHints":{"allow":["GET"]}}],"collection":[{"href":"https:\/\/www.3p-gmbh.de\/pt-br\/wp-json\/wp\/v2\/product"}],"about":[{"href":"https:\/\/www.3p-gmbh.de\/pt-br\/wp-json\/wp\/v2\/types\/product"}],"wp:featuredmedia":[{"embeddable":true,"href":"https:\/\/www.3p-gmbh.de\/pt-br\/wp-json\/wp\/v2\/media\/73020"}],"wp:attachment":[{"href":"https:\/\/www.3p-gmbh.de\/pt-br\/wp-json\/wp\/v2\/media?parent=90633"}],"wp:term":[{"taxonomy":"product_brand","embeddable":true,"href":"https:\/\/www.3p-gmbh.de\/pt-br\/wp-json\/wp\/v2\/product_brand?post=90633"},{"taxonomy":"product_cat","embeddable":true,"href":"https:\/\/www.3p-gmbh.de\/pt-br\/wp-json\/wp\/v2\/product_cat?post=90633"},{"taxonomy":"product_tag","embeddable":true,"href":"https:\/\/www.3p-gmbh.de\/pt-br\/wp-json\/wp\/v2\/product_tag?post=90633"}],"curies":[{"name":"wp","href":"https:\/\/api.w.org\/{rel}","templated":true}]}}