{"id":90628,"date":"2019-11-04T09:34:46","date_gmt":"2019-11-04T09:34:46","guid":{"rendered":"https:\/\/www.3p-gmbh.de\/produkt\/stahlfolder-maquina-de-dobrar-chapa-de-fivela-t-52-2-4-4-f-t-sa\/"},"modified":"2019-11-04T09:34:46","modified_gmt":"2019-11-04T09:34:46","slug":"pasta-de-bolso-pasta-de-aco-t-52-2-4-4-f-t-sa","status":"publish","type":"product","link":"https:\/\/www.3p-gmbh.de\/pt-br\/produkt\/pasta-de-bolso-pasta-de-aco-t-52-2-4-4-f-t-sa\/","title":{"rendered":"STAHLFolder m\u00e1quina de dobrar chapa de fivela T 52.2-4-4-F-T SA"},"content":{"rendered":"<p>Alimentador de pilha plana F 52.2 com Tremat<br \/>\nControlo com contador integrado e acionamento por inversor<br \/>\nFW I 4 sacos de 52 cm com dispositivo de isolamento ac\u00fastico<br \/>\nFW II 4 sacos 52cm com dispositivo de isolamento ac\u00fastico<\/p>\n<p>entrega de barrac\u00e3o m\u00f3vel SAK 56.S2<\/p>\n<p>Unidade de cola fria Planatol com unidade de controlo<\/p>\n<p>Os rolos de dobragem foram novamente revestidos com borracha em 2015<\/p>\n","protected":false},"excerpt":{"rendered":"<p>Alimentador de pilha plana F 52.2 com Tremat Controlo com contador integrado e acionamento por inversor FW I 4 sacos de 52 cm com dispositivo de isolamento ac\u00fastico FW II 4 sacos 52cm com dispositivo de isolamento ac\u00fastico entrega de barrac\u00e3o m\u00f3vel SAK 56.S2 Unidade de cola fria Planatol com unidade de controlo Os rolos [&hellip;]<\/p>\n","protected":false},"featured_media":73122,"template":"","meta":[],"product_brand":[],"product_cat":[2979],"product_tag":[],"class_list":{"0":"post-90628","1":"product","2":"type-product","3":"status-publish","4":"has-post-thumbnail","6":"product_cat-maquinas-de-dobrar","7":"pa_hersteller-heidelberg-stahlfolder","8":"pa_typ-t-52-2-4-4-f-t-sa","10":"first","11":"instock","12":"taxable","13":"shipping-taxable","14":"purchasable","15":"product-type-simple"},"jetpack_sharing_enabled":true,"_links":{"self":[{"href":"https:\/\/www.3p-gmbh.de\/pt-br\/wp-json\/wp\/v2\/product\/90628","targetHints":{"allow":["GET"]}}],"collection":[{"href":"https:\/\/www.3p-gmbh.de\/pt-br\/wp-json\/wp\/v2\/product"}],"about":[{"href":"https:\/\/www.3p-gmbh.de\/pt-br\/wp-json\/wp\/v2\/types\/product"}],"wp:featuredmedia":[{"embeddable":true,"href":"https:\/\/www.3p-gmbh.de\/pt-br\/wp-json\/wp\/v2\/media\/73122"}],"wp:attachment":[{"href":"https:\/\/www.3p-gmbh.de\/pt-br\/wp-json\/wp\/v2\/media?parent=90628"}],"wp:term":[{"taxonomy":"product_brand","embeddable":true,"href":"https:\/\/www.3p-gmbh.de\/pt-br\/wp-json\/wp\/v2\/product_brand?post=90628"},{"taxonomy":"product_cat","embeddable":true,"href":"https:\/\/www.3p-gmbh.de\/pt-br\/wp-json\/wp\/v2\/product_cat?post=90628"},{"taxonomy":"product_tag","embeddable":true,"href":"https:\/\/www.3p-gmbh.de\/pt-br\/wp-json\/wp\/v2\/product_tag?post=90628"}],"curies":[{"name":"wp","href":"https:\/\/api.w.org\/{rel}","templated":true}]}}