{"id":90615,"date":"2019-11-04T11:20:10","date_gmt":"2019-11-04T11:20:10","guid":{"rendered":"https:\/\/www.3p-gmbh.de\/produkt\/elevador-de-empilhamento-baumann-wohlenberg-nup-650\/"},"modified":"2019-11-04T11:20:10","modified_gmt":"2019-11-04T11:20:10","slug":"baumann-stack-lift-nup-650","status":"publish","type":"product","link":"https:\/\/www.3p-gmbh.de\/pt-br\/produkt\/baumann-stack-lift-nup-650\/","title":{"rendered":"Elevador de empilhamento Baumann Wohlenberg NUP 650"},"content":{"rendered":"<p><strong>Elevador de empilhamento Baumann Wohlenberg NUP 650<\/strong><\/p>\n<p>Os elevadores empilh\u00e1veis garantem um trabalho f\u00e1cil a uma altura de trabalho confort\u00e1vel.<br \/>\nElevada produtividade devido \u00e0 r\u00e1pida mudan\u00e7a de paletes (elevada<br \/>\nvelocidade de descida)<br \/>\nUtiliza\u00e7\u00e3o flex\u00edvel (m\u00f3vel sobre rod\u00edzios girat\u00f3rios) pode ser utilizada em<br \/>\nDiferentes esta\u00e7\u00f5es de trabalho (por exemplo, m\u00e1quina de corte, m\u00e1quina de dobragem)<\/p>\n<p>Dados t\u00e9cnicos<br \/>\n&#8211; m\u00f3vel sobre rod\u00edzios girat\u00f3rios<br \/>\n&#8211; Dimens\u00f5es interiores da cuba aprox. 785 x 1150 mm<br \/>\n&#8211; Altura de eleva\u00e7\u00e3o at\u00e9 1000 mm<br \/>\n&#8211; Capacidade de carga m\u00e1xima kg 650<br \/>\n&#8211; Fotoc\u00e9lula regul\u00e1vel em altura para regula\u00e7\u00e3o autom\u00e1tica da altura de trabalho<\/p>\n<p>&nbsp;<\/p>\n","protected":false},"excerpt":{"rendered":"<p>Elevador de empilhamento Baumann Wohlenberg NUP 650 Os elevadores empilh\u00e1veis garantem um trabalho f\u00e1cil a uma altura de trabalho confort\u00e1vel. Elevada produtividade devido \u00e0 r\u00e1pida mudan\u00e7a de paletes (elevada velocidade de descida) Utiliza\u00e7\u00e3o flex\u00edvel (m\u00f3vel sobre rod\u00edzios girat\u00f3rios) pode ser utilizada em Diferentes esta\u00e7\u00f5es de trabalho (por exemplo, m\u00e1quina de corte, m\u00e1quina de dobragem) Dados [&hellip;]<\/p>\n","protected":false},"featured_media":77409,"template":"","meta":[],"product_brand":[],"product_cat":[2978],"product_tag":[],"class_list":{"0":"post-90615","1":"product","2":"type-product","3":"status-publish","4":"has-post-thumbnail","6":"product_cat-elevadores-de-pilha-e-elevadores-de-pilha","7":"pa_hersteller-baumann","8":"pa_typ-nup-650","10":"first","11":"instock","12":"taxable","13":"shipping-taxable","14":"purchasable","15":"product-type-simple"},"jetpack_sharing_enabled":true,"_links":{"self":[{"href":"https:\/\/www.3p-gmbh.de\/pt-br\/wp-json\/wp\/v2\/product\/90615","targetHints":{"allow":["GET"]}}],"collection":[{"href":"https:\/\/www.3p-gmbh.de\/pt-br\/wp-json\/wp\/v2\/product"}],"about":[{"href":"https:\/\/www.3p-gmbh.de\/pt-br\/wp-json\/wp\/v2\/types\/product"}],"wp:featuredmedia":[{"embeddable":true,"href":"https:\/\/www.3p-gmbh.de\/pt-br\/wp-json\/wp\/v2\/media\/77409"}],"wp:attachment":[{"href":"https:\/\/www.3p-gmbh.de\/pt-br\/wp-json\/wp\/v2\/media?parent=90615"}],"wp:term":[{"taxonomy":"product_brand","embeddable":true,"href":"https:\/\/www.3p-gmbh.de\/pt-br\/wp-json\/wp\/v2\/product_brand?post=90615"},{"taxonomy":"product_cat","embeddable":true,"href":"https:\/\/www.3p-gmbh.de\/pt-br\/wp-json\/wp\/v2\/product_cat?post=90615"},{"taxonomy":"product_tag","embeddable":true,"href":"https:\/\/www.3p-gmbh.de\/pt-br\/wp-json\/wp\/v2\/product_tag?post=90615"}],"curies":[{"name":"wp","href":"https:\/\/api.w.org\/{rel}","templated":true}]}}