{"id":90596,"date":"2019-11-04T13:36:50","date_gmt":"2019-11-04T13:36:50","guid":{"rendered":"https:\/\/www.3p-gmbh.de\/produkt\/placa-de-fivela-de-fecho-pneumatico-heidelberg-ftf-82\/"},"modified":"2019-11-04T13:36:50","modified_gmt":"2019-11-04T13:36:50","slug":"heidelberg-ftf-82-bolsa-dobravel-com-janela-pneumatica","status":"publish","type":"product","link":"https:\/\/www.3p-gmbh.de\/pt-br\/produkt\/heidelberg-ftf-82-bolsa-dobravel-com-janela-pneumatica\/","title":{"rendered":"Placa de fivela de fecho pneum\u00e1tico Heidelberg FTF 82"},"content":{"rendered":"<ul>\n<li>bolsa com fecho pneum\u00e1tico FTF 82 cm<\/li>\n<li>com sensor de entrada Omron<\/li>\n<li>Op\u00e7\u00e3o: Unidade de controlo ACC 2.4 para dispositivo de colagem ou bolsa de dobragem<\/li>\n<\/ul>\n","protected":false},"excerpt":{"rendered":"<p>bolsa com fecho pneum\u00e1tico FTF 82 cm com sensor de entrada Omron Op\u00e7\u00e3o: Unidade de controlo ACC 2.4 para dispositivo de colagem ou bolsa de dobragem<\/p>\n","protected":false},"featured_media":73407,"template":"","meta":[],"product_brand":[],"product_cat":[2882],"product_tag":[],"class_list":{"0":"post-90596","1":"product","2":"type-product","3":"status-publish","4":"has-post-thumbnail","6":"product_cat-acessorios-para-maquinas-de-dobrar","7":"pa_bezeichnung_typ-fensterfalztasche","8":"pa_hersteller-heidelberg-stahlfolder","10":"first","11":"instock","12":"taxable","13":"shipping-taxable","14":"purchasable","15":"product-type-simple"},"jetpack_sharing_enabled":true,"_links":{"self":[{"href":"https:\/\/www.3p-gmbh.de\/pt-br\/wp-json\/wp\/v2\/product\/90596","targetHints":{"allow":["GET"]}}],"collection":[{"href":"https:\/\/www.3p-gmbh.de\/pt-br\/wp-json\/wp\/v2\/product"}],"about":[{"href":"https:\/\/www.3p-gmbh.de\/pt-br\/wp-json\/wp\/v2\/types\/product"}],"wp:featuredmedia":[{"embeddable":true,"href":"https:\/\/www.3p-gmbh.de\/pt-br\/wp-json\/wp\/v2\/media\/73407"}],"wp:attachment":[{"href":"https:\/\/www.3p-gmbh.de\/pt-br\/wp-json\/wp\/v2\/media?parent=90596"}],"wp:term":[{"taxonomy":"product_brand","embeddable":true,"href":"https:\/\/www.3p-gmbh.de\/pt-br\/wp-json\/wp\/v2\/product_brand?post=90596"},{"taxonomy":"product_cat","embeddable":true,"href":"https:\/\/www.3p-gmbh.de\/pt-br\/wp-json\/wp\/v2\/product_cat?post=90596"},{"taxonomy":"product_tag","embeddable":true,"href":"https:\/\/www.3p-gmbh.de\/pt-br\/wp-json\/wp\/v2\/product_tag?post=90596"}],"curies":[{"name":"wp","href":"https:\/\/api.w.org\/{rel}","templated":true}]}}