{"id":90594,"date":"2019-11-04T13:31:11","date_gmt":"2019-11-04T13:31:11","guid":{"rendered":"https:\/\/www.3p-gmbh.de\/produkt\/hang-107-20-maquina-de-perfuracao-de-papel\/"},"modified":"2019-11-04T13:31:11","modified_gmt":"2019-11-04T13:31:11","slug":"hang-107-20-perfurador-de-papel","status":"publish","type":"product","link":"https:\/\/www.3p-gmbh.de\/pt-br\/produkt\/hang-107-20-perfurador-de-papel\/","title":{"rendered":"Hang 107 &#8211; 20 M\u00e1quina de perfura\u00e7\u00e3o de papel"},"content":{"rendered":"<ul>\n<li>m\u00e1quina autom\u00e1tica de perfura\u00e7\u00e3o de papel multi-eixo<\/li>\n<li>com 2 cabe\u00e7as de perfura\u00e7\u00e3o<\/li>\n<li>Di\u00e2metro da broca 3 &#8211; 14 mm<\/li>\n<li>Gama de regula\u00e7\u00e3o dos fusos de perfura\u00e7\u00e3o de 36 &#8211; 420 mm<\/li>\n<li>Profundidade de trabalho muito grande 300 mm<\/li>\n<li>Fixa\u00e7\u00e3o r\u00e1pida dos perfuradores de papel<\/li>\n<li>Velocidade de perfura\u00e7\u00e3o infinitamente vari\u00e1vel<\/li>\n<li>Modo Jog para configurar a m\u00e1quina<\/li>\n<li>M\u00e1quina m\u00f3vel sobre rolos orient\u00e1veis<\/li>\n<li>Batentes laterais e de profundidade<\/li>\n<li>com motor trif\u00e1sico 380 V<\/li>\n<li>Acionado por pedal el\u00e9trico, circuito de invers\u00e3o<\/li>\n<li>opcionalmente com duas ou quatro cabe\u00e7as de perfura\u00e7\u00e3o<\/li>\n<\/ul>\n","protected":false},"excerpt":{"rendered":"<p>m\u00e1quina autom\u00e1tica de perfura\u00e7\u00e3o de papel multi-eixo com 2 cabe\u00e7as de perfura\u00e7\u00e3o Di\u00e2metro da broca 3 &#8211; 14 mm Gama de regula\u00e7\u00e3o dos fusos de perfura\u00e7\u00e3o de 36 &#8211; 420 mm Profundidade de trabalho muito grande 300 mm Fixa\u00e7\u00e3o r\u00e1pida dos perfuradores de papel Velocidade de perfura\u00e7\u00e3o infinitamente vari\u00e1vel Modo Jog para configurar a m\u00e1quina [&hellip;]<\/p>\n","protected":false},"featured_media":73401,"template":"","meta":[],"product_brand":[],"product_cat":[2958],"product_tag":[],"class_list":{"0":"post-90594","1":"product","2":"type-product","3":"status-publish","4":"has-post-thumbnail","6":"product_cat-brocas-de-papel","7":"pa_bezeichnung_typ-hang-107-20","8":"pa_hersteller-constantin-hang","10":"first","11":"instock","12":"taxable","13":"shipping-taxable","14":"purchasable","15":"product-type-simple"},"jetpack_sharing_enabled":true,"_links":{"self":[{"href":"https:\/\/www.3p-gmbh.de\/pt-br\/wp-json\/wp\/v2\/product\/90594","targetHints":{"allow":["GET"]}}],"collection":[{"href":"https:\/\/www.3p-gmbh.de\/pt-br\/wp-json\/wp\/v2\/product"}],"about":[{"href":"https:\/\/www.3p-gmbh.de\/pt-br\/wp-json\/wp\/v2\/types\/product"}],"wp:featuredmedia":[{"embeddable":true,"href":"https:\/\/www.3p-gmbh.de\/pt-br\/wp-json\/wp\/v2\/media\/73401"}],"wp:attachment":[{"href":"https:\/\/www.3p-gmbh.de\/pt-br\/wp-json\/wp\/v2\/media?parent=90594"}],"wp:term":[{"taxonomy":"product_brand","embeddable":true,"href":"https:\/\/www.3p-gmbh.de\/pt-br\/wp-json\/wp\/v2\/product_brand?post=90594"},{"taxonomy":"product_cat","embeddable":true,"href":"https:\/\/www.3p-gmbh.de\/pt-br\/wp-json\/wp\/v2\/product_cat?post=90594"},{"taxonomy":"product_tag","embeddable":true,"href":"https:\/\/www.3p-gmbh.de\/pt-br\/wp-json\/wp\/v2\/product_tag?post=90594"}],"curies":[{"name":"wp","href":"https:\/\/api.w.org\/{rel}","templated":true}]}}