{"id":90592,"date":"2019-11-04T13:51:28","date_gmt":"2019-11-04T13:51:28","guid":{"rendered":"https:\/\/www.3p-gmbh.de\/produkt\/maquina-de-colagem-de-transporte-com-pincas-popp-ztm-078\/"},"modified":"2019-11-04T13:51:28","modified_gmt":"2019-11-04T13:51:28","slug":"popp-ztm-078-gripper-transportadora-maquina-de-recolha","status":"publish","type":"product","link":"https:\/\/www.3p-gmbh.de\/pt-br\/produkt\/popp-ztm-078-gripper-transportadora-maquina-de-recolha\/","title":{"rendered":"M\u00e1quina de colagem de transporte com pin\u00e7as Popp ZTM 078"},"content":{"rendered":"<ul>\n<li>M\u00e1quina de recolha Popp tipo 078-20, n\u00famero de s\u00e9rie. 001<\/li>\n<li>3 Esta\u00e7\u00f5es de separa\u00e7\u00e3o Alimentador de fric\u00e7\u00e3o tipo MAX 063-00, n\u00famero de s\u00e9rie. 00810<\/li>\n<li>Largura de trabalho 300mm<\/li>\n<li>Largura da m\u00e1quina 450mm<\/li>\n<li>Produto mais pequeno C x L 60 x 60 mm x 80g\/m\u00b2<\/li>\n<li>Maior produto C x L x P 300 x 300 x 20 mm<\/li>\n<li>Peso 300 kg<\/li>\n<\/ul>\n<p>Fun\u00e7\u00e3o:<\/p>\n<ul>\n<li>Separa\u00e7\u00e3o de produtos planos com 0-20 mm de espessura<\/li>\n<li>Separa\u00e7\u00e3o por correias de aspira\u00e7\u00e3o com bordos abertos e fechados no sentido da marcha<\/li>\n<li>Pr\u00e9-requisito do produto necess\u00e1rio: O produto pode ser separado do resto da pilha empurrando o produto mais baixo<\/li>\n<\/ul>\n<p>Estrutura:<\/p>\n<ul>\n<li>Altura do carregador de empilhamento 200 mm<\/li>\n<li>Unidade de separa\u00e7\u00e3o, acelerador, controlo de folha dupla e arm\u00e1rio de controlo<\/li>\n<li>O kit de aspira\u00e7\u00e3o com 3 correias permite uma mudan\u00e7a r\u00e1pida para diferentes larguras de produto<\/li>\n<li>Regula\u00e7\u00e3o do v\u00e1cuo e comuta\u00e7\u00e3o individual<\/li>\n<li>Bomba de v\u00e1cuo com filtro<\/li>\n<li>Mini comporta para produtos a partir de 30 mm de largura ou comporta pendular para produtos a partir de 120 mm de largura<\/li>\n<li>Montagem em p\u00e9 C pesado<\/li>\n<li>Regula\u00e7\u00e3o el\u00e9ctrica da altura<\/li>\n<li>Extens\u00e3o de descarga com 300 mm de comprimento, opcionalmente tamb\u00e9m 150 mm e 450 mm poss\u00edveis<\/li>\n<\/ul>\n<p>Controlo:<\/p>\n<ul>\n<li>Painel de controlo e opera\u00e7\u00e3o com arranque\/paragem do motor, interrutor de paragem de emerg\u00eancia, chamada de ciclo \u00fanico<\/li>\n<li>Modos de funcionamento: funcionamento cont\u00ednuo e c\u00edclico, contador predefinido, controlo de folha dupla<\/li>\n<li>Interface de sinal para m\u00e1quinas de terceiros via Popp X 20<\/li>\n<li>Mudan\u00e7a de l\u00edngua para o ecr\u00e3 Alem\u00e3o-Ingl\u00eas<\/li>\n<\/ul>\n<p>Dados t\u00e9cnicos comuns:<\/p>\n<ul>\n<li>Acesso ao produto longitudinal<\/li>\n<li>Segurar o produto por cintos<\/li>\n<li>Espa\u00e7o necess\u00e1rio comprimento 2000mm<\/li>\n<li>Velocidade da correia 0-120 m\/min, produ\u00e7\u00e3o em funcionamento cont\u00ednuo com cart\u00f5es de pl\u00e1stico 1000 pe\u00e7as\/minuto<\/li>\n<li>Fonte de alimenta\u00e7\u00e3o 1,0 kW, 240 V, 50 Hz; poss\u00edvel convers\u00e3o para a norma americana<\/li>\n<\/ul>\n","protected":false},"excerpt":{"rendered":"<p>M\u00e1quina de recolha Popp tipo 078-20, n\u00famero de s\u00e9rie. 001 3 Esta\u00e7\u00f5es de separa\u00e7\u00e3o Alimentador de fric\u00e7\u00e3o tipo MAX 063-00, n\u00famero de s\u00e9rie. 00810 Largura de trabalho 300mm Largura da m\u00e1quina 450mm Produto mais pequeno C x L 60 x 60 mm x 80g\/m\u00b2 Maior produto C x L x P 300 x 300 x [&hellip;]<\/p>\n","protected":false},"featured_media":73434,"template":"","meta":[],"product_brand":[],"product_cat":[3043],"product_tag":[],"class_list":{"0":"post-90592","1":"product","2":"type-product","3":"status-publish","4":"has-post-thumbnail","6":"product_cat-maquinas-de-recolha","7":"pa_bezeichnung_typ-popp-ztm-078","8":"pa_hersteller-popp-maschinenbau","10":"first","11":"instock","12":"taxable","13":"shipping-taxable","14":"purchasable","15":"product-type-simple"},"jetpack_sharing_enabled":true,"_links":{"self":[{"href":"https:\/\/www.3p-gmbh.de\/pt-br\/wp-json\/wp\/v2\/product\/90592","targetHints":{"allow":["GET"]}}],"collection":[{"href":"https:\/\/www.3p-gmbh.de\/pt-br\/wp-json\/wp\/v2\/product"}],"about":[{"href":"https:\/\/www.3p-gmbh.de\/pt-br\/wp-json\/wp\/v2\/types\/product"}],"wp:featuredmedia":[{"embeddable":true,"href":"https:\/\/www.3p-gmbh.de\/pt-br\/wp-json\/wp\/v2\/media\/73434"}],"wp:attachment":[{"href":"https:\/\/www.3p-gmbh.de\/pt-br\/wp-json\/wp\/v2\/media?parent=90592"}],"wp:term":[{"taxonomy":"product_brand","embeddable":true,"href":"https:\/\/www.3p-gmbh.de\/pt-br\/wp-json\/wp\/v2\/product_brand?post=90592"},{"taxonomy":"product_cat","embeddable":true,"href":"https:\/\/www.3p-gmbh.de\/pt-br\/wp-json\/wp\/v2\/product_cat?post=90592"},{"taxonomy":"product_tag","embeddable":true,"href":"https:\/\/www.3p-gmbh.de\/pt-br\/wp-json\/wp\/v2\/product_tag?post=90592"}],"curies":[{"name":"wp","href":"https:\/\/api.w.org\/{rel}","templated":true}]}}