{"id":90591,"date":"2019-11-04T13:14:30","date_gmt":"2019-11-04T13:14:30","guid":{"rendered":"https:\/\/www.3p-gmbh.de\/produkt\/linha-de-corte-polar-115-xt-com-deslocador-automatico-ra-4-e-dois-elevadores-de-estacas-lw-1000-4-e-lw-1000-4-ev-e-escala-de-contagem-opcional\/"},"modified":"2019-11-04T13:14:30","modified_gmt":"2019-11-04T13:14:30","slug":"polar-115-xt-linha-de-neve","status":"publish","type":"product","link":"https:\/\/www.3p-gmbh.de\/pt-br\/produkt\/polar-115-xt-linha-de-neve\/","title":{"rendered":"Linha de corte Polar 115 XT com deslocador autom\u00e1tico RA-4 e dois elevadores de estacas LW 1000-4 e LW 1000-4-EV e escala de contagem opcional"},"content":{"rendered":"<p>O fluxo de trabalho:<br \/>\nO material a cortar \u00e9 levado a uma altura de trabalho \u00f3ptima do lado direito com um elevador de carga,<br \/>\nO operador coloca a quantidade exacta no jogger utilizando a escala de contagem opcional, onde \u00e9 jogger.<br \/>\ne depois transportada, atrav\u00e9s de um elemento da mesa de transfer\u00eancia, para a mesa frontal do cortador de alta velocidade.<br \/>\nDepois de cortado, colocado no elevador de descarga com aux\u00edlio de empilhamento.<\/p>\n<p>Elevador de empilhamento Polar LW 1000-4<br \/>\ndo ano. 2004<br \/>\nPlataforma 80x126mm<br \/>\nA eleva\u00e7\u00e3o autom\u00e1tica do material a cortar permite ao operador cortar da forma que lhe convier.<br \/>\naltura de trabalho ergonomicamente favor\u00e1vel, o material \u00e9 alimentado no sistema autom\u00e1tico ou diretamente na<br \/>\ncarregar a m\u00e1quina de corte.<br \/>\nO elevador de empilhamento tamb\u00e9m pode ser utilizado para empilhar material cortado e tem uma ajuda de empilhamento ajust\u00e1vel.<br \/>\nOs elevadores empilh\u00e1veis n\u00e3o t\u00eam de ser ancorados no solo, pelo que podem ser facilmente deslocados.<br \/>\nEst\u00e3o equipados com barreiras luminosas de reflexo continuamente ajust\u00e1veis para eleva\u00e7\u00e3o ou descida autom\u00e1tica.<\/p>\n<p>Correr autom\u00e1tico RA-4 com rolo espalhador pneum\u00e1tico<br \/>\ndo ano. 2004<br \/>\nAp\u00f3s a conclus\u00e3o do processo de jogging, o ar \u00e9 pressionado para fora da camada de corte.<br \/>\n\u00c9 poss\u00edvel espalhar 1 ou 2 vezes, sendo que a press\u00e3o do primeiro processo de espalhamento \u00e9 ajust\u00e1vel.<br \/>\ne, quando a mesa est\u00e1 inclinada, tamb\u00e9m &#8220;riscar no meio&#8221;.<\/p>\n<p>Tamanho da mesa 900x1150mm revestida a a\u00e7o inoxid\u00e1vel<br \/>\nAltura m\u00ednima da camada 30 mm<br \/>\nHomem da altura da camada. 165 mm<br \/>\nAltura da mesa 860 &#8211; 950 mm<br \/>\nNecessidade de ar comprimido a 6 &#8211; 8 bar aprox. 2L\/min<\/p>\n<p>M\u00e1quina de corte Polar 115 XT com opera\u00e7\u00e3o por toque direto<br \/>\ndo ano. 2004<br \/>\n&#8211; cantos de ar de transfer\u00eancia niquelados<br \/>\n&#8211; mesa de ar niquelada<br \/>\n&#8211; duas mesas de apoio Resopal 100&#215;100<br \/>\nComprimento de corte 1150 mm<br \/>\nAltura de inser\u00e7\u00e3o m\u00e1x. 165 mm<br \/>\n2 facas<\/p>\n<p>Elevador de descarga com dispositivo de empilhamento Polar Mohr Elevador de empilhamento LW 1000-4-EV<br \/>\nAno de fabrico 2004<br \/>\nPlataforma 80x126mm<\/p>\n<p>A eleva\u00e7\u00e3o autom\u00e1tica do material a cortar permite ao operador cortar da forma que lhe convier.<br \/>\naltura de trabalho ergonomicamente favor\u00e1vel, o material \u00e9 alimentado no sistema autom\u00e1tico ou diretamente na<br \/>\ncarregar a m\u00e1quina de corte.<br \/>\nO elevador de empilhamento tamb\u00e9m pode ser utilizado para empilhar material cortado e tem uma ajuda de empilhamento ajust\u00e1vel.<br \/>\nOs elevadores empilh\u00e1veis n\u00e3o t\u00eam de ser ancorados no solo, pelo que podem ser facilmente deslocados.<br \/>\nEst\u00e3o equipados com barreiras luminosas de reflexo continuamente ajust\u00e1veis para eleva\u00e7\u00e3o ou descida autom\u00e1tica.<\/p>\n<p>Dispositivo de empilhamento &#8211; A r\u00e9gua de alinhamento lateral e a parede traseira facilitam a precis\u00e3o dos bordos,<br \/>\nReempilhamento manual do material a cortar ap\u00f3s o corte<\/p>\n","protected":false},"excerpt":{"rendered":"<p>O fluxo de trabalho: O material a cortar \u00e9 levado a uma altura de trabalho \u00f3ptima do lado direito com um elevador de carga, O operador coloca a quantidade exacta no jogger utilizando a escala de contagem opcional, onde \u00e9 jogger. e depois transportada, atrav\u00e9s de um elemento da mesa de transfer\u00eancia, para a mesa [&hellip;]<\/p>\n","protected":false},"featured_media":77388,"template":"","meta":[],"product_brand":[],"product_cat":[3017],"product_tag":[],"class_list":{"0":"post-90591","1":"product","2":"type-product","3":"status-publish","4":"has-post-thumbnail","6":"product_cat-maquinas-de-corte","7":"pa_bezeichnung_typ-schneidelinie-polar-115-xt","8":"pa_hersteller-polar-mohr","10":"first","11":"instock","12":"taxable","13":"shipping-taxable","14":"purchasable","15":"product-type-simple"},"jetpack_sharing_enabled":true,"_links":{"self":[{"href":"https:\/\/www.3p-gmbh.de\/pt-br\/wp-json\/wp\/v2\/product\/90591","targetHints":{"allow":["GET"]}}],"collection":[{"href":"https:\/\/www.3p-gmbh.de\/pt-br\/wp-json\/wp\/v2\/product"}],"about":[{"href":"https:\/\/www.3p-gmbh.de\/pt-br\/wp-json\/wp\/v2\/types\/product"}],"wp:featuredmedia":[{"embeddable":true,"href":"https:\/\/www.3p-gmbh.de\/pt-br\/wp-json\/wp\/v2\/media\/77388"}],"wp:attachment":[{"href":"https:\/\/www.3p-gmbh.de\/pt-br\/wp-json\/wp\/v2\/media?parent=90591"}],"wp:term":[{"taxonomy":"product_brand","embeddable":true,"href":"https:\/\/www.3p-gmbh.de\/pt-br\/wp-json\/wp\/v2\/product_brand?post=90591"},{"taxonomy":"product_cat","embeddable":true,"href":"https:\/\/www.3p-gmbh.de\/pt-br\/wp-json\/wp\/v2\/product_cat?post=90591"},{"taxonomy":"product_tag","embeddable":true,"href":"https:\/\/www.3p-gmbh.de\/pt-br\/wp-json\/wp\/v2\/product_tag?post=90591"}],"curies":[{"name":"wp","href":"https:\/\/api.w.org\/{rel}","templated":true}]}}