{"id":90578,"date":"2019-11-04T13:40:31","date_gmt":"2019-11-04T13:40:31","guid":{"rendered":"https:\/\/www.3p-gmbh.de\/produkt\/unidades-de-numeracao-tipografica-leibinger\/"},"modified":"2019-11-04T13:40:31","modified_gmt":"2019-11-04T13:40:31","slug":"leibinger-buchdruck-numerierwerke","status":"publish","type":"product","link":"https:\/\/www.3p-gmbh.de\/pt-br\/produkt\/leibinger-buchdruck-numerierwerke\/","title":{"rendered":"Unidades de numera\u00e7\u00e3o tipogr\u00e1fica Leibinger"},"content":{"rendered":"<ul>\n<li>Vers\u00e3o totalmente em a\u00e7o<\/li>\n<li>4&#215;8 cicero<\/li>\n<li>Altura do d\u00edgito de 6 d\u00edgitos 4 mm<\/li>\n<li>Estrela do sinal do \u00eambolo<\/li>\n<li>Contagem decrescente<\/li>\n<li>limpos num banho de ultra-sons<\/li>\n<\/ul>\n<p>Outras vers\u00f5es dispon\u00edveis a pedido.<\/p>\n","protected":false},"excerpt":{"rendered":"<p>Vers\u00e3o totalmente em a\u00e7o 4&#215;8 cicero Altura do d\u00edgito de 6 d\u00edgitos 4 mm Estrela do sinal do \u00eambolo Contagem decrescente limpos num banho de ultra-sons Outras vers\u00f5es dispon\u00edveis a pedido.<\/p>\n","protected":false},"featured_media":73419,"template":"","meta":[],"product_brand":[],"product_cat":[2883],"product_tag":[],"class_list":{"0":"post-90578","1":"product","2":"type-product","3":"status-publish","4":"has-post-thumbnail","6":"product_cat-impressao-tipografica","7":"pa_bezeichnung_typ-buchdruck-numerierwerke","8":"pa_hersteller-leibinger","10":"first","11":"instock","12":"taxable","13":"shipping-taxable","14":"purchasable","15":"product-type-simple"},"jetpack_sharing_enabled":true,"_links":{"self":[{"href":"https:\/\/www.3p-gmbh.de\/pt-br\/wp-json\/wp\/v2\/product\/90578","targetHints":{"allow":["GET"]}}],"collection":[{"href":"https:\/\/www.3p-gmbh.de\/pt-br\/wp-json\/wp\/v2\/product"}],"about":[{"href":"https:\/\/www.3p-gmbh.de\/pt-br\/wp-json\/wp\/v2\/types\/product"}],"wp:featuredmedia":[{"embeddable":true,"href":"https:\/\/www.3p-gmbh.de\/pt-br\/wp-json\/wp\/v2\/media\/73419"}],"wp:attachment":[{"href":"https:\/\/www.3p-gmbh.de\/pt-br\/wp-json\/wp\/v2\/media?parent=90578"}],"wp:term":[{"taxonomy":"product_brand","embeddable":true,"href":"https:\/\/www.3p-gmbh.de\/pt-br\/wp-json\/wp\/v2\/product_brand?post=90578"},{"taxonomy":"product_cat","embeddable":true,"href":"https:\/\/www.3p-gmbh.de\/pt-br\/wp-json\/wp\/v2\/product_cat?post=90578"},{"taxonomy":"product_tag","embeddable":true,"href":"https:\/\/www.3p-gmbh.de\/pt-br\/wp-json\/wp\/v2\/product_tag?post=90578"}],"curies":[{"name":"wp","href":"https:\/\/api.w.org\/{rel}","templated":true}]}}