{"id":90567,"date":"2019-11-04T14:14:57","date_gmt":"2019-11-04T14:14:57","guid":{"rendered":"https:\/\/www.3p-gmbh.de\/produkt\/armario-para-substancias-perigosas-genios-armario-de-seguranca-armario-de-protecao-contra-incendios-armario-de-laboratorio\/"},"modified":"2019-11-04T14:14:57","modified_gmt":"2019-11-04T14:14:57","slug":"genios-hazardous-substances-cabinet-safety-cabinet-fire-protection-cabinet-lab-cabinet","status":"publish","type":"product","link":"https:\/\/www.3p-gmbh.de\/pt-br\/produkt\/genios-hazardous-substances-cabinet-safety-cabinet-fire-protection-cabinet-lab-cabinet\/","title":{"rendered":"Arm\u00e1rio para subst\u00e2ncias perigosas Genios \/ arm\u00e1rio de seguran\u00e7a \/ arm\u00e1rio de prote\u00e7\u00e3o contra inc\u00eandios \/ arm\u00e1rio de laborat\u00f3rio"},"content":{"rendered":"<p>para a armazenagem de l\u00edquidos inflam\u00e1veis<\/p>\n<p>Aprovado para o armazenamento de l\u00edquidos inflam\u00e1veis no local de trabalho<br \/>\nde acordo com a norma EN 14470-1 (tipo 90) e TRGS 510, anexo 3<br \/>\n&#8211; Constru\u00e7\u00e3o global testada e aprovada por um instituto de testes de materiais reconhecido, em conformidade com a norma EN 14470-1 (tipo 90), com uma resist\u00eancia ao fogo de &gt; 90 minutos<br \/>\n&#8211; Seguran\u00e7a testada pela GS<br \/>\n&#8211; Isolamento de acordo com a norma DIN 4102<\/p>\n<p>&#8211; Chapa de a\u00e7o da carca\u00e7a exterior, revestimento a p\u00f3 em RAL 7035 &#8211; cinzento claro<br \/>\n&#8211; 2 portas com dobradi\u00e7as em RAL 1007 &#8211; amarelo narciso<br \/>\n&#8211; Carca\u00e7a interior de pain\u00e9is revestidos a HPL &#8211; RAL 7035<br \/>\n&#8211; Calha inferior em a\u00e7o inoxid\u00e1vel &#8211; Niro Raute<br \/>\n&#8211; Altura das prateleiras regul\u00e1vel em incrementos de 64 mm<\/p>\n<p>Au\u00dfenma\u00dfe(BxTxH):1190x598x1935mm -753,00<br \/>\nInnenma\u00dfe(BxTxH):1087x430x1700mm<br \/>\nPeso: aprox. 505 kg<\/p>\n<p>Mobili\u00e1rio de interior, constitu\u00eddo por:<br \/>\n1 x tabuleiro inferior (volume de recolha 33 litros), de acordo com WHG &#8211; \u00dc-sign de acordo com StawaR<br \/>\n1 x tampa de placa perfurada como 1\u00ba n\u00edvel de arruma\u00e7\u00e3o<br \/>\n3 x prateleira<br \/>\n&#8211; dispositivo de seguran\u00e7a de portas<br \/>\n&#8211; Em caso de inc\u00eandio, fecho autom\u00e1tico por termomec\u00e2nica<br \/>\n&#8211; portas quando a temperatura subir para &lt; 50 \u00b0C e<br \/>\n&#8211; Condutas de ar de alimenta\u00e7\u00e3o e de exaust\u00e3o quando a temperatura sobe para 70 \u00b0C<br \/>\n&#8211; Liga\u00e7\u00e3o de ventila\u00e7\u00e3o atrav\u00e9s de uma tomada de tubo DN 80<br \/>\n&#8211; Opera\u00e7\u00e3o acc. TRGS 510, anexo 3 (tamb\u00e9m homologado sem ar de exaust\u00e3o!)<br \/>\n&#8211; Liga\u00e7\u00e3o \u00e0 terra de acordo com a norma TRBS 2153 (evitar fontes de igni\u00e7\u00e3o)<br \/>\n&#8211; Rotulagem de acordo com EN 14470-1 \/ TRGS 510, Anexo 3 \/ ISO 3864 \/ ASR A1.3<br \/>\n&#8211; Portas com fechadura de cilindro<\/p>\n","protected":false},"excerpt":{"rendered":"<p>para a armazenagem de l\u00edquidos inflam\u00e1veis Aprovado para o armazenamento de l\u00edquidos inflam\u00e1veis no local de trabalho de acordo com a norma EN 14470-1 (tipo 90) e TRGS 510, anexo 3 &#8211; Constru\u00e7\u00e3o global testada e aprovada por um instituto de testes de materiais reconhecido, em conformidade com a norma EN 14470-1 (tipo 90), com [&hellip;]<\/p>\n","protected":false},"featured_media":73491,"template":"","meta":[],"product_brand":[],"product_cat":[2923],"product_tag":[],"class_list":{"0":"post-90567","1":"product","2":"type-product","3":"status-publish","4":"has-post-thumbnail","6":"product_cat-tecnologia-de-armazenamento","7":"pa_hersteller-genios","9":"first","10":"instock","11":"taxable","12":"shipping-taxable","13":"purchasable","14":"product-type-simple"},"jetpack_sharing_enabled":true,"_links":{"self":[{"href":"https:\/\/www.3p-gmbh.de\/pt-br\/wp-json\/wp\/v2\/product\/90567","targetHints":{"allow":["GET"]}}],"collection":[{"href":"https:\/\/www.3p-gmbh.de\/pt-br\/wp-json\/wp\/v2\/product"}],"about":[{"href":"https:\/\/www.3p-gmbh.de\/pt-br\/wp-json\/wp\/v2\/types\/product"}],"wp:featuredmedia":[{"embeddable":true,"href":"https:\/\/www.3p-gmbh.de\/pt-br\/wp-json\/wp\/v2\/media\/73491"}],"wp:attachment":[{"href":"https:\/\/www.3p-gmbh.de\/pt-br\/wp-json\/wp\/v2\/media?parent=90567"}],"wp:term":[{"taxonomy":"product_brand","embeddable":true,"href":"https:\/\/www.3p-gmbh.de\/pt-br\/wp-json\/wp\/v2\/product_brand?post=90567"},{"taxonomy":"product_cat","embeddable":true,"href":"https:\/\/www.3p-gmbh.de\/pt-br\/wp-json\/wp\/v2\/product_cat?post=90567"},{"taxonomy":"product_tag","embeddable":true,"href":"https:\/\/www.3p-gmbh.de\/pt-br\/wp-json\/wp\/v2\/product_tag?post=90567"}],"curies":[{"name":"wp","href":"https:\/\/api.w.org\/{rel}","templated":true}]}}