{"id":90565,"date":"2019-11-04T15:15:00","date_gmt":"2019-11-04T15:15:00","guid":{"rendered":"https:\/\/www.3p-gmbh.de\/produkt\/maquina-de-impressao-serigrafica-alfraplan-100x140-da-thieme\/"},"modified":"2019-11-04T15:15:00","modified_gmt":"2019-11-04T15:15:00","slug":"maquina-de-impressao-serigrafica-de-tieme-alfraplan-100x140","status":"publish","type":"product","link":"https:\/\/www.3p-gmbh.de\/pt-br\/produkt\/maquina-de-impressao-serigrafica-de-tieme-alfraplan-100x140\/","title":{"rendered":"M\u00e1quina de impress\u00e3o serigr\u00e1fica AlfraPlan 100&#215;140 da Thieme"},"content":{"rendered":"","protected":false},"excerpt":{"rendered":"","protected":false},"featured_media":73569,"template":"","meta":[],"product_brand":[],"product_cat":[3085],"product_tag":[],"class_list":{"0":"post-90565","1":"product","2":"type-product","3":"status-publish","4":"has-post-thumbnail","6":"product_cat-serigrafia-flexografia-e-rotogravura","7":"pa_hersteller-thieme","8":"pa_typ-alfraplan-100x140","10":"first","11":"instock","12":"taxable","13":"shipping-taxable","14":"purchasable","15":"product-type-simple"},"jetpack_sharing_enabled":true,"_links":{"self":[{"href":"https:\/\/www.3p-gmbh.de\/pt-br\/wp-json\/wp\/v2\/product\/90565","targetHints":{"allow":["GET"]}}],"collection":[{"href":"https:\/\/www.3p-gmbh.de\/pt-br\/wp-json\/wp\/v2\/product"}],"about":[{"href":"https:\/\/www.3p-gmbh.de\/pt-br\/wp-json\/wp\/v2\/types\/product"}],"wp:featuredmedia":[{"embeddable":true,"href":"https:\/\/www.3p-gmbh.de\/pt-br\/wp-json\/wp\/v2\/media\/73569"}],"wp:attachment":[{"href":"https:\/\/www.3p-gmbh.de\/pt-br\/wp-json\/wp\/v2\/media?parent=90565"}],"wp:term":[{"taxonomy":"product_brand","embeddable":true,"href":"https:\/\/www.3p-gmbh.de\/pt-br\/wp-json\/wp\/v2\/product_brand?post=90565"},{"taxonomy":"product_cat","embeddable":true,"href":"https:\/\/www.3p-gmbh.de\/pt-br\/wp-json\/wp\/v2\/product_cat?post=90565"},{"taxonomy":"product_tag","embeddable":true,"href":"https:\/\/www.3p-gmbh.de\/pt-br\/wp-json\/wp\/v2\/product_tag?post=90565"}],"curies":[{"name":"wp","href":"https:\/\/api.w.org\/{rel}","templated":true}]}}