{"id":90560,"date":"2019-11-04T15:00:41","date_gmt":"2019-11-04T15:00:41","guid":{"rendered":"https:\/\/www.3p-gmbh.de\/produkt\/maquina-de-recolha-de-folhas-soltas-com-alimentador-de-vacuo-horizon-ac-6000-s-cf-20-com-alimentador-de-tampas\/"},"modified":"2019-11-04T15:00:41","modified_gmt":"2019-11-04T15:00:41","slug":"horizon-single-blade-suction-air-feeder-combiner-ac-6000-s-cf-20-with-turn-over-feeder","status":"publish","type":"product","link":"https:\/\/www.3p-gmbh.de\/pt-br\/produkt\/horizon-single-blade-suction-air-feeder-combiner-ac-6000-s-cf-20-with-turn-over-feeder\/","title":{"rendered":"M\u00e1quina de recolha de folhas soltas com alimentador de v\u00e1cuo HORIZON AC-6000 S CF-20 com alimentador de tampas"},"content":{"rendered":"<p>6 esta\u00e7\u00f5es e cais de transbordo suplementar CF-20<br \/>\nA alimenta\u00e7\u00e3o de papel atrav\u00e9s do princ\u00edpio de aspira\u00e7\u00e3o de ar garante um processamento fi\u00e1vel mesmo com pap\u00e9is muito cr\u00edticos<br \/>\nTamanhos de papel de A5 a A3<br \/>\nGramagens de aprox. 50 -260 g\/m2<br \/>\nControlo de folha dupla<br \/>\nfuncionamento simples<br \/>\nEspa\u00e7o m\u00ednimo necess\u00e1rio<br \/>\nincl. Bomba DV<br \/>\nEcr\u00e3 (esquerda)<\/p>\n","protected":false},"excerpt":{"rendered":"<p>6 esta\u00e7\u00f5es e cais de transbordo suplementar CF-20 A alimenta\u00e7\u00e3o de papel atrav\u00e9s do princ\u00edpio de aspira\u00e7\u00e3o de ar garante um processamento fi\u00e1vel mesmo com pap\u00e9is muito cr\u00edticos Tamanhos de papel de A5 a A3 Gramagens de aprox. 50 -260 g\/m2 Controlo de folha dupla funcionamento simples Espa\u00e7o m\u00ednimo necess\u00e1rio incl. Bomba DV Ecr\u00e3 (esquerda)<\/p>\n","protected":false},"featured_media":73539,"template":"","meta":[],"product_brand":[],"product_cat":[3043],"product_tag":[],"class_list":{"0":"post-90560","1":"product","2":"type-product","3":"status-publish","4":"has-post-thumbnail","6":"product_cat-maquinas-de-recolha","7":"pa_hersteller-horizon","8":"pa_typ-ac-6000-s-cf-20","10":"first","11":"instock","12":"taxable","13":"shipping-taxable","14":"purchasable","15":"product-type-simple"},"jetpack_sharing_enabled":true,"_links":{"self":[{"href":"https:\/\/www.3p-gmbh.de\/pt-br\/wp-json\/wp\/v2\/product\/90560","targetHints":{"allow":["GET"]}}],"collection":[{"href":"https:\/\/www.3p-gmbh.de\/pt-br\/wp-json\/wp\/v2\/product"}],"about":[{"href":"https:\/\/www.3p-gmbh.de\/pt-br\/wp-json\/wp\/v2\/types\/product"}],"wp:featuredmedia":[{"embeddable":true,"href":"https:\/\/www.3p-gmbh.de\/pt-br\/wp-json\/wp\/v2\/media\/73539"}],"wp:attachment":[{"href":"https:\/\/www.3p-gmbh.de\/pt-br\/wp-json\/wp\/v2\/media?parent=90560"}],"wp:term":[{"taxonomy":"product_brand","embeddable":true,"href":"https:\/\/www.3p-gmbh.de\/pt-br\/wp-json\/wp\/v2\/product_brand?post=90560"},{"taxonomy":"product_cat","embeddable":true,"href":"https:\/\/www.3p-gmbh.de\/pt-br\/wp-json\/wp\/v2\/product_cat?post=90560"},{"taxonomy":"product_tag","embeddable":true,"href":"https:\/\/www.3p-gmbh.de\/pt-br\/wp-json\/wp\/v2\/product_tag?post=90560"}],"curies":[{"name":"wp","href":"https:\/\/api.w.org\/{rel}","templated":true}]}}