{"id":90551,"date":"2019-11-04T14:27:03","date_gmt":"2019-11-04T14:27:03","guid":{"rendered":"https:\/\/www.3p-gmbh.de\/produkt\/armario-para-substancias-perigosas-dueperthal-armario-de-seguranca-armario-de-protecao-contra-incendios-armario-de-laboratorio\/"},"modified":"2019-11-04T14:27:03","modified_gmt":"2019-11-04T14:27:03","slug":"dueperthal-hazardous-substances-cabinet-safety-cabinet-fire-protection-cabinet-lab-cabinet","status":"publish","type":"product","link":"https:\/\/www.3p-gmbh.de\/pt-br\/produkt\/dueperthal-hazardous-substances-cabinet-safety-cabinet-fire-protection-cabinet-lab-cabinet\/","title":{"rendered":"Arm\u00e1rio para subst\u00e2ncias perigosas D\u00fcperthal \/ arm\u00e1rio de seguran\u00e7a \/ arm\u00e1rio de prote\u00e7\u00e3o contra inc\u00eandios \/ arm\u00e1rio de laborat\u00f3rio"},"content":{"rendered":"<p>para a armazenagem de l\u00edquidos inflam\u00e1veis<\/p>\n<p>Aprovado para o armazenamento de l\u00edquidos inflam\u00e1veis no local de trabalho<br \/>\nConstru\u00e7\u00e3o global testada e aprovada por um instituto de ensaio de materiais reconhecido, em conformidade com a norma EN 14470-1 (tipo 90), com uma resist\u00eancia ao fogo de &gt; 90 minutos<\/p>\n<p>&#8211; Chapa de a\u00e7o da carca\u00e7a exterior<br \/>\n&#8211; 2 portas com dobradi\u00e7as<br \/>\n&#8211; Carca\u00e7a interior de pain\u00e9is revestidos a HPL &#8211; RAL 7035<br \/>\n&#8211; Calha inferior em a\u00e7o inoxid\u00e1vel &#8211; Niro Raute<br \/>\n&#8211; 2 prateleiras regul\u00e1veis em altura na grelha<br \/>\n&#8211; Portas com fechadura de cilindro<\/p>\n","protected":false},"excerpt":{"rendered":"<p>para a armazenagem de l\u00edquidos inflam\u00e1veis Aprovado para o armazenamento de l\u00edquidos inflam\u00e1veis no local de trabalho Constru\u00e7\u00e3o global testada e aprovada por um instituto de ensaio de materiais reconhecido, em conformidade com a norma EN 14470-1 (tipo 90), com uma resist\u00eancia ao fogo de &gt; 90 minutos &#8211; Chapa de a\u00e7o da carca\u00e7a exterior [&hellip;]<\/p>\n","protected":false},"featured_media":73500,"template":"","meta":[],"product_brand":[],"product_cat":[2923],"product_tag":[],"class_list":{"0":"post-90551","1":"product","2":"type-product","3":"status-publish","4":"has-post-thumbnail","6":"product_cat-tecnologia-de-armazenamento","7":"pa_hersteller-dueperthal","9":"first","10":"instock","11":"taxable","12":"shipping-taxable","13":"purchasable","14":"product-type-simple"},"jetpack_sharing_enabled":true,"_links":{"self":[{"href":"https:\/\/www.3p-gmbh.de\/pt-br\/wp-json\/wp\/v2\/product\/90551","targetHints":{"allow":["GET"]}}],"collection":[{"href":"https:\/\/www.3p-gmbh.de\/pt-br\/wp-json\/wp\/v2\/product"}],"about":[{"href":"https:\/\/www.3p-gmbh.de\/pt-br\/wp-json\/wp\/v2\/types\/product"}],"wp:featuredmedia":[{"embeddable":true,"href":"https:\/\/www.3p-gmbh.de\/pt-br\/wp-json\/wp\/v2\/media\/73500"}],"wp:attachment":[{"href":"https:\/\/www.3p-gmbh.de\/pt-br\/wp-json\/wp\/v2\/media?parent=90551"}],"wp:term":[{"taxonomy":"product_brand","embeddable":true,"href":"https:\/\/www.3p-gmbh.de\/pt-br\/wp-json\/wp\/v2\/product_brand?post=90551"},{"taxonomy":"product_cat","embeddable":true,"href":"https:\/\/www.3p-gmbh.de\/pt-br\/wp-json\/wp\/v2\/product_cat?post=90551"},{"taxonomy":"product_tag","embeddable":true,"href":"https:\/\/www.3p-gmbh.de\/pt-br\/wp-json\/wp\/v2\/product_tag?post=90551"}],"curies":[{"name":"wp","href":"https:\/\/api.w.org\/{rel}","templated":true}]}}