{"id":90546,"date":"2019-11-04T16:53:39","date_gmt":"2019-11-04T16:53:39","guid":{"rendered":"https:\/\/www.3p-gmbh.de\/produkt\/maquina-de-dobrar-grafipli-3810-s\/"},"modified":"2019-11-04T16:53:39","modified_gmt":"2019-11-04T16:53:39","slug":"maquina-de-dobrar-grafipli-3810-s","status":"publish","type":"product","link":"https:\/\/www.3p-gmbh.de\/pt-br\/produkt\/maquina-de-dobrar-grafipli-3810-s\/","title":{"rendered":"M\u00e1quina de dobrar Grafipli 3810 S"},"content":{"rendered":"<p>Formatos at\u00e9 DIN A3 sobredimensionado<br \/>\n2 bolsos<br \/>\nAlimentador de aspira\u00e7\u00e3o<br \/>\nIsolamento ac\u00fastico<br \/>\nEcr\u00e3 de fita<br \/>\nArm\u00e1rio inferior com compressor<br \/>\npara gramagens de papel de 40 a 250 g\/m\u00b2<\/p>\n","protected":false},"excerpt":{"rendered":"<p>Formatos at\u00e9 DIN A3 sobredimensionado 2 bolsos Alimentador de aspira\u00e7\u00e3o Isolamento ac\u00fastico Ecr\u00e3 de fita Arm\u00e1rio inferior com compressor para gramagens de papel de 40 a 250 g\/m\u00b2<\/p>\n","protected":false},"featured_media":74253,"template":"","meta":[],"product_brand":[],"product_cat":[2979],"product_tag":[],"class_list":{"0":"post-90546","1":"product","2":"type-product","3":"status-publish","4":"has-post-thumbnail","6":"product_cat-maquinas-de-dobrar","7":"pa_hersteller-grafipli","8":"pa_typ-3810-s","10":"first","11":"instock","12":"taxable","13":"shipping-taxable","14":"purchasable","15":"product-type-simple"},"jetpack_sharing_enabled":true,"_links":{"self":[{"href":"https:\/\/www.3p-gmbh.de\/pt-br\/wp-json\/wp\/v2\/product\/90546","targetHints":{"allow":["GET"]}}],"collection":[{"href":"https:\/\/www.3p-gmbh.de\/pt-br\/wp-json\/wp\/v2\/product"}],"about":[{"href":"https:\/\/www.3p-gmbh.de\/pt-br\/wp-json\/wp\/v2\/types\/product"}],"wp:featuredmedia":[{"embeddable":true,"href":"https:\/\/www.3p-gmbh.de\/pt-br\/wp-json\/wp\/v2\/media\/74253"}],"wp:attachment":[{"href":"https:\/\/www.3p-gmbh.de\/pt-br\/wp-json\/wp\/v2\/media?parent=90546"}],"wp:term":[{"taxonomy":"product_brand","embeddable":true,"href":"https:\/\/www.3p-gmbh.de\/pt-br\/wp-json\/wp\/v2\/product_brand?post=90546"},{"taxonomy":"product_cat","embeddable":true,"href":"https:\/\/www.3p-gmbh.de\/pt-br\/wp-json\/wp\/v2\/product_cat?post=90546"},{"taxonomy":"product_tag","embeddable":true,"href":"https:\/\/www.3p-gmbh.de\/pt-br\/wp-json\/wp\/v2\/product_tag?post=90546"}],"curies":[{"name":"wp","href":"https:\/\/api.w.org\/{rel}","templated":true}]}}