{"id":90542,"date":"2019-11-04T16:57:38","date_gmt":"2019-11-04T16:57:38","guid":{"rendered":"https:\/\/www.3p-gmbh.de\/produkt\/eurofold-245-235-maquina-de-dobrar-chapa-com-fivela-2x2-com-entrega-longa-motorizada\/"},"modified":"2019-11-04T16:57:38","modified_gmt":"2019-11-04T16:57:38","slug":"2-x-2-bolsas-dobraveis-maquina-eurofold-245-235-longa-motorizada-entrega","status":"publish","type":"product","link":"https:\/\/www.3p-gmbh.de\/pt-br\/produkt\/2-x-2-bolsas-dobraveis-maquina-eurofold-245-235-longa-motorizada-entrega\/","title":{"rendered":"Eurofold 245-235 M\u00e1quina de dobrar chapa com fivela 2&#215;2 com entrega longa motorizada"},"content":{"rendered":"<p>M\u00e1quina composta por:<\/p>\n<p>-Aspirador de ch\u00e3o com aspira\u00e7\u00e3o\/explos\u00e3o de ar<br \/>\n-Falzagregado 245 com 2 bolsos dobr\u00e1veis 65cm<br \/>\n-Contador predefinido<br \/>\n-visualiza\u00e7\u00e3o do galp\u00e3o<br \/>\n-bomba de v\u00e1cuo<\/p>\n<p>Tamanho do papel: 90 x 120 mm (m\u00edn.)<br \/>\nTamanho do papel: 50 x 650 mm (A2)<br \/>\nGramagem: 40 &#8211; 240 g\/m\u00b2<br \/>\nVelocidade: At\u00e9 30.000 folhas\/hora<br \/>\nComprimento da dobra: 20 mm (m\u00edn.)<br \/>\nComprimento de dobragem: 425 mm (m\u00e1x.)<br \/>\nLiga\u00e7\u00e3o 220 \/ 240V Frequ\u00eancia: 50HZ<br \/>\nProte\u00e7\u00e3o por fus\u00edvel: m\u00e1x. 16 Amp.<\/p>\n","protected":false},"excerpt":{"rendered":"<p>M\u00e1quina composta por: -Aspirador de ch\u00e3o com aspira\u00e7\u00e3o\/explos\u00e3o de ar -Falzagregado 245 com 2 bolsos dobr\u00e1veis 65cm -Contador predefinido -visualiza\u00e7\u00e3o do galp\u00e3o -bomba de v\u00e1cuo Tamanho do papel: 90 x 120 mm (m\u00edn.) Tamanho do papel: 50 x 650 mm (A2) Gramagem: 40 &#8211; 240 g\/m\u00b2 Velocidade: At\u00e9 30.000 folhas\/hora Comprimento da dobra: 20 mm [&hellip;]<\/p>\n","protected":false},"featured_media":73653,"template":"","meta":[],"product_brand":[],"product_cat":[2979],"product_tag":[],"class_list":{"0":"post-90542","1":"product","2":"type-product","3":"status-publish","4":"has-post-thumbnail","6":"product_cat-maquinas-de-dobrar","7":"pa_hersteller-eurofold","8":"pa_typ-245-235","10":"first","11":"instock","12":"taxable","13":"shipping-taxable","14":"purchasable","15":"product-type-simple"},"jetpack_sharing_enabled":true,"_links":{"self":[{"href":"https:\/\/www.3p-gmbh.de\/pt-br\/wp-json\/wp\/v2\/product\/90542","targetHints":{"allow":["GET"]}}],"collection":[{"href":"https:\/\/www.3p-gmbh.de\/pt-br\/wp-json\/wp\/v2\/product"}],"about":[{"href":"https:\/\/www.3p-gmbh.de\/pt-br\/wp-json\/wp\/v2\/types\/product"}],"wp:featuredmedia":[{"embeddable":true,"href":"https:\/\/www.3p-gmbh.de\/pt-br\/wp-json\/wp\/v2\/media\/73653"}],"wp:attachment":[{"href":"https:\/\/www.3p-gmbh.de\/pt-br\/wp-json\/wp\/v2\/media?parent=90542"}],"wp:term":[{"taxonomy":"product_brand","embeddable":true,"href":"https:\/\/www.3p-gmbh.de\/pt-br\/wp-json\/wp\/v2\/product_brand?post=90542"},{"taxonomy":"product_cat","embeddable":true,"href":"https:\/\/www.3p-gmbh.de\/pt-br\/wp-json\/wp\/v2\/product_cat?post=90542"},{"taxonomy":"product_tag","embeddable":true,"href":"https:\/\/www.3p-gmbh.de\/pt-br\/wp-json\/wp\/v2\/product_tag?post=90542"}],"curies":[{"name":"wp","href":"https:\/\/api.w.org\/{rel}","templated":true}]}}