{"id":90518,"date":"2019-11-05T10:02:33","date_gmt":"2019-11-05T10:02:33","guid":{"rendered":"https:\/\/www.3p-gmbh.de\/produkt\/maquina-de-dobragem-planax-copy-binder-2\/"},"modified":"2019-11-05T10:02:33","modified_gmt":"2019-11-05T10:02:33","slug":"planax-copy-binder-2-faelzelgeraet","status":"publish","type":"product","link":"https:\/\/www.3p-gmbh.de\/pt-br\/produkt\/planax-copy-binder-2-faelzelgeraet\/","title":{"rendered":"M\u00e1quina de dobragem Planax Copy Binder 2"},"content":{"rendered":"<ul>\n<li>Design compacto e f\u00e1cil manuseamento<\/li>\n<li>Encaderna\u00e7\u00f5es de 5 a 330 folhas (sem capa e folhas de rosto)<\/li>\n<li>Processamento r\u00e1pido, preciso e limpo<\/li>\n<li>Lombada exacta para um aspeto profissional<\/li>\n<li>Comportamento de impacto \u00f3timo para um conforto de leitura agrad\u00e1vel<\/li>\n<li>Elevada durabilidade e resist\u00eancia da encaderna\u00e7\u00e3o<\/li>\n<\/ul>\n","protected":false},"excerpt":{"rendered":"<p>Design compacto e f\u00e1cil manuseamento Encaderna\u00e7\u00f5es de 5 a 330 folhas (sem capa e folhas de rosto) Processamento r\u00e1pido, preciso e limpo Lombada exacta para um aspeto profissional Comportamento de impacto \u00f3timo para um conforto de leitura agrad\u00e1vel Elevada durabilidade e resist\u00eancia da encaderna\u00e7\u00e3o<\/p>\n","protected":false},"featured_media":73749,"template":"","meta":[],"product_brand":[],"product_cat":[2892],"product_tag":[],"class_list":{"0":"post-90518","1":"product","2":"type-product","3":"status-publish","4":"has-post-thumbnail","6":"product_cat-encadernacao-de-sortido","7":"pa_hersteller-planax","8":"pa_typ-copy-binder-2","10":"first","11":"instock","12":"taxable","13":"shipping-taxable","14":"purchasable","15":"product-type-simple"},"jetpack_sharing_enabled":true,"_links":{"self":[{"href":"https:\/\/www.3p-gmbh.de\/pt-br\/wp-json\/wp\/v2\/product\/90518","targetHints":{"allow":["GET"]}}],"collection":[{"href":"https:\/\/www.3p-gmbh.de\/pt-br\/wp-json\/wp\/v2\/product"}],"about":[{"href":"https:\/\/www.3p-gmbh.de\/pt-br\/wp-json\/wp\/v2\/types\/product"}],"wp:featuredmedia":[{"embeddable":true,"href":"https:\/\/www.3p-gmbh.de\/pt-br\/wp-json\/wp\/v2\/media\/73749"}],"wp:attachment":[{"href":"https:\/\/www.3p-gmbh.de\/pt-br\/wp-json\/wp\/v2\/media?parent=90518"}],"wp:term":[{"taxonomy":"product_brand","embeddable":true,"href":"https:\/\/www.3p-gmbh.de\/pt-br\/wp-json\/wp\/v2\/product_brand?post=90518"},{"taxonomy":"product_cat","embeddable":true,"href":"https:\/\/www.3p-gmbh.de\/pt-br\/wp-json\/wp\/v2\/product_cat?post=90518"},{"taxonomy":"product_tag","embeddable":true,"href":"https:\/\/www.3p-gmbh.de\/pt-br\/wp-json\/wp\/v2\/product_tag?post=90518"}],"curies":[{"name":"wp","href":"https:\/\/api.w.org\/{rel}","templated":true}]}}