{"id":90509,"date":"2019-11-05T09:26:04","date_gmt":"2019-11-05T09:26:04","guid":{"rendered":"https:\/\/www.3p-gmbh.de\/produkt\/maquina-de-pregas-matator-42-perfeita-elektromatic-com-dispensador-de-fita\/"},"modified":"2019-11-05T09:26:04","modified_gmt":"2019-11-05T09:26:04","slug":"faelzelgeraet-matador-42-perfekt-elektromatic-with-tape-reeler","status":"publish","type":"product","link":"https:\/\/www.3p-gmbh.de\/pt-br\/produkt\/faelzelgeraet-matador-42-perfekt-elektromatic-with-tape-reeler\/","title":{"rendered":"M\u00e1quina de pregas Matator 42 perfeita Elektromatic com dispensador de fita"},"content":{"rendered":"<p>oferece muitas possibilidades de dobragem:<\/p>\n<p>Largura mais pequena da lombada do bloco 2,5 mm<br \/>\nLargura da lombada do bloco maior 25 mm<br \/>\nComprimento do bloco maior 420 mm<br \/>\nLargura mais pequena da correia 15 mm<br \/>\nLargura m\u00e1xima da correia 50 mm<\/p>\n<ul>\n<li>Cobertura de fita de pregas ajust\u00e1vel<\/li>\n<li>Corrida absolutamente reta do cinto com pregas<\/li>\n<li>tampa traseira rebat\u00edvel do cinto ajust\u00e1vel com precis\u00e3o numa balan\u00e7a<\/li>\n<li>desconto na descarga<\/li>\n<li>J\u00e1 n\u00e3o \u00e9 necess\u00e1rio voltar a cortar<\/li>\n<li>para um desempenho particularmente elevado<\/li>\n<li>Sec\u00e7\u00e3o e tensionamento por eletro\u00edman<\/li>\n<li>Pregue a sec\u00e7\u00e3o da fita com precis\u00e3o, tocando levemente no bloco do microinterruptor<\/li>\n<li>a m\u00e1quina de pregas com dispositivo de corte totalmente autom\u00e1tico<\/li>\n<\/ul>\n","protected":false},"excerpt":{"rendered":"<p>oferece muitas possibilidades de dobragem: Largura mais pequena da lombada do bloco 2,5 mm Largura da lombada do bloco maior 25 mm Comprimento do bloco maior 420 mm Largura mais pequena da correia 15 mm Largura m\u00e1xima da correia 50 mm Cobertura de fita de pregas ajust\u00e1vel Corrida absolutamente reta do cinto com pregas tampa [&hellip;]<\/p>\n","protected":false},"featured_media":73734,"template":"","meta":[],"product_brand":[],"product_cat":[2892],"product_tag":[],"class_list":{"0":"post-90509","1":"product","2":"type-product","3":"status-publish","4":"has-post-thumbnail","6":"product_cat-encadernacao-de-sortido","7":"pa_hersteller-matador","9":"first","10":"instock","11":"taxable","12":"shipping-taxable","13":"purchasable","14":"product-type-simple"},"jetpack_sharing_enabled":true,"_links":{"self":[{"href":"https:\/\/www.3p-gmbh.de\/pt-br\/wp-json\/wp\/v2\/product\/90509","targetHints":{"allow":["GET"]}}],"collection":[{"href":"https:\/\/www.3p-gmbh.de\/pt-br\/wp-json\/wp\/v2\/product"}],"about":[{"href":"https:\/\/www.3p-gmbh.de\/pt-br\/wp-json\/wp\/v2\/types\/product"}],"wp:featuredmedia":[{"embeddable":true,"href":"https:\/\/www.3p-gmbh.de\/pt-br\/wp-json\/wp\/v2\/media\/73734"}],"wp:attachment":[{"href":"https:\/\/www.3p-gmbh.de\/pt-br\/wp-json\/wp\/v2\/media?parent=90509"}],"wp:term":[{"taxonomy":"product_brand","embeddable":true,"href":"https:\/\/www.3p-gmbh.de\/pt-br\/wp-json\/wp\/v2\/product_brand?post=90509"},{"taxonomy":"product_cat","embeddable":true,"href":"https:\/\/www.3p-gmbh.de\/pt-br\/wp-json\/wp\/v2\/product_cat?post=90509"},{"taxonomy":"product_tag","embeddable":true,"href":"https:\/\/www.3p-gmbh.de\/pt-br\/wp-json\/wp\/v2\/product_tag?post=90509"}],"curies":[{"name":"wp","href":"https:\/\/api.w.org\/{rel}","templated":true}]}}