{"id":90507,"date":"2019-11-05T10:39:20","date_gmt":"2019-11-05T10:39:20","guid":{"rendered":"https:\/\/www.3p-gmbh.de\/produkt\/maquina-de-costura-de-arame-de-cabeca-unica-hohner-economy-25-40\/"},"modified":"2019-11-05T10:39:20","modified_gmt":"2019-11-05T10:39:20","slug":"hohner-economy-25-40-maquina-de-coser-a-arame-de-cabeca-unica","status":"publish","type":"product","link":"https:\/\/www.3p-gmbh.de\/pt-br\/produkt\/hohner-economy-25-40-maquina-de-coser-a-arame-de-cabeca-unica\/","title":{"rendered":"M\u00e1quina de costura de arame de cabe\u00e7a \u00fanica Hohner Economy 25\/40"},"content":{"rendered":"<p>para blocos e brochuras com costura normal ou com ilh\u00f3s (opcional n\u00e3o inclu\u00eddo)<\/p>\n<p>-Constru\u00e7\u00e3o s\u00f3lida com elevada estabilidade para agrafos limpos<br \/>\n-Mesa regul\u00e1vel por pega: direita para blocos, inclinada para brochuras<br \/>\n-liberta\u00e7\u00e3o com interrutor de p\u00e9, ambas as m\u00e3os livres para vestir<br \/>\n-comprimento da bra\u00e7adeira traseira 14mm<br \/>\n-Funis de fio de rolo e de tubo para resultados de agrafagem fi\u00e1veis, mesmo com espessuras de agrafos maiores<br \/>\n-Espessura do agrafo: 2 folhas &#8211; 25 mm com o agrafo dobrado para baixo, at\u00e9 40 mm perfurado em ambos os lados<br \/>\n-Adequado para o fio de costura n.\u00ba 21-30<br \/>\n-Capacidade m\u00e1xima de agrafamento: 206 agrafos \/ min.<br \/>\n-Tamanho da mesa: 700 x 240 mm<\/p>\n","protected":false},"excerpt":{"rendered":"<p>para blocos e brochuras com costura normal ou com ilh\u00f3s (opcional n\u00e3o inclu\u00eddo) -Constru\u00e7\u00e3o s\u00f3lida com elevada estabilidade para agrafos limpos -Mesa regul\u00e1vel por pega: direita para blocos, inclinada para brochuras -liberta\u00e7\u00e3o com interrutor de p\u00e9, ambas as m\u00e3os livres para vestir -comprimento da bra\u00e7adeira traseira 14mm -Funis de fio de rolo e de tubo [&hellip;]<\/p>\n","protected":false},"featured_media":73833,"template":"","meta":[],"product_brand":[],"product_cat":[2996],"product_tag":[],"class_list":{"0":"post-90507","1":"product","2":"type-product","3":"status-publish","4":"has-post-thumbnail","6":"product_cat-maquinas-de-agrafar","7":"pa_hersteller-hohner","8":"pa_typ-economy-25-40","10":"first","11":"instock","12":"taxable","13":"shipping-taxable","14":"purchasable","15":"product-type-simple"},"jetpack_sharing_enabled":true,"_links":{"self":[{"href":"https:\/\/www.3p-gmbh.de\/pt-br\/wp-json\/wp\/v2\/product\/90507","targetHints":{"allow":["GET"]}}],"collection":[{"href":"https:\/\/www.3p-gmbh.de\/pt-br\/wp-json\/wp\/v2\/product"}],"about":[{"href":"https:\/\/www.3p-gmbh.de\/pt-br\/wp-json\/wp\/v2\/types\/product"}],"wp:featuredmedia":[{"embeddable":true,"href":"https:\/\/www.3p-gmbh.de\/pt-br\/wp-json\/wp\/v2\/media\/73833"}],"wp:attachment":[{"href":"https:\/\/www.3p-gmbh.de\/pt-br\/wp-json\/wp\/v2\/media?parent=90507"}],"wp:term":[{"taxonomy":"product_brand","embeddable":true,"href":"https:\/\/www.3p-gmbh.de\/pt-br\/wp-json\/wp\/v2\/product_brand?post=90507"},{"taxonomy":"product_cat","embeddable":true,"href":"https:\/\/www.3p-gmbh.de\/pt-br\/wp-json\/wp\/v2\/product_cat?post=90507"},{"taxonomy":"product_tag","embeddable":true,"href":"https:\/\/www.3p-gmbh.de\/pt-br\/wp-json\/wp\/v2\/product_tag?post=90507"}],"curies":[{"name":"wp","href":"https:\/\/api.w.org\/{rel}","templated":true}]}}