{"id":90506,"date":"2019-11-05T10:33:39","date_gmt":"2019-11-05T10:33:39","guid":{"rendered":"https:\/\/www.3p-gmbh.de\/produkt\/hohner-accord-25-40-cabeca-dupla-maquina-de-agrafar-arame-com-kit-de-conversao-adicional-para-agrafar-ilhos\/"},"modified":"2019-11-05T10:33:39","modified_gmt":"2019-11-05T10:33:39","slug":"hohner-accord-25-40-maquina-de-agrafagem-com-fio-de-cabeca-dupla-e-kit-de-conversao-adicional-para-agrafagem-de-olho-de-anel","status":"publish","type":"product","link":"https:\/\/www.3p-gmbh.de\/pt-br\/produkt\/hohner-accord-25-40-maquina-de-agrafagem-com-fio-de-cabeca-dupla-e-kit-de-conversao-adicional-para-agrafagem-de-olho-de-anel\/","title":{"rendered":"Hohner Accord 25-40 cabe\u00e7a dupla &#8211; m\u00e1quina de agrafar arame com kit de convers\u00e3o adicional para agrafar ilh\u00f3s"},"content":{"rendered":"<p>Para blocos e brochuras com costura normal ou com ilh\u00f3s (kit de convers\u00e3o de ilh\u00f3s n\u00e3o inclu\u00eddo)<br \/>\n-Constru\u00e7\u00e3o s\u00f3lida com elevada estabilidade para agrafos limpos<br \/>\n-Mesa regul\u00e1vel por pega: direita para blocos, inclinada para brochuras<br \/>\n-Funis de fio de rolo e de tubo para resultados de agrafagem fi\u00e1veis, mesmo com espessuras de agrafos maiores<br \/>\n-Espessura do agrafo: 2 folhas &#8211; 13 mm com o agrafo dobrado para baixo, at\u00e9 23 mm perfurado em ambos os lados<br \/>\n-Capacidade m\u00e1xima de agrafamento: 206 agrafos \/ min.<\/p>\n","protected":false},"excerpt":{"rendered":"<p>Para blocos e brochuras com costura normal ou com ilh\u00f3s (kit de convers\u00e3o de ilh\u00f3s n\u00e3o inclu\u00eddo) -Constru\u00e7\u00e3o s\u00f3lida com elevada estabilidade para agrafos limpos -Mesa regul\u00e1vel por pega: direita para blocos, inclinada para brochuras -Funis de fio de rolo e de tubo para resultados de agrafagem fi\u00e1veis, mesmo com espessuras de agrafos maiores -Espessura [&hellip;]<\/p>\n","protected":false},"featured_media":73824,"template":"","meta":[],"product_brand":[],"product_cat":[2996],"product_tag":[],"class_list":{"0":"post-90506","1":"product","2":"type-product","3":"status-publish","4":"has-post-thumbnail","6":"product_cat-maquinas-de-agrafar","7":"pa_hersteller-hohner","8":"pa_typ-accord-25-40","10":"first","11":"instock","12":"taxable","13":"shipping-taxable","14":"purchasable","15":"product-type-simple"},"jetpack_sharing_enabled":true,"_links":{"self":[{"href":"https:\/\/www.3p-gmbh.de\/pt-br\/wp-json\/wp\/v2\/product\/90506","targetHints":{"allow":["GET"]}}],"collection":[{"href":"https:\/\/www.3p-gmbh.de\/pt-br\/wp-json\/wp\/v2\/product"}],"about":[{"href":"https:\/\/www.3p-gmbh.de\/pt-br\/wp-json\/wp\/v2\/types\/product"}],"wp:featuredmedia":[{"embeddable":true,"href":"https:\/\/www.3p-gmbh.de\/pt-br\/wp-json\/wp\/v2\/media\/73824"}],"wp:attachment":[{"href":"https:\/\/www.3p-gmbh.de\/pt-br\/wp-json\/wp\/v2\/media?parent=90506"}],"wp:term":[{"taxonomy":"product_brand","embeddable":true,"href":"https:\/\/www.3p-gmbh.de\/pt-br\/wp-json\/wp\/v2\/product_brand?post=90506"},{"taxonomy":"product_cat","embeddable":true,"href":"https:\/\/www.3p-gmbh.de\/pt-br\/wp-json\/wp\/v2\/product_cat?post=90506"},{"taxonomy":"product_tag","embeddable":true,"href":"https:\/\/www.3p-gmbh.de\/pt-br\/wp-json\/wp\/v2\/product_tag?post=90506"}],"curies":[{"name":"wp","href":"https:\/\/api.w.org\/{rel}","templated":true}]}}