{"id":90500,"date":"2019-11-05T10:27:41","date_gmt":"2019-11-05T10:27:41","guid":{"rendered":"https:\/\/www.3p-gmbh.de\/produkt\/cadinho-de-estampagem-a-quente-heidelberg-oht-p-com-sistema-de-controlo-de-folha-art\/"},"modified":"2019-11-05T10:27:41","modified_gmt":"2019-11-05T10:27:41","slug":"heidelberg-oht-p-hot-foil-practice-crucible-with-art-foil-control","status":"publish","type":"product","link":"https:\/\/www.3p-gmbh.de\/pt-br\/produkt\/heidelberg-oht-p-hot-foil-practice-crucible-with-art-foil-control\/","title":{"rendered":"Cadinho de estampagem a quente Heidelberg OHT-P com sistema de controlo de folha ART"},"content":{"rendered":"<p>sem conduta de tinta e rolos de tinta<\/p>\n<p>folha maior 260 x 380 mm<br \/>\nfolha mais pequena 40 x70 mm<br \/>\nm\u00e1ximo. Tamanho do molde 260 x350mm<br \/>\nFor\u00e7a de perfura\u00e7\u00e3o 40 toneladas<br \/>\nSa\u00edda 5500 bg.\/h<br \/>\n380 V 1,25 KW<br \/>\nPeso pr\u00f3prio 1100 kg<br \/>\nDimens\u00f5es L1,68 x B1,24 x H1,85m<\/p>\n<p>2 Arma\u00e7\u00e3o de bloqueio<br \/>\n2 placas de aquecimento<\/p>\n","protected":false},"excerpt":{"rendered":"<p>sem conduta de tinta e rolos de tinta folha maior 260 x 380 mm folha mais pequena 40 x70 mm m\u00e1ximo. Tamanho do molde 260 x350mm For\u00e7a de perfura\u00e7\u00e3o 40 toneladas Sa\u00edda 5500 bg.\/h 380 V 1,25 KW Peso pr\u00f3prio 1100 kg Dimens\u00f5es L1,68 x B1,24 x H1,85m 2 Arma\u00e7\u00e3o de bloqueio 2 placas de [&hellip;]<\/p>\n","protected":false},"featured_media":73812,"template":"","meta":[],"product_brand":[],"product_cat":[2883],"product_tag":[],"class_list":{"0":"post-90500","1":"product","2":"type-product","3":"status-publish","4":"has-post-thumbnail","6":"product_cat-impressao-tipografica","7":"pa_hersteller-heidelberg","8":"pa_typ-oht-p","10":"first","11":"instock","12":"taxable","13":"shipping-taxable","14":"purchasable","15":"product-type-simple"},"jetpack_sharing_enabled":true,"_links":{"self":[{"href":"https:\/\/www.3p-gmbh.de\/pt-br\/wp-json\/wp\/v2\/product\/90500","targetHints":{"allow":["GET"]}}],"collection":[{"href":"https:\/\/www.3p-gmbh.de\/pt-br\/wp-json\/wp\/v2\/product"}],"about":[{"href":"https:\/\/www.3p-gmbh.de\/pt-br\/wp-json\/wp\/v2\/types\/product"}],"wp:featuredmedia":[{"embeddable":true,"href":"https:\/\/www.3p-gmbh.de\/pt-br\/wp-json\/wp\/v2\/media\/73812"}],"wp:attachment":[{"href":"https:\/\/www.3p-gmbh.de\/pt-br\/wp-json\/wp\/v2\/media?parent=90500"}],"wp:term":[{"taxonomy":"product_brand","embeddable":true,"href":"https:\/\/www.3p-gmbh.de\/pt-br\/wp-json\/wp\/v2\/product_brand?post=90500"},{"taxonomy":"product_cat","embeddable":true,"href":"https:\/\/www.3p-gmbh.de\/pt-br\/wp-json\/wp\/v2\/product_cat?post=90500"},{"taxonomy":"product_tag","embeddable":true,"href":"https:\/\/www.3p-gmbh.de\/pt-br\/wp-json\/wp\/v2\/product_tag?post=90500"}],"curies":[{"name":"wp","href":"https:\/\/api.w.org\/{rel}","templated":true}]}}