{"id":90490,"date":"2019-11-05T10:48:23","date_gmt":"2019-11-05T10:48:23","guid":{"rendered":"https:\/\/www.3p-gmbh.de\/produkt\/heidelberg-gt-a3-maquina-de-corte-e-vinco-automatica-para-perfuracao\/"},"modified":"2019-11-05T10:48:23","modified_gmt":"2019-11-05T10:48:23","slug":"heidelberg-gt-a3-maquina-cruzada-para-esmurrar","status":"publish","type":"product","link":"https:\/\/www.3p-gmbh.de\/pt-br\/produkt\/heidelberg-gt-a3-maquina-cruzada-para-esmurrar\/","title":{"rendered":"Heidelberg GT A3 &#8211; M\u00e1quina de corte e vinco autom\u00e1tica para perfura\u00e7\u00e3o"},"content":{"rendered":"<p>&#8211; sem unidade de tintagem<br \/>\n&#8211; 2 Arma\u00e7\u00e3o de bloqueio<\/p>\n<p>Dados t\u00e9cnicos:<br \/>\ntamanho do len\u00e7ol maior 34 x 46cm<br \/>\nfolha mais pequena 8,5 x 12 cm<br \/>\nm\u00e1ximo. Tamanho da folha 34 x 46 cm<br \/>\nm\u00e1ximo. Tamanho do pun\u00e7\u00e3o 32 x 45 cm<br \/>\nFor\u00e7a de perfura\u00e7\u00e3o 60 toneladas<br \/>\nm\u00e1ximo. Produ\u00e7\u00e3o hor\u00e1ria 4000 folhas<br \/>\nPeso aprox. 2300kg<br \/>\nDimens\u00f5es 2,08 x 1,48 x 2,10 m<\/p>\n","protected":false},"excerpt":{"rendered":"<p>&#8211; sem unidade de tintagem &#8211; 2 Arma\u00e7\u00e3o de bloqueio Dados t\u00e9cnicos: tamanho do len\u00e7ol maior 34 x 46cm folha mais pequena 8,5 x 12 cm m\u00e1ximo. Tamanho da folha 34 x 46 cm m\u00e1ximo. Tamanho do pun\u00e7\u00e3o 32 x 45 cm For\u00e7a de perfura\u00e7\u00e3o 60 toneladas m\u00e1ximo. Produ\u00e7\u00e3o hor\u00e1ria 4000 folhas Peso aprox. 2300kg [&hellip;]<\/p>\n","protected":false},"featured_media":73839,"template":"","meta":[],"product_brand":[],"product_cat":[2883],"product_tag":[],"class_list":{"0":"post-90490","1":"product","2":"type-product","3":"status-publish","4":"has-post-thumbnail","6":"product_cat-impressao-tipografica","7":"pa_hersteller-heidelberg","8":"pa_typ-oht-gt","10":"first","11":"instock","12":"taxable","13":"shipping-taxable","14":"purchasable","15":"product-type-simple"},"jetpack_sharing_enabled":true,"_links":{"self":[{"href":"https:\/\/www.3p-gmbh.de\/pt-br\/wp-json\/wp\/v2\/product\/90490","targetHints":{"allow":["GET"]}}],"collection":[{"href":"https:\/\/www.3p-gmbh.de\/pt-br\/wp-json\/wp\/v2\/product"}],"about":[{"href":"https:\/\/www.3p-gmbh.de\/pt-br\/wp-json\/wp\/v2\/types\/product"}],"wp:featuredmedia":[{"embeddable":true,"href":"https:\/\/www.3p-gmbh.de\/pt-br\/wp-json\/wp\/v2\/media\/73839"}],"wp:attachment":[{"href":"https:\/\/www.3p-gmbh.de\/pt-br\/wp-json\/wp\/v2\/media?parent=90490"}],"wp:term":[{"taxonomy":"product_brand","embeddable":true,"href":"https:\/\/www.3p-gmbh.de\/pt-br\/wp-json\/wp\/v2\/product_brand?post=90490"},{"taxonomy":"product_cat","embeddable":true,"href":"https:\/\/www.3p-gmbh.de\/pt-br\/wp-json\/wp\/v2\/product_cat?post=90490"},{"taxonomy":"product_tag","embeddable":true,"href":"https:\/\/www.3p-gmbh.de\/pt-br\/wp-json\/wp\/v2\/product_tag?post=90490"}],"curies":[{"name":"wp","href":"https:\/\/api.w.org\/{rel}","templated":true}]}}