{"id":90486,"date":"2019-11-05T11:00:19","date_gmt":"2019-11-05T11:00:19","guid":{"rendered":"https:\/\/www.3p-gmbh.de\/produkt\/lava-loica-de-limpeza-tronco-pvc-largura-de-insercao-do-lava-loica-220-cm\/"},"modified":"2019-11-05T11:00:19","modified_gmt":"2019-11-05T11:00:19","slug":"tronco-pvc-lavatorio-de-limpeza-lavatorio-largura-220-cm","status":"publish","type":"product","link":"https:\/\/www.3p-gmbh.de\/pt-br\/produkt\/tronco-pvc-lavatorio-de-limpeza-lavatorio-largura-220-cm\/","title":{"rendered":"Lava-loi\u00e7a de Limpeza Tronco PVC &#8211; Largura de inser\u00e7\u00e3o do lava-loi\u00e7a 220 cm"},"content":{"rendered":"<p>-Feito de pl\u00e1stico PVC resistente ao impacto<br \/>\n-com torneira de \u00e1gua, chuveiro e conjunto de escoamento<br \/>\n-dois suportes de rolos<\/p>\n<p>Largura de inser\u00e7\u00e3o 220 cm<\/p>\n","protected":false},"excerpt":{"rendered":"<p>-Feito de pl\u00e1stico PVC resistente ao impacto -com torneira de \u00e1gua, chuveiro e conjunto de escoamento -dois suportes de rolos Largura de inser\u00e7\u00e3o 220 cm<\/p>\n","protected":false},"featured_media":73857,"template":"","meta":[],"product_brand":[],"product_cat":[2898],"product_tag":[],"class_list":{"0":"post-90486","1":"product","2":"type-product","3":"status-publish","4":"has-post-thumbnail","6":"product_cat-acessorios-e-pecas-sobressalentes-para-prensas","7":"pa_hersteller-herbert-stamm","9":"first","10":"instock","11":"taxable","12":"shipping-taxable","13":"purchasable","14":"product-type-simple"},"jetpack_sharing_enabled":true,"_links":{"self":[{"href":"https:\/\/www.3p-gmbh.de\/pt-br\/wp-json\/wp\/v2\/product\/90486","targetHints":{"allow":["GET"]}}],"collection":[{"href":"https:\/\/www.3p-gmbh.de\/pt-br\/wp-json\/wp\/v2\/product"}],"about":[{"href":"https:\/\/www.3p-gmbh.de\/pt-br\/wp-json\/wp\/v2\/types\/product"}],"wp:featuredmedia":[{"embeddable":true,"href":"https:\/\/www.3p-gmbh.de\/pt-br\/wp-json\/wp\/v2\/media\/73857"}],"wp:attachment":[{"href":"https:\/\/www.3p-gmbh.de\/pt-br\/wp-json\/wp\/v2\/media?parent=90486"}],"wp:term":[{"taxonomy":"product_brand","embeddable":true,"href":"https:\/\/www.3p-gmbh.de\/pt-br\/wp-json\/wp\/v2\/product_brand?post=90486"},{"taxonomy":"product_cat","embeddable":true,"href":"https:\/\/www.3p-gmbh.de\/pt-br\/wp-json\/wp\/v2\/product_cat?post=90486"},{"taxonomy":"product_tag","embeddable":true,"href":"https:\/\/www.3p-gmbh.de\/pt-br\/wp-json\/wp\/v2\/product_tag?post=90486"}],"curies":[{"name":"wp","href":"https:\/\/api.w.org\/{rel}","templated":true}]}}