{"id":90477,"date":"2019-11-05T11:26:18","date_gmt":"2019-11-05T11:26:18","guid":{"rendered":"https:\/\/www.3p-gmbh.de\/produkt\/empilhador-schneider-enginneering-transomat-modelo-1058\/"},"modified":"2019-11-05T11:26:18","modified_gmt":"2019-11-05T11:26:18","slug":"schneider-enginneering-stacker-transomat-model-1058","status":"publish","type":"product","link":"https:\/\/www.3p-gmbh.de\/pt-br\/produkt\/schneider-enginneering-stacker-transomat-model-1058\/","title":{"rendered":"Empilhador Schneider Enginneering (Transomat) Modelo 1058"},"content":{"rendered":"<p>Em p\u00e9, \u00e0 esquerda<\/p>\n<p>Como alternativa para melhorar o desempenho do elevador de pilha, os Transomats podem ser utilizados para descarregar um cortador de alta velocidade.<\/p>\n<p>Isto coloca automaticamente as camadas divididas e n\u00e3o divididas nas paletes enquanto o corte continua ao mesmo tempo.<\/p>\n<p>Isto reduz os custos de produ\u00e7\u00e3o em 25 a 70 por cento, dependendo do programa de corte.<\/p>\n<p>O empilhador atinge uma elevada precis\u00e3o de arestas.<\/p>\n<p>Vantagens:<\/p>\n<p>-Aumentar a produtividade: empilhar ao mesmo tempo que corta<br \/>\n-Qualidade melhorada: As pilhas com bordos particularmente precisos podem ser processadas diretamente e mais rapidamente.<\/p>\n","protected":false},"excerpt":{"rendered":"<p>Em p\u00e9, \u00e0 esquerda Como alternativa para melhorar o desempenho do elevador de pilha, os Transomats podem ser utilizados para descarregar um cortador de alta velocidade. Isto coloca automaticamente as camadas divididas e n\u00e3o divididas nas paletes enquanto o corte continua ao mesmo tempo. Isto reduz os custos de produ\u00e7\u00e3o em 25 a 70 por [&hellip;]<\/p>\n","protected":false},"featured_media":73890,"template":"","meta":[],"product_brand":[],"product_cat":[3017],"product_tag":[],"class_list":{"0":"post-90477","1":"product","2":"type-product","3":"status-publish","4":"has-post-thumbnail","6":"product_cat-maquinas-de-corte","7":"pa_hersteller-schneider-engineering","8":"pa_typ-modell-1058","10":"first","11":"instock","12":"taxable","13":"shipping-taxable","14":"purchasable","15":"product-type-simple"},"jetpack_sharing_enabled":true,"_links":{"self":[{"href":"https:\/\/www.3p-gmbh.de\/pt-br\/wp-json\/wp\/v2\/product\/90477","targetHints":{"allow":["GET"]}}],"collection":[{"href":"https:\/\/www.3p-gmbh.de\/pt-br\/wp-json\/wp\/v2\/product"}],"about":[{"href":"https:\/\/www.3p-gmbh.de\/pt-br\/wp-json\/wp\/v2\/types\/product"}],"wp:featuredmedia":[{"embeddable":true,"href":"https:\/\/www.3p-gmbh.de\/pt-br\/wp-json\/wp\/v2\/media\/73890"}],"wp:attachment":[{"href":"https:\/\/www.3p-gmbh.de\/pt-br\/wp-json\/wp\/v2\/media?parent=90477"}],"wp:term":[{"taxonomy":"product_brand","embeddable":true,"href":"https:\/\/www.3p-gmbh.de\/pt-br\/wp-json\/wp\/v2\/product_brand?post=90477"},{"taxonomy":"product_cat","embeddable":true,"href":"https:\/\/www.3p-gmbh.de\/pt-br\/wp-json\/wp\/v2\/product_cat?post=90477"},{"taxonomy":"product_tag","embeddable":true,"href":"https:\/\/www.3p-gmbh.de\/pt-br\/wp-json\/wp\/v2\/product_tag?post=90477"}],"curies":[{"name":"wp","href":"https:\/\/api.w.org\/{rel}","templated":true}]}}