{"id":90457,"date":"2019-11-05T14:17:53","date_gmt":"2019-11-05T14:17:53","guid":{"rendered":"https:\/\/www.3p-gmbh.de\/produkt\/wohlenberg-cut-tec-92-cortador-de-alta-velocidade\/"},"modified":"2019-11-05T14:17:53","modified_gmt":"2019-11-05T14:17:53","slug":"wohlenberg-cut-tec-92-cortador-rapido","status":"publish","type":"product","link":"https:\/\/www.3p-gmbh.de\/pt-br\/produkt\/wohlenberg-cut-tec-92-cortador-rapido\/","title":{"rendered":"Wohlenberg cut-tec 92 Cortador de alta velocidade"},"content":{"rendered":"<ul>\n<li>Largura de inser\u00e7\u00e3o 92cm<\/li>\n<li>Controlo inform\u00e1tico com monitor a cores<\/li>\n<li>Mesa de ar e mesas de apoio em a\u00e7o inoxid\u00e1vel<\/li>\n<li>2 facas<\/li>\n<\/ul>\n<p>* Polar Wohlenberg Perfecta Schneider Senador<\/p>\n<p>&nbsp;<\/p>\n","protected":false},"excerpt":{"rendered":"<p>Largura de inser\u00e7\u00e3o 92cm Controlo inform\u00e1tico com monitor a cores Mesa de ar e mesas de apoio em a\u00e7o inoxid\u00e1vel 2 facas * Polar Wohlenberg Perfecta Schneider Senador &nbsp;<\/p>\n","protected":false},"featured_media":81634,"template":"","meta":[],"product_brand":[],"product_cat":[3017],"product_tag":[],"class_list":{"0":"post-90457","1":"product","2":"type-product","3":"status-publish","4":"has-post-thumbnail","6":"product_cat-maquinas-de-corte","7":"pa_hersteller-wohlenberg","8":"pa_typ-cut-tec-92","10":"first","11":"instock","12":"taxable","13":"shipping-taxable","14":"purchasable","15":"product-type-simple"},"jetpack_sharing_enabled":true,"_links":{"self":[{"href":"https:\/\/www.3p-gmbh.de\/pt-br\/wp-json\/wp\/v2\/product\/90457","targetHints":{"allow":["GET"]}}],"collection":[{"href":"https:\/\/www.3p-gmbh.de\/pt-br\/wp-json\/wp\/v2\/product"}],"about":[{"href":"https:\/\/www.3p-gmbh.de\/pt-br\/wp-json\/wp\/v2\/types\/product"}],"wp:featuredmedia":[{"embeddable":true,"href":"https:\/\/www.3p-gmbh.de\/pt-br\/wp-json\/wp\/v2\/media\/81634"}],"wp:attachment":[{"href":"https:\/\/www.3p-gmbh.de\/pt-br\/wp-json\/wp\/v2\/media?parent=90457"}],"wp:term":[{"taxonomy":"product_brand","embeddable":true,"href":"https:\/\/www.3p-gmbh.de\/pt-br\/wp-json\/wp\/v2\/product_brand?post=90457"},{"taxonomy":"product_cat","embeddable":true,"href":"https:\/\/www.3p-gmbh.de\/pt-br\/wp-json\/wp\/v2\/product_cat?post=90457"},{"taxonomy":"product_tag","embeddable":true,"href":"https:\/\/www.3p-gmbh.de\/pt-br\/wp-json\/wp\/v2\/product_tag?post=90457"}],"curies":[{"name":"wp","href":"https:\/\/api.w.org\/{rel}","templated":true}]}}