{"id":90443,"date":"2019-11-05T14:26:46","date_gmt":"2019-11-05T14:26:46","guid":{"rendered":"https:\/\/www.3p-gmbh.de\/produkt\/sistema-de-transporte-de-tinta-technotrans-4x-tpb-300-36-12-para-contentores-de-300-kg\/"},"modified":"2019-11-05T14:26:46","modified_gmt":"2019-11-05T14:26:46","slug":"transportador-de-tinta-technotrans-for-300kg-container","status":"publish","type":"product","link":"https:\/\/www.3p-gmbh.de\/pt-br\/produkt\/transportador-de-tinta-technotrans-for-300kg-container\/","title":{"rendered":"Sistema de transporte de tinta Technotrans 4x TPB 300-36-12 para contentores de 300 kg"},"content":{"rendered":"<p>Sistema de transporte de tinta Technotrans<br \/>\npara contentor de 300 kg<\/p>\n<p>4 bombas Technotrans TPB 300-36-12<\/p>\n<p>Press\u00e3o 7,5 bar<br \/>\nTradu\u00e7\u00e3o 16:1<\/p>\n","protected":false},"excerpt":{"rendered":"<p>Sistema de transporte de tinta Technotrans para contentor de 300 kg 4 bombas Technotrans TPB 300-36-12 Press\u00e3o 7,5 bar Tradu\u00e7\u00e3o 16:1<\/p>\n","protected":false},"featured_media":74001,"template":"","meta":[],"product_brand":[],"product_cat":[2898],"product_tag":[],"class_list":{"0":"post-90443","1":"product","2":"type-product","3":"status-publish","4":"has-post-thumbnail","6":"product_cat-acessorios-e-pecas-sobressalentes-para-prensas","7":"pa_hersteller-technotrans","8":"pa_typ-tpb-300-36-12","10":"first","11":"instock","12":"taxable","13":"shipping-taxable","14":"purchasable","15":"product-type-simple"},"jetpack_sharing_enabled":true,"_links":{"self":[{"href":"https:\/\/www.3p-gmbh.de\/pt-br\/wp-json\/wp\/v2\/product\/90443","targetHints":{"allow":["GET"]}}],"collection":[{"href":"https:\/\/www.3p-gmbh.de\/pt-br\/wp-json\/wp\/v2\/product"}],"about":[{"href":"https:\/\/www.3p-gmbh.de\/pt-br\/wp-json\/wp\/v2\/types\/product"}],"wp:featuredmedia":[{"embeddable":true,"href":"https:\/\/www.3p-gmbh.de\/pt-br\/wp-json\/wp\/v2\/media\/74001"}],"wp:attachment":[{"href":"https:\/\/www.3p-gmbh.de\/pt-br\/wp-json\/wp\/v2\/media?parent=90443"}],"wp:term":[{"taxonomy":"product_brand","embeddable":true,"href":"https:\/\/www.3p-gmbh.de\/pt-br\/wp-json\/wp\/v2\/product_brand?post=90443"},{"taxonomy":"product_cat","embeddable":true,"href":"https:\/\/www.3p-gmbh.de\/pt-br\/wp-json\/wp\/v2\/product_cat?post=90443"},{"taxonomy":"product_tag","embeddable":true,"href":"https:\/\/www.3p-gmbh.de\/pt-br\/wp-json\/wp\/v2\/product_tag?post=90443"}],"curies":[{"name":"wp","href":"https:\/\/api.w.org\/{rel}","templated":true}]}}