{"id":90434,"date":"2019-11-05T14:53:07","date_gmt":"2019-11-05T14:53:07","guid":{"rendered":"https:\/\/www.3p-gmbh.de\/produkt\/forno-de-cozedura-vertical-technografica-ebo-v4-para-placas-de-impressao\/"},"modified":"2019-11-05T14:53:07","modified_gmt":"2019-11-05T14:53:07","slug":"technografica-ebo-v4-forno-de-cozimento-vertical-para-chapas-de-pressao-de-2000","status":"publish","type":"product","link":"https:\/\/www.3p-gmbh.de\/pt-br\/produkt\/technografica-ebo-v4-forno-de-cozimento-vertical-para-chapas-de-pressao-de-2000\/","title":{"rendered":"Forno de cozedura vertical Technografica EBO V4 para placas de impress\u00e3o"},"content":{"rendered":"<p>Capacidade do prato 4 pe\u00e7as<br \/>\nFormato do painel m\u00e1x. 80 x 70 cm<br \/>\nDimens\u00f5es exteriores C 130 x L 38 x A 110 cm<br \/>\nPeso do forno 150 kg<br \/>\nTens\u00e3o de funcionamento 230 V \/ 50 Hz<br \/>\nConsumo de energia &#8211; aquecimento 3 kW<br \/>\nConsumo de energia &#8211; funcionamento 1,5 kW<br \/>\nOs dados do tempo de queima s\u00e3o armazenados<br \/>\nIsolamento t\u00e9rmico perfeito<br \/>\nEmiss\u00e3o de calor para o ambiente aprox. 1290 kcal\/h (aprox. 16200k J\/h)<\/p>\n","protected":false},"excerpt":{"rendered":"<p>Capacidade do prato 4 pe\u00e7as Formato do painel m\u00e1x. 80 x 70 cm Dimens\u00f5es exteriores C 130 x L 38 x A 110 cm Peso do forno 150 kg Tens\u00e3o de funcionamento 230 V \/ 50 Hz Consumo de energia &#8211; aquecimento 3 kW Consumo de energia &#8211; funcionamento 1,5 kW Os dados do tempo [&hellip;]<\/p>\n","protected":false},"featured_media":74016,"template":"","meta":[],"product_brand":[],"product_cat":[2997],"product_tag":[],"class_list":{"0":"post-90434","1":"product","2":"type-product","3":"status-publish","4":"has-post-thumbnail","6":"product_cat-processamento-de-chapas-de-impressao-pt-br","7":"pa_hersteller-technografica","8":"pa_typ-ebo-v4","10":"first","11":"instock","12":"taxable","13":"shipping-taxable","14":"purchasable","15":"product-type-simple"},"jetpack_sharing_enabled":true,"_links":{"self":[{"href":"https:\/\/www.3p-gmbh.de\/pt-br\/wp-json\/wp\/v2\/product\/90434","targetHints":{"allow":["GET"]}}],"collection":[{"href":"https:\/\/www.3p-gmbh.de\/pt-br\/wp-json\/wp\/v2\/product"}],"about":[{"href":"https:\/\/www.3p-gmbh.de\/pt-br\/wp-json\/wp\/v2\/types\/product"}],"wp:featuredmedia":[{"embeddable":true,"href":"https:\/\/www.3p-gmbh.de\/pt-br\/wp-json\/wp\/v2\/media\/74016"}],"wp:attachment":[{"href":"https:\/\/www.3p-gmbh.de\/pt-br\/wp-json\/wp\/v2\/media?parent=90434"}],"wp:term":[{"taxonomy":"product_brand","embeddable":true,"href":"https:\/\/www.3p-gmbh.de\/pt-br\/wp-json\/wp\/v2\/product_brand?post=90434"},{"taxonomy":"product_cat","embeddable":true,"href":"https:\/\/www.3p-gmbh.de\/pt-br\/wp-json\/wp\/v2\/product_cat?post=90434"},{"taxonomy":"product_tag","embeddable":true,"href":"https:\/\/www.3p-gmbh.de\/pt-br\/wp-json\/wp\/v2\/product_tag?post=90434"}],"curies":[{"name":"wp","href":"https:\/\/api.w.org\/{rel}","templated":true}]}}