{"id":90430,"date":"2019-11-05T14:40:44","date_gmt":"2019-11-05T14:40:44","guid":{"rendered":"https:\/\/www.3p-gmbh.de\/produkt\/dainippon-screen-sg-8060-p-scanner-de-tambor-horizontal-topo-de-gama-com-leitura-por-fotomultiplicador\/"},"modified":"2019-11-05T14:40:44","modified_gmt":"2019-11-05T14:40:44","slug":"dainippon-screen-sg-8060-p-horizontal-high-end-drum-scanner-com-fotomultiplicador-scanning","status":"publish","type":"product","link":"https:\/\/www.3p-gmbh.de\/pt-br\/produkt\/dainippon-screen-sg-8060-p-horizontal-high-end-drum-scanner-com-fotomultiplicador-scanning\/","title":{"rendered":"Dainippon Screen SG-8060 P scanner de tambor horizontal topo de gama com leitura por fotomultiplicador"},"content":{"rendered":"<p>-Resolu\u00e7\u00e3o 12.000 dpi<br \/>\n-densidade Dmax 4.2<br \/>\n-Profundidade dos dados 48 bits RGB, 32 bits CMYK<br \/>\n-Tipos de modelos Supervis\u00e3o \/ Revis\u00e3o<br \/>\n-Fonte de luz X\u00e9non 75 Watt<br \/>\n-max. Formato de digitaliza\u00e7\u00e3o 600 x 538 mm<br \/>\n-Driver e interfaces Macintosh \/ SCSI incl. Esta\u00e7\u00e3o de trabalho<br \/>\n-Peso 480 kg<\/p>\n","protected":false},"excerpt":{"rendered":"<p>-Resolu\u00e7\u00e3o 12.000 dpi -densidade Dmax 4.2 -Profundidade dos dados 48 bits RGB, 32 bits CMYK -Tipos de modelos Supervis\u00e3o \/ Revis\u00e3o -Fonte de luz X\u00e9non 75 Watt -max. Formato de digitaliza\u00e7\u00e3o 600 x 538 mm -Driver e interfaces Macintosh \/ SCSI incl. Esta\u00e7\u00e3o de trabalho -Peso 480 kg<\/p>\n","protected":false},"featured_media":74007,"template":"","meta":[],"product_brand":[],"product_cat":[3023],"product_tag":[],"class_list":{"0":"post-90430","1":"product","2":"type-product","3":"status-publish","4":"has-post-thumbnail","6":"product_cat-scanner-de-tambor","7":"pa_hersteller-dainippon-screen","8":"pa_typ-sg-8060-p","10":"first","11":"instock","12":"taxable","13":"shipping-taxable","14":"purchasable","15":"product-type-simple"},"jetpack_sharing_enabled":true,"_links":{"self":[{"href":"https:\/\/www.3p-gmbh.de\/pt-br\/wp-json\/wp\/v2\/product\/90430","targetHints":{"allow":["GET"]}}],"collection":[{"href":"https:\/\/www.3p-gmbh.de\/pt-br\/wp-json\/wp\/v2\/product"}],"about":[{"href":"https:\/\/www.3p-gmbh.de\/pt-br\/wp-json\/wp\/v2\/types\/product"}],"wp:featuredmedia":[{"embeddable":true,"href":"https:\/\/www.3p-gmbh.de\/pt-br\/wp-json\/wp\/v2\/media\/74007"}],"wp:attachment":[{"href":"https:\/\/www.3p-gmbh.de\/pt-br\/wp-json\/wp\/v2\/media?parent=90430"}],"wp:term":[{"taxonomy":"product_brand","embeddable":true,"href":"https:\/\/www.3p-gmbh.de\/pt-br\/wp-json\/wp\/v2\/product_brand?post=90430"},{"taxonomy":"product_cat","embeddable":true,"href":"https:\/\/www.3p-gmbh.de\/pt-br\/wp-json\/wp\/v2\/product_cat?post=90430"},{"taxonomy":"product_tag","embeddable":true,"href":"https:\/\/www.3p-gmbh.de\/pt-br\/wp-json\/wp\/v2\/product_tag?post=90430"}],"curies":[{"name":"wp","href":"https:\/\/api.w.org\/{rel}","templated":true}]}}