{"id":90425,"date":"2019-11-05T15:17:58","date_gmt":"2019-11-05T15:17:58","guid":{"rendered":"https:\/\/www.3p-gmbh.de\/produkt\/insersor-de-tiras-a-laser-vacuumatic-cuti-imprimir-contar-dividir\/"},"modified":"2019-11-05T15:17:58","modified_gmt":"2019-11-05T15:17:58","slug":"vacuumatic-cuti-laser-strip-insert-print-count-bottom","status":"publish","type":"product","link":"https:\/\/www.3p-gmbh.de\/pt-br\/produkt\/vacuumatic-cuti-laser-strip-insert-print-count-bottom\/","title":{"rendered":"Insersor de tiras a laser Vacuumatic CUTI imprimir &#8211; contar &#8211; dividir"},"content":{"rendered":"<p>&#8211; com sensor laser &#8211; sem liga\u00e7\u00e3o mec\u00e2nica ou el\u00e9ctrica \u00e0 prensa<br \/>\n&#8211; Introdu\u00e7\u00e3o simples da quantidade de contagem desejada com teclado e ecr\u00e3<br \/>\n&#8211; com 600 mm de comprimento de conduta (em alternativa, 100 cm)<br \/>\n&#8211; Altura do encaixe regul\u00e1vel at\u00e9 100 cm (ou 140 cm, especificar na encomenda)<br \/>\n&#8211; Comprimento da tira ajust\u00e1vel de aprox. 10 a 20 cm<br \/>\n&#8211; contagem de 6 a 9999 folhas<br \/>\n&#8211; Velocidade de contagem at\u00e9 aprox. 15.000 Bg.\/h<br \/>\n&#8211; el\u00e9trico. Liga\u00e7\u00e3o 230 V<\/p>\n","protected":false},"excerpt":{"rendered":"<p>&#8211; com sensor laser &#8211; sem liga\u00e7\u00e3o mec\u00e2nica ou el\u00e9ctrica \u00e0 prensa &#8211; Introdu\u00e7\u00e3o simples da quantidade de contagem desejada com teclado e ecr\u00e3 &#8211; com 600 mm de comprimento de conduta (em alternativa, 100 cm) &#8211; Altura do encaixe regul\u00e1vel at\u00e9 100 cm (ou 140 cm, especificar na encomenda) &#8211; Comprimento da tira ajust\u00e1vel [&hellip;]<\/p>\n","protected":false},"featured_media":74040,"template":"","meta":[],"product_brand":[],"product_cat":[3001],"product_tag":[],"class_list":{"0":"post-90425","1":"product","2":"type-product","3":"status-publish","4":"has-post-thumbnail","6":"product_cat-maquinas-de-contagem-de-papel","7":"pa_hersteller-vacuumatic","8":"pa_typ-cuti","10":"first","11":"instock","12":"taxable","13":"shipping-taxable","14":"purchasable","15":"product-type-simple"},"jetpack_sharing_enabled":true,"_links":{"self":[{"href":"https:\/\/www.3p-gmbh.de\/pt-br\/wp-json\/wp\/v2\/product\/90425","targetHints":{"allow":["GET"]}}],"collection":[{"href":"https:\/\/www.3p-gmbh.de\/pt-br\/wp-json\/wp\/v2\/product"}],"about":[{"href":"https:\/\/www.3p-gmbh.de\/pt-br\/wp-json\/wp\/v2\/types\/product"}],"wp:featuredmedia":[{"embeddable":true,"href":"https:\/\/www.3p-gmbh.de\/pt-br\/wp-json\/wp\/v2\/media\/74040"}],"wp:attachment":[{"href":"https:\/\/www.3p-gmbh.de\/pt-br\/wp-json\/wp\/v2\/media?parent=90425"}],"wp:term":[{"taxonomy":"product_brand","embeddable":true,"href":"https:\/\/www.3p-gmbh.de\/pt-br\/wp-json\/wp\/v2\/product_brand?post=90425"},{"taxonomy":"product_cat","embeddable":true,"href":"https:\/\/www.3p-gmbh.de\/pt-br\/wp-json\/wp\/v2\/product_cat?post=90425"},{"taxonomy":"product_tag","embeddable":true,"href":"https:\/\/www.3p-gmbh.de\/pt-br\/wp-json\/wp\/v2\/product_tag?post=90425"}],"curies":[{"name":"wp","href":"https:\/\/api.w.org\/{rel}","templated":true}]}}