{"id":90420,"date":"2019-11-05T15:10:03","date_gmt":"2019-11-05T15:10:03","guid":{"rendered":"https:\/\/www.3p-gmbh.de\/produkt\/fuji-silver-hunter-instalacao-para-a-dessalinizacao-do-banho-de-fixacao\/"},"modified":"2019-11-05T15:10:03","modified_gmt":"2019-11-05T15:10:03","slug":"fuji-silver-hunter-plant-for-desilvering-fixing-bath","status":"publish","type":"product","link":"https:\/\/www.3p-gmbh.de\/pt-br\/produkt\/fuji-silver-hunter-plant-for-desilvering-fixing-bath\/","title":{"rendered":"Fuji Silver Hunter &#8211; Instala\u00e7\u00e3o para a dessaliniza\u00e7\u00e3o do banho de fixa\u00e7\u00e3o"},"content":{"rendered":"<p>Dessaliniza\u00e7\u00e3o do banho de fixa\u00e7\u00e3o Fuji Silver Hunter<br \/>\nRecupera\u00e7\u00e3o de prata usada de banhos fotogr\u00e1ficos usados atrav\u00e9s de bypass<\/p>\n","protected":false},"excerpt":{"rendered":"<p>Dessaliniza\u00e7\u00e3o do banho de fixa\u00e7\u00e3o Fuji Silver Hunter Recupera\u00e7\u00e3o de prata usada de banhos fotogr\u00e1ficos usados atrav\u00e9s de bypass<\/p>\n","protected":false},"featured_media":74034,"template":"","meta":[],"product_brand":[],"product_cat":[2937],"product_tag":[],"class_list":{"0":"post-90420","1":"product","2":"type-product","3":"status-publish","4":"has-post-thumbnail","6":"product_cat-sistemas-de-revelacao-de-filmes","7":"pa_hersteller-fuji","8":"pa_typ-silver-hunter","10":"first","11":"instock","12":"taxable","13":"shipping-taxable","14":"purchasable","15":"product-type-simple"},"jetpack_sharing_enabled":true,"_links":{"self":[{"href":"https:\/\/www.3p-gmbh.de\/pt-br\/wp-json\/wp\/v2\/product\/90420","targetHints":{"allow":["GET"]}}],"collection":[{"href":"https:\/\/www.3p-gmbh.de\/pt-br\/wp-json\/wp\/v2\/product"}],"about":[{"href":"https:\/\/www.3p-gmbh.de\/pt-br\/wp-json\/wp\/v2\/types\/product"}],"wp:featuredmedia":[{"embeddable":true,"href":"https:\/\/www.3p-gmbh.de\/pt-br\/wp-json\/wp\/v2\/media\/74034"}],"wp:attachment":[{"href":"https:\/\/www.3p-gmbh.de\/pt-br\/wp-json\/wp\/v2\/media?parent=90420"}],"wp:term":[{"taxonomy":"product_brand","embeddable":true,"href":"https:\/\/www.3p-gmbh.de\/pt-br\/wp-json\/wp\/v2\/product_brand?post=90420"},{"taxonomy":"product_cat","embeddable":true,"href":"https:\/\/www.3p-gmbh.de\/pt-br\/wp-json\/wp\/v2\/product_cat?post=90420"},{"taxonomy":"product_tag","embeddable":true,"href":"https:\/\/www.3p-gmbh.de\/pt-br\/wp-json\/wp\/v2\/product_tag?post=90420"}],"curies":[{"name":"wp","href":"https:\/\/api.w.org\/{rel}","templated":true}]}}