{"id":90413,"date":"2019-11-05T15:30:36","date_gmt":"2019-11-05T15:30:36","guid":{"rendered":"https:\/\/www.3p-gmbh.de\/produkt\/minipack-torre-visonbag-embaladora-de-folha-de-aluminio\/"},"modified":"2019-11-05T15:30:36","modified_gmt":"2019-11-05T15:30:36","slug":"maquina-de-embalar-minipack-torre-visonbag-foil-wrapping-machine","status":"publish","type":"product","link":"https:\/\/www.3p-gmbh.de\/pt-br\/produkt\/maquina-de-embalar-minipack-torre-visonbag-foil-wrapping-machine\/","title":{"rendered":"Minipack Torre Visonbag Embaladora de folha de alum\u00ednio"},"content":{"rendered":"<div>\n<p>A forma mais simples de embalar brochuras e revistas.<br \/>\nEmbala folhas soltas e materiais at\u00e9 16 mm de espessura, como revistas, de forma r\u00e1pida, c\u00f3moda e econ\u00f3mica por hora aprox. 1000 unidades<\/p>\n<p>O produto \u00e9 inserido manualmente na parte superior do ombro formador de pel\u00edcula e deixado cair<br \/>\nem que o comprimento do produto \u00e9 automaticamente detectado por fotoc\u00e9lulas.<br \/>\nO produto embalado cai num compartimento de armazenamento na parte inferior.<\/p>\n<\/div>\n<div><\/div>\n<p>&nbsp;<\/p>\n","protected":false},"excerpt":{"rendered":"<p>A forma mais simples de embalar brochuras e revistas. Embala folhas soltas e materiais at\u00e9 16 mm de espessura, como revistas, de forma r\u00e1pida, c\u00f3moda e econ\u00f3mica por hora aprox. 1000 unidades O produto \u00e9 inserido manualmente na parte superior do ombro formador de pel\u00edcula e deixado cair em que o comprimento do produto \u00e9 [&hellip;]<\/p>\n","protected":false},"featured_media":81850,"template":"","meta":[],"product_brand":[],"product_cat":[3026],"product_tag":[],"class_list":{"0":"post-90413","1":"product","2":"type-product","3":"status-publish","4":"has-post-thumbnail","6":"product_cat-embalagem-de-pelicula-e-embaladora-extensivel","7":"pa_hersteller-torre-minipack","8":"pa_typ-visonbag","10":"first","11":"instock","12":"taxable","13":"shipping-taxable","14":"purchasable","15":"product-type-simple"},"jetpack_sharing_enabled":true,"_links":{"self":[{"href":"https:\/\/www.3p-gmbh.de\/pt-br\/wp-json\/wp\/v2\/product\/90413","targetHints":{"allow":["GET"]}}],"collection":[{"href":"https:\/\/www.3p-gmbh.de\/pt-br\/wp-json\/wp\/v2\/product"}],"about":[{"href":"https:\/\/www.3p-gmbh.de\/pt-br\/wp-json\/wp\/v2\/types\/product"}],"wp:featuredmedia":[{"embeddable":true,"href":"https:\/\/www.3p-gmbh.de\/pt-br\/wp-json\/wp\/v2\/media\/81850"}],"wp:attachment":[{"href":"https:\/\/www.3p-gmbh.de\/pt-br\/wp-json\/wp\/v2\/media?parent=90413"}],"wp:term":[{"taxonomy":"product_brand","embeddable":true,"href":"https:\/\/www.3p-gmbh.de\/pt-br\/wp-json\/wp\/v2\/product_brand?post=90413"},{"taxonomy":"product_cat","embeddable":true,"href":"https:\/\/www.3p-gmbh.de\/pt-br\/wp-json\/wp\/v2\/product_cat?post=90413"},{"taxonomy":"product_tag","embeddable":true,"href":"https:\/\/www.3p-gmbh.de\/pt-br\/wp-json\/wp\/v2\/product_tag?post=90413"}],"curies":[{"name":"wp","href":"https:\/\/api.w.org\/{rel}","templated":true}]}}