{"id":90412,"date":"2019-11-05T15:42:24","date_gmt":"2019-11-05T15:42:24","guid":{"rendered":"https:\/\/www.3p-gmbh.de\/produkt\/maquina-automatica-para-aplicacao-de-cintas-em-mesas-com-24-30\/"},"modified":"2019-11-05T15:42:24","modified_gmt":"2019-11-05T15:42:24","slug":"mesa-de-leitura-automatica-com-24-30","status":"publish","type":"product","link":"https:\/\/www.3p-gmbh.de\/pt-br\/produkt\/mesa-de-leitura-automatica-com-24-30\/","title":{"rendered":"M\u00e1quina autom\u00e1tica para aplica\u00e7\u00e3o de cintas em mesas COM 24-30"},"content":{"rendered":"<p>a pequena e compacta m\u00e1quina polivalente entre as m\u00e1quinas de cintagem.<br \/>\nAs torres regul\u00e1veis permitem adaptar a largura de passagem ao formato do produto.<br \/>\nDe suave a extremamente apertada, a tens\u00e3o da correia \u00e9 infinitamente ajust\u00e1vel e, portanto, adequada para praticamente qualquer produto.<br \/>\n\u00c9 poss\u00edvel alternar entre papel de cintagem e pel\u00edcula de cintagem sem alterar as defini\u00e7\u00f5es<\/p>\n","protected":false},"excerpt":{"rendered":"<p>a pequena e compacta m\u00e1quina polivalente entre as m\u00e1quinas de cintagem. As torres regul\u00e1veis permitem adaptar a largura de passagem ao formato do produto. De suave a extremamente apertada, a tens\u00e3o da correia \u00e9 infinitamente ajust\u00e1vel e, portanto, adequada para praticamente qualquer produto. \u00c9 poss\u00edvel alternar entre papel de cintagem e pel\u00edcula de cintagem sem [&hellip;]<\/p>\n","protected":false},"featured_media":74058,"template":"","meta":[],"product_brand":[],"product_cat":[2859],"product_tag":[],"class_list":{"0":"post-90412","1":"product","2":"type-product","3":"status-publish","4":"has-post-thumbnail","6":"product_cat-maquinas-de-banderoling","7":"pa_typ-com-24-30","9":"first","10":"instock","11":"taxable","12":"shipping-taxable","13":"purchasable","14":"product-type-simple"},"jetpack_sharing_enabled":true,"_links":{"self":[{"href":"https:\/\/www.3p-gmbh.de\/pt-br\/wp-json\/wp\/v2\/product\/90412","targetHints":{"allow":["GET"]}}],"collection":[{"href":"https:\/\/www.3p-gmbh.de\/pt-br\/wp-json\/wp\/v2\/product"}],"about":[{"href":"https:\/\/www.3p-gmbh.de\/pt-br\/wp-json\/wp\/v2\/types\/product"}],"wp:featuredmedia":[{"embeddable":true,"href":"https:\/\/www.3p-gmbh.de\/pt-br\/wp-json\/wp\/v2\/media\/74058"}],"wp:attachment":[{"href":"https:\/\/www.3p-gmbh.de\/pt-br\/wp-json\/wp\/v2\/media?parent=90412"}],"wp:term":[{"taxonomy":"product_brand","embeddable":true,"href":"https:\/\/www.3p-gmbh.de\/pt-br\/wp-json\/wp\/v2\/product_brand?post=90412"},{"taxonomy":"product_cat","embeddable":true,"href":"https:\/\/www.3p-gmbh.de\/pt-br\/wp-json\/wp\/v2\/product_cat?post=90412"},{"taxonomy":"product_tag","embeddable":true,"href":"https:\/\/www.3p-gmbh.de\/pt-br\/wp-json\/wp\/v2\/product_tag?post=90412"}],"curies":[{"name":"wp","href":"https:\/\/api.w.org\/{rel}","templated":true}]}}