{"id":90398,"date":"2019-11-07T09:45:33","date_gmt":"2019-11-07T09:45:33","guid":{"rendered":"https:\/\/www.3p-gmbh.de\/produkt\/cortador-de-ranhuras-muero-para-carrossel-de-colagem-de-blocos-ou-prensa-de-colagem-de-blocos\/"},"modified":"2019-11-07T09:45:33","modified_gmt":"2019-11-07T09:45:33","slug":"muero-slots-for-block-glue-carousel-or-block-glue-press","status":"publish","type":"product","link":"https:\/\/www.3p-gmbh.de\/pt-br\/produkt\/muero-slots-for-block-glue-carousel-or-block-glue-press\/","title":{"rendered":"Cortador de ranhuras M\u00fcro para carrossel de colagem de blocos ou prensa de colagem de blocos"},"content":{"rendered":"<p>O cortador de ranhuras M\u00dcRO \u00e9 utilizado para refor\u00e7ar a colagem em bloco de brochuras,<br \/>\nCat\u00e1logos, listas, calend\u00e1rios e cart\u00f5es de pesagem (conjuntos de formul\u00e1rios em suporte de cart\u00e3o).<\/p>\n<p>N\u00famero de ranhuras por opera\u00e7\u00e3o: 10<br \/>\nEspa\u00e7amento entre ranhuras: 9 mm<br \/>\nProfundidade da ranhura: aprox. 1,1 mm<\/p>\n<p>Liga\u00e7\u00e3o: 230 Volt ~, 510 Watt<br \/>\nLargura da ranhura: 1 mm<br \/>\nTamanho: 40 x 20 x 10 cm<br \/>\nPeso: 4,0 kg<\/p>\n<p>O material a ser fresado deve ser firmemente fixado no carrossel com uma liga\u00e7\u00e3o absolutamente suave,<br \/>\no tim\u00e3o \u00e9 premido e movido para cima e para baixo e lateralmente.<\/p>\n","protected":false},"excerpt":{"rendered":"<p>O cortador de ranhuras M\u00dcRO \u00e9 utilizado para refor\u00e7ar a colagem em bloco de brochuras, Cat\u00e1logos, listas, calend\u00e1rios e cart\u00f5es de pesagem (conjuntos de formul\u00e1rios em suporte de cart\u00e3o). N\u00famero de ranhuras por opera\u00e7\u00e3o: 10 Espa\u00e7amento entre ranhuras: 9 mm Profundidade da ranhura: aprox. 1,1 mm Liga\u00e7\u00e3o: 230 Volt ~, 510 Watt Largura da ranhura: [&hellip;]<\/p>\n","protected":false},"featured_media":74124,"template":"","meta":[],"product_brand":[],"product_cat":[2892],"product_tag":[],"class_list":{"0":"post-90398","1":"product","2":"type-product","3":"status-publish","4":"has-post-thumbnail","6":"product_cat-encadernacao-de-sortido","7":"pa_hersteller-muero","9":"first","10":"instock","11":"taxable","12":"shipping-taxable","13":"purchasable","14":"product-type-simple"},"jetpack_sharing_enabled":true,"_links":{"self":[{"href":"https:\/\/www.3p-gmbh.de\/pt-br\/wp-json\/wp\/v2\/product\/90398","targetHints":{"allow":["GET"]}}],"collection":[{"href":"https:\/\/www.3p-gmbh.de\/pt-br\/wp-json\/wp\/v2\/product"}],"about":[{"href":"https:\/\/www.3p-gmbh.de\/pt-br\/wp-json\/wp\/v2\/types\/product"}],"wp:featuredmedia":[{"embeddable":true,"href":"https:\/\/www.3p-gmbh.de\/pt-br\/wp-json\/wp\/v2\/media\/74124"}],"wp:attachment":[{"href":"https:\/\/www.3p-gmbh.de\/pt-br\/wp-json\/wp\/v2\/media?parent=90398"}],"wp:term":[{"taxonomy":"product_brand","embeddable":true,"href":"https:\/\/www.3p-gmbh.de\/pt-br\/wp-json\/wp\/v2\/product_brand?post=90398"},{"taxonomy":"product_cat","embeddable":true,"href":"https:\/\/www.3p-gmbh.de\/pt-br\/wp-json\/wp\/v2\/product_cat?post=90398"},{"taxonomy":"product_tag","embeddable":true,"href":"https:\/\/www.3p-gmbh.de\/pt-br\/wp-json\/wp\/v2\/product_tag?post=90398"}],"curies":[{"name":"wp","href":"https:\/\/api.w.org\/{rel}","templated":true}]}}