{"id":90394,"date":"2019-11-07T10:01:16","date_gmt":"2019-11-07T10:01:16","guid":{"rendered":"https:\/\/www.3p-gmbh.de\/produkt\/porta-cliches-leibinger-para-unidades-de-impressao\/"},"modified":"2019-11-07T10:01:16","modified_gmt":"2019-11-07T10:01:16","slug":"leibinger-klischeetraeger-fuer-eindruckwerke","status":"publish","type":"product","link":"https:\/\/www.3p-gmbh.de\/pt-br\/produkt\/leibinger-klischeetraeger-fuer-eindruckwerke\/","title":{"rendered":"Porta clich\u00e9s Leibinger para unidades de impress\u00e3o"},"content":{"rendered":"<p>Heidelberger Druckmaschinen Leibinger suporte de placas para unidades de impress\u00e3o<br \/>\nQuickmaster , Printmaster , GTO 46 e GTO 52 , Speedmaster SM 52<\/p>\n","protected":false},"excerpt":{"rendered":"<p>Heidelberger Druckmaschinen Leibinger suporte de placas para unidades de impress\u00e3o Quickmaster , Printmaster , GTO 46 e GTO 52 , Speedmaster SM 52<\/p>\n","protected":false},"featured_media":74154,"template":"","meta":[],"product_brand":[],"product_cat":[2883],"product_tag":[],"class_list":{"0":"post-90394","1":"product","2":"type-product","3":"status-publish","4":"has-post-thumbnail","6":"product_cat-impressao-tipografica","7":"pa_hersteller-leibinger","8":"pa_typ-klischeetraeger","10":"first","11":"instock","12":"taxable","13":"shipping-taxable","14":"purchasable","15":"product-type-simple"},"jetpack_sharing_enabled":true,"_links":{"self":[{"href":"https:\/\/www.3p-gmbh.de\/pt-br\/wp-json\/wp\/v2\/product\/90394","targetHints":{"allow":["GET"]}}],"collection":[{"href":"https:\/\/www.3p-gmbh.de\/pt-br\/wp-json\/wp\/v2\/product"}],"about":[{"href":"https:\/\/www.3p-gmbh.de\/pt-br\/wp-json\/wp\/v2\/types\/product"}],"wp:featuredmedia":[{"embeddable":true,"href":"https:\/\/www.3p-gmbh.de\/pt-br\/wp-json\/wp\/v2\/media\/74154"}],"wp:attachment":[{"href":"https:\/\/www.3p-gmbh.de\/pt-br\/wp-json\/wp\/v2\/media?parent=90394"}],"wp:term":[{"taxonomy":"product_brand","embeddable":true,"href":"https:\/\/www.3p-gmbh.de\/pt-br\/wp-json\/wp\/v2\/product_brand?post=90394"},{"taxonomy":"product_cat","embeddable":true,"href":"https:\/\/www.3p-gmbh.de\/pt-br\/wp-json\/wp\/v2\/product_cat?post=90394"},{"taxonomy":"product_tag","embeddable":true,"href":"https:\/\/www.3p-gmbh.de\/pt-br\/wp-json\/wp\/v2\/product_tag?post=90394"}],"curies":[{"name":"wp","href":"https:\/\/api.w.org\/{rel}","templated":true}]}}