{"id":90377,"date":"2019-11-07T11:05:30","date_gmt":"2019-11-07T11:05:30","guid":{"rendered":"https:\/\/www.3p-gmbh.de\/produkt\/armacao-de-fecho-heidelberg-para-oht\/"},"modified":"2019-11-07T11:05:30","modified_gmt":"2019-11-07T11:05:30","slug":"heidelberg-locking-frame-oht","status":"publish","type":"product","link":"https:\/\/www.3p-gmbh.de\/pt-br\/produkt\/heidelberg-locking-frame-oht\/","title":{"rendered":"Arma\u00e7\u00e3o de fecho Heidelberg para OHT"},"content":{"rendered":"<p>por exemplo.<br \/>\n2 Quadro de bloqueio OHT com conte\u00fado mas<br \/>\nsem as ferramentas de perfura\u00e7\u00e3o Euro<\/p>\n<p>Arma\u00e7\u00e3o de bloqueio OHT sem conte\u00fado<\/p>\n<p>&nbsp;<\/p>\n","protected":false},"excerpt":{"rendered":"<p>por exemplo. 2 Quadro de bloqueio OHT com conte\u00fado mas sem as ferramentas de perfura\u00e7\u00e3o Euro Arma\u00e7\u00e3o de bloqueio OHT sem conte\u00fado &nbsp;<\/p>\n","protected":false},"featured_media":74184,"template":"","meta":[],"product_brand":[],"product_cat":[2883],"product_tag":[],"class_list":{"0":"post-90377","1":"product","2":"type-product","3":"status-publish","4":"has-post-thumbnail","6":"product_cat-impressao-tipografica","7":"pa_hersteller-heidelberg","8":"pa_typ-oht","10":"first","11":"instock","12":"taxable","13":"shipping-taxable","14":"purchasable","15":"product-type-simple"},"jetpack_sharing_enabled":true,"_links":{"self":[{"href":"https:\/\/www.3p-gmbh.de\/pt-br\/wp-json\/wp\/v2\/product\/90377","targetHints":{"allow":["GET"]}}],"collection":[{"href":"https:\/\/www.3p-gmbh.de\/pt-br\/wp-json\/wp\/v2\/product"}],"about":[{"href":"https:\/\/www.3p-gmbh.de\/pt-br\/wp-json\/wp\/v2\/types\/product"}],"wp:featuredmedia":[{"embeddable":true,"href":"https:\/\/www.3p-gmbh.de\/pt-br\/wp-json\/wp\/v2\/media\/74184"}],"wp:attachment":[{"href":"https:\/\/www.3p-gmbh.de\/pt-br\/wp-json\/wp\/v2\/media?parent=90377"}],"wp:term":[{"taxonomy":"product_brand","embeddable":true,"href":"https:\/\/www.3p-gmbh.de\/pt-br\/wp-json\/wp\/v2\/product_brand?post=90377"},{"taxonomy":"product_cat","embeddable":true,"href":"https:\/\/www.3p-gmbh.de\/pt-br\/wp-json\/wp\/v2\/product_cat?post=90377"},{"taxonomy":"product_tag","embeddable":true,"href":"https:\/\/www.3p-gmbh.de\/pt-br\/wp-json\/wp\/v2\/product_tag?post=90377"}],"curies":[{"name":"wp","href":"https:\/\/api.w.org\/{rel}","templated":true}]}}