{"id":90376,"date":"2019-11-07T10:51:41","date_gmt":"2019-11-07T10:51:41","guid":{"rendered":"https:\/\/www.3p-gmbh.de\/produkt\/aparelho-de-prensagem-a-quente-habasit-pt-55-8\/"},"modified":"2019-11-07T10:51:41","modified_gmt":"2019-11-07T10:51:41","slug":"habasit-dispositivo-de-prensagem-a-quente-pt-55-8","status":"publish","type":"product","link":"https:\/\/www.3p-gmbh.de\/pt-br\/produkt\/habasit-dispositivo-de-prensagem-a-quente-pt-55-8\/","title":{"rendered":"Aparelho de prensagem a quente Habasit PT-55 -8"},"content":{"rendered":"<p>para a uni\u00e3o final de fitas de m\u00e1quinas e fusos Habasit at\u00e9 uma largura de 50 mm e uma espessura de 2,5 mm, utilizando o processo Thermofix.<\/p>\n<p>O comprimento m\u00e1ximo de desbaste maquin\u00e1vel \u00e9 de 35 mm. Com calhas de guia na largura necess\u00e1ria para a respectiva aplica\u00e7\u00e3o e a possibilidade de ligar a prensa quente conforme desejado entre 110 e 240 V, a PT-55 proporciona um sistema de jun\u00e7\u00e3o de extremidades muito flex\u00edvel.<\/p>\n","protected":false},"excerpt":{"rendered":"<p>para a uni\u00e3o final de fitas de m\u00e1quinas e fusos Habasit at\u00e9 uma largura de 50 mm e uma espessura de 2,5 mm, utilizando o processo Thermofix. O comprimento m\u00e1ximo de desbaste maquin\u00e1vel \u00e9 de 35 mm. Com calhas de guia na largura necess\u00e1ria para a respectiva aplica\u00e7\u00e3o e a possibilidade de ligar a prensa [&hellip;]<\/p>\n","protected":false},"featured_media":74181,"template":"","meta":[],"product_brand":[],"product_cat":[2868],"product_tag":[],"class_list":{"0":"post-90376","1":"product","2":"type-product","3":"status-publish","4":"has-post-thumbnail","6":"product_cat-outras-transformacoes-posteriores","7":"pa_hersteller-habasit","8":"pa_typ-pt-55-8","10":"first","11":"instock","12":"taxable","13":"shipping-taxable","14":"purchasable","15":"product-type-simple"},"jetpack_sharing_enabled":true,"_links":{"self":[{"href":"https:\/\/www.3p-gmbh.de\/pt-br\/wp-json\/wp\/v2\/product\/90376","targetHints":{"allow":["GET"]}}],"collection":[{"href":"https:\/\/www.3p-gmbh.de\/pt-br\/wp-json\/wp\/v2\/product"}],"about":[{"href":"https:\/\/www.3p-gmbh.de\/pt-br\/wp-json\/wp\/v2\/types\/product"}],"wp:featuredmedia":[{"embeddable":true,"href":"https:\/\/www.3p-gmbh.de\/pt-br\/wp-json\/wp\/v2\/media\/74181"}],"wp:attachment":[{"href":"https:\/\/www.3p-gmbh.de\/pt-br\/wp-json\/wp\/v2\/media?parent=90376"}],"wp:term":[{"taxonomy":"product_brand","embeddable":true,"href":"https:\/\/www.3p-gmbh.de\/pt-br\/wp-json\/wp\/v2\/product_brand?post=90376"},{"taxonomy":"product_cat","embeddable":true,"href":"https:\/\/www.3p-gmbh.de\/pt-br\/wp-json\/wp\/v2\/product_cat?post=90376"},{"taxonomy":"product_tag","embeddable":true,"href":"https:\/\/www.3p-gmbh.de\/pt-br\/wp-json\/wp\/v2\/product_tag?post=90376"}],"curies":[{"name":"wp","href":"https:\/\/api.w.org\/{rel}","templated":true}]}}