{"id":90374,"date":"2019-11-07T11:23:35","date_gmt":"2019-11-07T11:23:35","guid":{"rendered":"https:\/\/www.3p-gmbh.de\/produkt\/transportador-de-correia-curvo-gkf-90-500r-600\/"},"modified":"2019-11-07T11:23:35","modified_gmt":"2019-11-07T11:23:35","slug":"gkf-90-500r-600-kurvengurtfoerderer","status":"publish","type":"product","link":"https:\/\/www.3p-gmbh.de\/pt-br\/produkt\/gkf-90-500r-600-kurvengurtfoerderer\/","title":{"rendered":"Transportador de correia curvo GKF 90-500R-600"},"content":{"rendered":"<p>\u00c2ngulo 90<br \/>\nLargura de banda 500mm<br \/>\nNo sentido dos ponteiros do rel\u00f3gio<br \/>\nRegula\u00e7\u00e3o em altura<\/p>\n<p>Possibilidade de reequipamento com conversor de frequ\u00eancia a um custo adicional<\/p>\n<p>2 pe\u00e7as dispon\u00edveis<\/p>\n","protected":false},"excerpt":{"rendered":"<p>\u00c2ngulo 90 Largura de banda 500mm No sentido dos ponteiros do rel\u00f3gio Regula\u00e7\u00e3o em altura Possibilidade de reequipamento com conversor de frequ\u00eancia a um custo adicional 2 pe\u00e7as dispon\u00edveis<\/p>\n","protected":false},"featured_media":74190,"template":"","meta":[],"product_brand":[],"product_cat":[3041],"product_tag":[],"class_list":{"0":"post-90374","1":"product","2":"type-product","3":"status-publish","4":"has-post-thumbnail","6":"product_cat-tecnologia-de-transporte","7":"pa_hersteller-gkf","8":"pa_typ-gkf-90-500r-600","10":"first","11":"instock","12":"taxable","13":"shipping-taxable","14":"purchasable","15":"product-type-simple"},"jetpack_sharing_enabled":true,"_links":{"self":[{"href":"https:\/\/www.3p-gmbh.de\/pt-br\/wp-json\/wp\/v2\/product\/90374","targetHints":{"allow":["GET"]}}],"collection":[{"href":"https:\/\/www.3p-gmbh.de\/pt-br\/wp-json\/wp\/v2\/product"}],"about":[{"href":"https:\/\/www.3p-gmbh.de\/pt-br\/wp-json\/wp\/v2\/types\/product"}],"wp:featuredmedia":[{"embeddable":true,"href":"https:\/\/www.3p-gmbh.de\/pt-br\/wp-json\/wp\/v2\/media\/74190"}],"wp:attachment":[{"href":"https:\/\/www.3p-gmbh.de\/pt-br\/wp-json\/wp\/v2\/media?parent=90374"}],"wp:term":[{"taxonomy":"product_brand","embeddable":true,"href":"https:\/\/www.3p-gmbh.de\/pt-br\/wp-json\/wp\/v2\/product_brand?post=90374"},{"taxonomy":"product_cat","embeddable":true,"href":"https:\/\/www.3p-gmbh.de\/pt-br\/wp-json\/wp\/v2\/product_cat?post=90374"},{"taxonomy":"product_tag","embeddable":true,"href":"https:\/\/www.3p-gmbh.de\/pt-br\/wp-json\/wp\/v2\/product_tag?post=90374"}],"curies":[{"name":"wp","href":"https:\/\/api.w.org\/{rel}","templated":true}]}}