{"id":90359,"date":"2019-11-07T13:12:51","date_gmt":"2019-11-07T13:12:51","guid":{"rendered":"https:\/\/www.3p-gmbh.de\/produkt\/unidade-movel-de-dobragem-heidelberg-stahlfolder-buh-56-2-3-tes\/"},"modified":"2019-11-07T13:12:51","modified_gmt":"2019-11-07T13:12:51","slug":"heidelberg-steel-folder-buh-56-2-3-tes-mobile-folding-plant","status":"publish","type":"product","link":"https:\/\/www.3p-gmbh.de\/pt-br\/produkt\/heidelberg-steel-folder-buh-56-2-3-tes-mobile-folding-plant\/","title":{"rendered":"Unidade m\u00f3vel de dobragem Heidelberg Stahlfolder BUH 56-2 3.tes"},"content":{"rendered":"<p>Regula\u00e7\u00e3o motorizada da r\u00e9gua, do rolo e da placa de fivela<br \/>\n2 bolsos 56 cm de largura de entrada<\/p>\n","protected":false},"excerpt":{"rendered":"<p>Regula\u00e7\u00e3o motorizada da r\u00e9gua, do rolo e da placa de fivela 2 bolsos 56 cm de largura de entrada<\/p>\n","protected":false},"featured_media":74238,"template":"","meta":[],"product_brand":[],"product_cat":[2912],"product_tag":[],"class_list":{"0":"post-90359","1":"product","2":"type-product","3":"status-publish","4":"has-post-thumbnail","6":"product_cat-unidades-de-dobragem","7":"pa_hersteller-heidelberg-stahlfolder","8":"pa_typ-buh-56-2","10":"first","11":"instock","12":"taxable","13":"shipping-taxable","14":"purchasable","15":"product-type-simple"},"jetpack_sharing_enabled":true,"_links":{"self":[{"href":"https:\/\/www.3p-gmbh.de\/pt-br\/wp-json\/wp\/v2\/product\/90359","targetHints":{"allow":["GET"]}}],"collection":[{"href":"https:\/\/www.3p-gmbh.de\/pt-br\/wp-json\/wp\/v2\/product"}],"about":[{"href":"https:\/\/www.3p-gmbh.de\/pt-br\/wp-json\/wp\/v2\/types\/product"}],"wp:featuredmedia":[{"embeddable":true,"href":"https:\/\/www.3p-gmbh.de\/pt-br\/wp-json\/wp\/v2\/media\/74238"}],"wp:attachment":[{"href":"https:\/\/www.3p-gmbh.de\/pt-br\/wp-json\/wp\/v2\/media?parent=90359"}],"wp:term":[{"taxonomy":"product_brand","embeddable":true,"href":"https:\/\/www.3p-gmbh.de\/pt-br\/wp-json\/wp\/v2\/product_brand?post=90359"},{"taxonomy":"product_cat","embeddable":true,"href":"https:\/\/www.3p-gmbh.de\/pt-br\/wp-json\/wp\/v2\/product_cat?post=90359"},{"taxonomy":"product_tag","embeddable":true,"href":"https:\/\/www.3p-gmbh.de\/pt-br\/wp-json\/wp\/v2\/product_tag?post=90359"}],"curies":[{"name":"wp","href":"https:\/\/api.w.org\/{rel}","templated":true}]}}