{"id":90353,"date":"2019-11-07T14:19:51","date_gmt":"2019-11-07T14:19:51","guid":{"rendered":"https:\/\/www.3p-gmbh.de\/produkt\/processador-de-pelicula-fuji-glunz-jensen-multiline-ml-400\/"},"modified":"2019-11-07T14:19:51","modified_gmt":"2019-11-07T14:19:51","slug":"maquina-de-revelacao-de-pelicula-fuji-glunz-jensen-multiline-ml-400","status":"publish","type":"product","link":"https:\/\/www.3p-gmbh.de\/pt-br\/produkt\/maquina-de-revelacao-de-pelicula-fuji-glunz-jensen-multiline-ml-400\/","title":{"rendered":"Processador de pel\u00edcula Fuji Glunz &amp; Jensen Multiline ML 400"},"content":{"rendered":"<p>com cassete de luz do dia e estrutura inferior fechada<\/p>\n<p>Largura de entrada 400 mm<br \/>\nDep\u00f3sito de revela\u00e7\u00e3o 12,7 litros<\/p>\n","protected":false},"excerpt":{"rendered":"<p>com cassete de luz do dia e estrutura inferior fechada Largura de entrada 400 mm Dep\u00f3sito de revela\u00e7\u00e3o 12,7 litros<\/p>\n","protected":false},"featured_media":74268,"template":"","meta":[],"product_brand":[],"product_cat":[2937],"product_tag":[],"class_list":{"0":"post-90353","1":"product","2":"type-product","3":"status-publish","4":"has-post-thumbnail","6":"product_cat-sistemas-de-revelacao-de-filmes","7":"pa_hersteller-fuji","8":"pa_hersteller-glunz-jensen","9":"pa_typ-multiline-ml-400","11":"first","12":"instock","13":"taxable","14":"shipping-taxable","15":"purchasable","16":"product-type-simple"},"jetpack_sharing_enabled":true,"_links":{"self":[{"href":"https:\/\/www.3p-gmbh.de\/pt-br\/wp-json\/wp\/v2\/product\/90353","targetHints":{"allow":["GET"]}}],"collection":[{"href":"https:\/\/www.3p-gmbh.de\/pt-br\/wp-json\/wp\/v2\/product"}],"about":[{"href":"https:\/\/www.3p-gmbh.de\/pt-br\/wp-json\/wp\/v2\/types\/product"}],"wp:featuredmedia":[{"embeddable":true,"href":"https:\/\/www.3p-gmbh.de\/pt-br\/wp-json\/wp\/v2\/media\/74268"}],"wp:attachment":[{"href":"https:\/\/www.3p-gmbh.de\/pt-br\/wp-json\/wp\/v2\/media?parent=90353"}],"wp:term":[{"taxonomy":"product_brand","embeddable":true,"href":"https:\/\/www.3p-gmbh.de\/pt-br\/wp-json\/wp\/v2\/product_brand?post=90353"},{"taxonomy":"product_cat","embeddable":true,"href":"https:\/\/www.3p-gmbh.de\/pt-br\/wp-json\/wp\/v2\/product_cat?post=90353"},{"taxonomy":"product_tag","embeddable":true,"href":"https:\/\/www.3p-gmbh.de\/pt-br\/wp-json\/wp\/v2\/product_tag?post=90353"}],"curies":[{"name":"wp","href":"https:\/\/api.w.org\/{rel}","templated":true}]}}