{"id":90352,"date":"2019-11-07T13:20:03","date_gmt":"2019-11-07T13:20:03","guid":{"rendered":"https:\/\/www.3p-gmbh.de\/produkt\/software-de-montagem-de-folhas-heidelberg-prinect-signastation-4-5\/"},"modified":"2019-11-07T13:20:03","modified_gmt":"2019-11-07T13:20:03","slug":"heidelberg-prinect-signastation-4-5-sheet-assembly-software","status":"publish","type":"product","link":"https:\/\/www.3p-gmbh.de\/pt-br\/produkt\/heidelberg-prinect-signastation-4-5-sheet-assembly-software\/","title":{"rendered":"Software de montagem de folhas Heidelberg Prinect Signastation 4.5"},"content":{"rendered":"<p>A imposi\u00e7\u00e3o ou montagem de folhas \u00e9 um dos primeiros passos na produ\u00e7\u00e3o de produtos impressos. A Heidelberg SignaStation oferece o pr\u00e9-requisito para um fluxo de trabalho eficiente, flex\u00edvel e seguro. Os diferentes modos permitem ao utilizador reagir \u00e0s mais diversas necessidades. Desde a cria\u00e7\u00e3o de moldes colectivos at\u00e9 \u00e0 imposi\u00e7\u00e3o totalmente autom\u00e1tica. A SignaStation processa Postscript, PDF e Deltalist e gera rips prontos para postscript. As fichas de trabalho (PJTFs-Adobe Portable Job Ticket Format) s\u00e3o geradas para fluxos de trabalho baseados em fichas de trabalho. Uma nova funcionalidade \u00e9 a sa\u00edda JDF (Job Definition Format) da SignaStation, que \u00e9 utilizada em conjunto com fluxos de trabalho baseados em JDF.<\/p>\n","protected":false},"excerpt":{"rendered":"<p>A imposi\u00e7\u00e3o ou montagem de folhas \u00e9 um dos primeiros passos na produ\u00e7\u00e3o de produtos impressos. A Heidelberg SignaStation oferece o pr\u00e9-requisito para um fluxo de trabalho eficiente, flex\u00edvel e seguro. Os diferentes modos permitem ao utilizador reagir \u00e0s mais diversas necessidades. Desde a cria\u00e7\u00e3o de moldes colectivos at\u00e9 \u00e0 imposi\u00e7\u00e3o totalmente autom\u00e1tica. A SignaStation [&hellip;]<\/p>\n","protected":false},"featured_media":74247,"template":"","meta":[],"product_brand":[],"product_cat":[3007],"product_tag":[],"class_list":{"0":"post-90352","1":"product","2":"type-product","3":"status-publish","4":"has-post-thumbnail","6":"product_cat-software-de-pre-impressao","7":"pa_hersteller-heidelberg","8":"pa_typ-prinect-signastation-4-5","10":"first","11":"instock","12":"taxable","13":"shipping-taxable","14":"purchasable","15":"product-type-simple"},"jetpack_sharing_enabled":true,"_links":{"self":[{"href":"https:\/\/www.3p-gmbh.de\/pt-br\/wp-json\/wp\/v2\/product\/90352","targetHints":{"allow":["GET"]}}],"collection":[{"href":"https:\/\/www.3p-gmbh.de\/pt-br\/wp-json\/wp\/v2\/product"}],"about":[{"href":"https:\/\/www.3p-gmbh.de\/pt-br\/wp-json\/wp\/v2\/types\/product"}],"wp:featuredmedia":[{"embeddable":true,"href":"https:\/\/www.3p-gmbh.de\/pt-br\/wp-json\/wp\/v2\/media\/74247"}],"wp:attachment":[{"href":"https:\/\/www.3p-gmbh.de\/pt-br\/wp-json\/wp\/v2\/media?parent=90352"}],"wp:term":[{"taxonomy":"product_brand","embeddable":true,"href":"https:\/\/www.3p-gmbh.de\/pt-br\/wp-json\/wp\/v2\/product_brand?post=90352"},{"taxonomy":"product_cat","embeddable":true,"href":"https:\/\/www.3p-gmbh.de\/pt-br\/wp-json\/wp\/v2\/product_cat?post=90352"},{"taxonomy":"product_tag","embeddable":true,"href":"https:\/\/www.3p-gmbh.de\/pt-br\/wp-json\/wp\/v2\/product_tag?post=90352"}],"curies":[{"name":"wp","href":"https:\/\/api.w.org\/{rel}","templated":true}]}}