{"id":90342,"date":"2019-11-07T15:18:29","date_gmt":"2019-11-07T15:18:29","guid":{"rendered":"https:\/\/www.3p-gmbh.de\/produkt\/mesa-de-rolos-inclinada-movel-ajustavel-em-altura-em-aco-da-heidelberg-srt-66-f-re-d-estacao-de-acabamento\/"},"modified":"2019-11-07T15:18:29","modified_gmt":"2019-11-07T15:18:29","slug":"heidelberg-steel-mobile-height-adjustable-screw-roller-table-srt-66-f-re-d-finishing-station","status":"publish","type":"product","link":"https:\/\/www.3p-gmbh.de\/pt-br\/produkt\/heidelberg-steel-mobile-height-adjustable-screw-roller-table-srt-66-f-re-d-finishing-station\/","title":{"rendered":"Mesa de rolos inclinada, m\u00f3vel, ajust\u00e1vel em altura, em a\u00e7o, da Heidelberg SRT 66 F-re-D (Esta\u00e7\u00e3o de acabamento)"},"content":{"rendered":"<p>com barra esf\u00e9rica e controlo DCT<br \/>\nLargura da entrada 66cm<\/p>\n","protected":false},"excerpt":{"rendered":"<p>com barra esf\u00e9rica e controlo DCT Largura da entrada 66cm<\/p>\n","protected":false},"featured_media":74331,"template":"","meta":[],"product_brand":[],"product_cat":[2979],"product_tag":[],"class_list":{"0":"post-90342","1":"product","2":"type-product","3":"status-publish","4":"has-post-thumbnail","6":"product_cat-maquinas-de-dobrar","7":"pa_bezeichnung_typ-srt-66-f-re-d","8":"pa_hersteller-heidelberg-stahl","10":"first","11":"instock","12":"taxable","13":"shipping-taxable","14":"purchasable","15":"product-type-simple"},"jetpack_sharing_enabled":true,"_links":{"self":[{"href":"https:\/\/www.3p-gmbh.de\/pt-br\/wp-json\/wp\/v2\/product\/90342","targetHints":{"allow":["GET"]}}],"collection":[{"href":"https:\/\/www.3p-gmbh.de\/pt-br\/wp-json\/wp\/v2\/product"}],"about":[{"href":"https:\/\/www.3p-gmbh.de\/pt-br\/wp-json\/wp\/v2\/types\/product"}],"wp:featuredmedia":[{"embeddable":true,"href":"https:\/\/www.3p-gmbh.de\/pt-br\/wp-json\/wp\/v2\/media\/74331"}],"wp:attachment":[{"href":"https:\/\/www.3p-gmbh.de\/pt-br\/wp-json\/wp\/v2\/media?parent=90342"}],"wp:term":[{"taxonomy":"product_brand","embeddable":true,"href":"https:\/\/www.3p-gmbh.de\/pt-br\/wp-json\/wp\/v2\/product_brand?post=90342"},{"taxonomy":"product_cat","embeddable":true,"href":"https:\/\/www.3p-gmbh.de\/pt-br\/wp-json\/wp\/v2\/product_cat?post=90342"},{"taxonomy":"product_tag","embeddable":true,"href":"https:\/\/www.3p-gmbh.de\/pt-br\/wp-json\/wp\/v2\/product_tag?post=90342"}],"curies":[{"name":"wp","href":"https:\/\/api.w.org\/{rel}","templated":true}]}}