{"id":90340,"date":"2019-11-07T15:02:27","date_gmt":"2019-11-07T15:02:27","guid":{"rendered":"https:\/\/www.3p-gmbh.de\/produkt\/graphic-whizard-creasemaster-pro-com-alimentador-de-ar-de-succao\/"},"modified":"2019-11-07T15:02:27","modified_gmt":"2019-11-07T15:02:27","slug":"graphic-whizard-creasemaster-pro-com-alimentador-de-succao-de-ar","status":"publish","type":"product","link":"https:\/\/www.3p-gmbh.de\/pt-br\/produkt\/graphic-whizard-creasemaster-pro-com-alimentador-de-succao-de-ar\/","title":{"rendered":"Graphic Whizard CreaseMaster Pro com alimentador de ar de suc\u00e7\u00e3o"},"content":{"rendered":"<p>Entalhe &#8211; Ranhura &#8211; Perfura\u00e7\u00e3o &#8211; Corte longitudinal &#8211; Corte<\/p>\n<p>A dobragem de impress\u00f5es acabadas antes da dobragem est\u00e1 a tornar-se cada vez mais importante.<br \/>\nEspecialmente no caso das impress\u00f5es digitais, \u00e9 indispens\u00e1vel vincar corretamente antes de dobrar,<br \/>\npara evitar que a tinta e o papel se partam no bordo da dobra.<\/p>\n<p>O CreaseMaster funciona de acordo com a t\u00e9cnica tradicional com barras de vinco\/ranhura,<br \/>\nque comprimem o papel no bordo da dobra atrav\u00e9s de uma press\u00e3o regul\u00e1vel, evitando assim que o papel se parta durante a dobragem.<\/p>\n<p>Configura\u00e7\u00e3o extremamente r\u00e1pida atrav\u00e9s do ecr\u00e3 t\u00e1til e possibilidade de aplicar automaticamente at\u00e9 10 ranhuras por folha com 2 barras de ferramentas<br \/>\n&#8211; simultaneamente por cima e\/ou por baixo e com ranhura estreita ou larga, conforme necess\u00e1rio.<br \/>\nA dist\u00e2ncia m\u00ednima de ranhura a ranhura \u00e9 de 1 mm.<\/p>\n<p>Uma das duas barras ranhuradas pode ser substitu\u00edda por uma barra com perfura\u00e7\u00e3o, de modo a que as folhas possam ser ranhuradas e perfuradas ao mesmo tempo numa \u00fanica opera\u00e7\u00e3o.<br \/>\nOs trabalhos recorrentes s\u00e3o armazenados e recuperados em segundos.<br \/>\nAo mesmo tempo e independentemente do vinco do feixe, pode ser efectuado com rodas de ferramentas rotativas na alimenta\u00e7\u00e3o de papel,<br \/>\npodem ser efectuadas opera\u00e7\u00f5es adicionais: Vinco, perfura\u00e7\u00e3o, corte.<\/p>\n<p>O \u00e2mbito de fornecimento inclui uma bomba de press\u00e3o-v\u00e1cuo e um suporte de ferramentas com 2 ferramentas.<\/p>\n<p>Dados t\u00e9cnicos<br \/>\nFormato min. 30 x 127 mm<br \/>\nFormato m\u00e1ximo. 457 x 960 mm<br \/>\nSa\u00edda\/h m\u00e1x. 4.200 folhas (DIN A4 horizontal)<br \/>\nGramagem do papel 45 &#8211; 500 g\/m\u00b2<\/p>\n","protected":false},"excerpt":{"rendered":"<p>Entalhe &#8211; Ranhura &#8211; Perfura\u00e7\u00e3o &#8211; Corte longitudinal &#8211; Corte A dobragem de impress\u00f5es acabadas antes da dobragem est\u00e1 a tornar-se cada vez mais importante. Especialmente no caso das impress\u00f5es digitais, \u00e9 indispens\u00e1vel vincar corretamente antes de dobrar, para evitar que a tinta e o papel se partam no bordo da dobra. O CreaseMaster funciona [&hellip;]<\/p>\n","protected":false},"featured_media":74313,"template":"","meta":[],"product_brand":[],"product_cat":[2979],"product_tag":[],"class_list":{"0":"post-90340","1":"product","2":"type-product","3":"status-publish","4":"has-post-thumbnail","6":"product_cat-maquinas-de-dobrar","7":"pa_hersteller-graphic-whizard","8":"pa_typ-creasemaster-pro","10":"first","11":"instock","12":"taxable","13":"shipping-taxable","14":"purchasable","15":"product-type-simple"},"jetpack_sharing_enabled":true,"_links":{"self":[{"href":"https:\/\/www.3p-gmbh.de\/pt-br\/wp-json\/wp\/v2\/product\/90340","targetHints":{"allow":["GET"]}}],"collection":[{"href":"https:\/\/www.3p-gmbh.de\/pt-br\/wp-json\/wp\/v2\/product"}],"about":[{"href":"https:\/\/www.3p-gmbh.de\/pt-br\/wp-json\/wp\/v2\/types\/product"}],"wp:featuredmedia":[{"embeddable":true,"href":"https:\/\/www.3p-gmbh.de\/pt-br\/wp-json\/wp\/v2\/media\/74313"}],"wp:attachment":[{"href":"https:\/\/www.3p-gmbh.de\/pt-br\/wp-json\/wp\/v2\/media?parent=90340"}],"wp:term":[{"taxonomy":"product_brand","embeddable":true,"href":"https:\/\/www.3p-gmbh.de\/pt-br\/wp-json\/wp\/v2\/product_brand?post=90340"},{"taxonomy":"product_cat","embeddable":true,"href":"https:\/\/www.3p-gmbh.de\/pt-br\/wp-json\/wp\/v2\/product_cat?post=90340"},{"taxonomy":"product_tag","embeddable":true,"href":"https:\/\/www.3p-gmbh.de\/pt-br\/wp-json\/wp\/v2\/product_tag?post=90340"}],"curies":[{"name":"wp","href":"https:\/\/api.w.org\/{rel}","templated":true}]}}