{"id":90334,"date":"2019-11-07T14:28:00","date_gmt":"2019-11-07T14:28:00","guid":{"rendered":"https:\/\/www.3p-gmbh.de\/produkt\/maquina-de-furar-papel-de-mesa-com-fuso-190-nagel-citoborma\/"},"modified":"2019-11-07T14:28:00","modified_gmt":"2019-11-07T14:28:00","slug":"maquina-de-perfuracao-para-papel-de-mesa-de-pregos-citoborma-190","status":"publish","type":"product","link":"https:\/\/www.3p-gmbh.de\/pt-br\/produkt\/maquina-de-perfuracao-para-papel-de-mesa-de-pregos-citoborma-190\/","title":{"rendered":"M\u00e1quina de furar papel de mesa com fuso 190 Nagel Citoborma"},"content":{"rendered":"<p>Perfura\u00e7\u00e3o at\u00e9 600 folhas, muito robusta, broca at\u00e9 20 mm<\/p>\n<p>Mesa deslizante FlexoDrill<br \/>\nA centraliza\u00e7\u00e3o do papel com batente esquerdo retr\u00e1til permite uma inser\u00e7\u00e3o f\u00e1cil da pilha de papel, podem ser seleccionadas dist\u00e2ncias de batente individuais ou padr\u00f5es de orif\u00edcio padr\u00e3o com uma pega, 6 padr\u00f5es de orif\u00edcio predefinidos.<\/p>\n<p>Dados t\u00e9cnicos<br \/>\nOpera\u00e7\u00e3o manual do curso de perfura\u00e7\u00e3o<br \/>\nMandril de perfura\u00e7\u00e3o 1<br \/>\nAltura de perfura\u00e7\u00e3o at\u00e9 6 cm (600 folhas 80g\/m\u00b2)<br \/>\nLargura de inser\u00e7\u00e3o 470 mm<br \/>\nProfundidade de inser\u00e7\u00e3o 105 mm<br \/>\nDi\u00e2metro da broca 2 mm &#8211; 20 mm<br \/>\nTempo para 1 ciclo de trabalho dependente do operador<br \/>\nLiga\u00e7\u00e3o 230 V &#8211; 0,5 kW \/ 400 V &#8211; 0,5 kW<br \/>\nPeso 69 kg<br \/>\nDimens\u00f5es em mm (A x L x P) 730 x 640 x 600<\/p>\n","protected":false},"excerpt":{"rendered":"<p>Perfura\u00e7\u00e3o at\u00e9 600 folhas, muito robusta, broca at\u00e9 20 mm Mesa deslizante FlexoDrill A centraliza\u00e7\u00e3o do papel com batente esquerdo retr\u00e1til permite uma inser\u00e7\u00e3o f\u00e1cil da pilha de papel, podem ser seleccionadas dist\u00e2ncias de batente individuais ou padr\u00f5es de orif\u00edcio padr\u00e3o com uma pega, 6 padr\u00f5es de orif\u00edcio predefinidos. Dados t\u00e9cnicos Opera\u00e7\u00e3o manual do curso [&hellip;]<\/p>\n","protected":false},"featured_media":74289,"template":"","meta":[],"product_brand":[],"product_cat":[2958],"product_tag":[],"class_list":{"0":"post-90334","1":"product","2":"type-product","3":"status-publish","4":"has-post-thumbnail","6":"product_cat-brocas-de-papel","7":"pa_hersteller-ernst-nagel","8":"pa_typ-citoborma-190","10":"first","11":"instock","12":"taxable","13":"shipping-taxable","14":"purchasable","15":"product-type-simple"},"jetpack_sharing_enabled":true,"_links":{"self":[{"href":"https:\/\/www.3p-gmbh.de\/pt-br\/wp-json\/wp\/v2\/product\/90334","targetHints":{"allow":["GET"]}}],"collection":[{"href":"https:\/\/www.3p-gmbh.de\/pt-br\/wp-json\/wp\/v2\/product"}],"about":[{"href":"https:\/\/www.3p-gmbh.de\/pt-br\/wp-json\/wp\/v2\/types\/product"}],"wp:featuredmedia":[{"embeddable":true,"href":"https:\/\/www.3p-gmbh.de\/pt-br\/wp-json\/wp\/v2\/media\/74289"}],"wp:attachment":[{"href":"https:\/\/www.3p-gmbh.de\/pt-br\/wp-json\/wp\/v2\/media?parent=90334"}],"wp:term":[{"taxonomy":"product_brand","embeddable":true,"href":"https:\/\/www.3p-gmbh.de\/pt-br\/wp-json\/wp\/v2\/product_brand?post=90334"},{"taxonomy":"product_cat","embeddable":true,"href":"https:\/\/www.3p-gmbh.de\/pt-br\/wp-json\/wp\/v2\/product_cat?post=90334"},{"taxonomy":"product_tag","embeddable":true,"href":"https:\/\/www.3p-gmbh.de\/pt-br\/wp-json\/wp\/v2\/product_tag?post=90334"}],"curies":[{"name":"wp","href":"https:\/\/api.w.org\/{rel}","templated":true}]}}