{"id":90327,"date":"2019-11-07T15:51:35","date_gmt":"2019-11-07T15:51:35","guid":{"rendered":"https:\/\/www.3p-gmbh.de\/produkt\/horizon-afc-546-akt-dobradora-combinada-ajustavel-semi-automatica-com-entrega-de-prensa-de-telha-horizon-pst-40\/"},"modified":"2019-11-07T15:51:35","modified_gmt":"2019-11-07T15:51:35","slug":"horizon-afc-546-act-part-automatic-adjustable-combination-folding-machine-with-shingle-press-delivery-horizon-pst-40","status":"publish","type":"product","link":"https:\/\/www.3p-gmbh.de\/pt-br\/produkt\/horizon-afc-546-act-part-automatic-adjustable-combination-folding-machine-with-shingle-press-delivery-horizon-pst-40\/","title":{"rendered":"Horizon AFC-546 AKT dobradora combinada ajust\u00e1vel semi-autom\u00e1tica com entrega de prensa de telha Horizon PST-40"},"content":{"rendered":"<p>As suas vantagens<\/p>\n<p>Alimentador semi-autom\u00e1tico at\u00e9 \u00e0s placas de fivela<br \/>\nDefini\u00e7\u00f5es com precis\u00e3o ao mil\u00e9simo de mil\u00edmetro<br \/>\nTecnologia Touch&amp;work &#8211; central e f\u00e1cil de utilizar<\/p>\n<p>&#8211; Unidade dobr\u00e1vel com 6 bolsos regul\u00e1veis por motor<br \/>\n&#8211; 1 l\u00e2mina dobr\u00e1vel com ajuste totalmente autom\u00e1tico<br \/>\n&#8211; 2 bolsos dobr\u00e1veis subsequentes (esquerdo\/direito)<br \/>\n&#8211; Tecnologia Touch&amp;Work<br \/>\n&#8211; 17 tipos de dobras standard<br \/>\n&#8211; Mem\u00f3ria de trabalho: 200<br \/>\n&#8211; Controlo de folha dupla<br \/>\n&#8211; controlo das desloca\u00e7\u00f5es em folha<br \/>\n&#8211; Dispositivo para vincar e perfurar<\/p>\n<p>pormenores t\u00e9cnicos:<br \/>\n&#8211; Pot\u00eancia: m\u00e1x. 50.000 ciclos\/h<br \/>\n&#8211; Peso do papel: 40-250g\/m\u00b2.<br \/>\n&#8211; Altura de empilhamento do alimentador: 740 mm<br \/>\n&#8211; Formato: min. 128x148mm; m\u00e1x. 558x850mm<br \/>\n&#8211; Consumo de energia: 2,7kW<br \/>\n&#8211; Liga\u00e7\u00e3o el\u00e9ctrica: 400V corrente trif\u00e1sica 50\/60Hz<br \/>\n&#8211; Compressor T4.40<\/p>\n","protected":false},"excerpt":{"rendered":"<p>As suas vantagens Alimentador semi-autom\u00e1tico at\u00e9 \u00e0s placas de fivela Defini\u00e7\u00f5es com precis\u00e3o ao mil\u00e9simo de mil\u00edmetro Tecnologia Touch&amp;work &#8211; central e f\u00e1cil de utilizar &#8211; Unidade dobr\u00e1vel com 6 bolsos regul\u00e1veis por motor &#8211; 1 l\u00e2mina dobr\u00e1vel com ajuste totalmente autom\u00e1tico &#8211; 2 bolsos dobr\u00e1veis subsequentes (esquerdo\/direito) &#8211; Tecnologia Touch&amp;Work &#8211; 17 tipos de [&hellip;]<\/p>\n","protected":false},"featured_media":74361,"template":"","meta":[],"product_brand":[],"product_cat":[2979],"product_tag":[],"class_list":{"0":"post-90327","1":"product","2":"type-product","3":"status-publish","4":"has-post-thumbnail","6":"product_cat-maquinas-de-dobrar","7":"pa_hersteller-horizon","8":"pa_typ-afc-546-akt","10":"first","11":"instock","12":"taxable","13":"shipping-taxable","14":"purchasable","15":"product-type-simple"},"jetpack_sharing_enabled":true,"_links":{"self":[{"href":"https:\/\/www.3p-gmbh.de\/pt-br\/wp-json\/wp\/v2\/product\/90327","targetHints":{"allow":["GET"]}}],"collection":[{"href":"https:\/\/www.3p-gmbh.de\/pt-br\/wp-json\/wp\/v2\/product"}],"about":[{"href":"https:\/\/www.3p-gmbh.de\/pt-br\/wp-json\/wp\/v2\/types\/product"}],"wp:featuredmedia":[{"embeddable":true,"href":"https:\/\/www.3p-gmbh.de\/pt-br\/wp-json\/wp\/v2\/media\/74361"}],"wp:attachment":[{"href":"https:\/\/www.3p-gmbh.de\/pt-br\/wp-json\/wp\/v2\/media?parent=90327"}],"wp:term":[{"taxonomy":"product_brand","embeddable":true,"href":"https:\/\/www.3p-gmbh.de\/pt-br\/wp-json\/wp\/v2\/product_brand?post=90327"},{"taxonomy":"product_cat","embeddable":true,"href":"https:\/\/www.3p-gmbh.de\/pt-br\/wp-json\/wp\/v2\/product_cat?post=90327"},{"taxonomy":"product_tag","embeddable":true,"href":"https:\/\/www.3p-gmbh.de\/pt-br\/wp-json\/wp\/v2\/product_tag?post=90327"}],"curies":[{"name":"wp","href":"https:\/\/api.w.org\/{rel}","templated":true}]}}