{"id":90321,"date":"2019-11-08T09:53:17","date_gmt":"2019-11-08T09:53:17","guid":{"rendered":"https:\/\/www.3p-gmbh.de\/produkt\/ant-linde-l-10-empilhador-alto-empilhador-porta-paletes-eletrico-empilhador-pedestre\/"},"modified":"2019-11-08T09:53:17","modified_gmt":"2019-11-08T09:53:17","slug":"ameise-linde-l-10-high-lift-truck-stacker-electric-lift-truck-drawbar-stacker","status":"publish","type":"product","link":"https:\/\/www.3p-gmbh.de\/pt-br\/produkt\/ameise-linde-l-10-high-lift-truck-stacker-electric-lift-truck-drawbar-stacker\/","title":{"rendered":"Ant Linde L 10 &#8211; empilhador alto &#8211; empilhador &#8211; porta-paletes el\u00e9trico &#8211; empilhador pedestre"},"content":{"rendered":"<p>Tipo de empilhador<br \/>\nTipo de acionamento el\u00e9trico<br \/>\nCapacidade de carga 1.000 kg<br \/>\nCentro de gravidade da carga 0 mm<\/p>\n<p>Tipo de mastro standard<br \/>\nAltura de eleva\u00e7\u00e3o 2.424 mm<br \/>\nAltura total 1.765 mm<br \/>\nCurso livre 150 mm<br \/>\nLargura do porta-garfos: 560 mm<br \/>\nComprimento da forquilha 1.150 mm<br \/>\nForquilhas Vers\u00e3o da forquilha 560 \/ 1150 mm<\/p>\n<p>Geral<br \/>\nCarregador interno<br \/>\nBateria 24V 2 PzB 200Ah<br \/>\nPneus de poliuretano<br \/>\nPneus dianteiros, duplos<br \/>\nPneus traseiros<br \/>\nComprimento 1.750 mm<br \/>\nLargura 800 mm<br \/>\nPeso 1,055 kg<\/p>\n","protected":false},"excerpt":{"rendered":"<p>Tipo de empilhador Tipo de acionamento el\u00e9trico Capacidade de carga 1.000 kg Centro de gravidade da carga 0 mm Tipo de mastro standard Altura de eleva\u00e7\u00e3o 2.424 mm Altura total 1.765 mm Curso livre 150 mm Largura do porta-garfos: 560 mm Comprimento da forquilha 1.150 mm Forquilhas Vers\u00e3o da forquilha 560 \/ 1150 mm Geral [&hellip;]<\/p>\n","protected":false},"featured_media":74454,"template":"","meta":[],"product_brand":[],"product_cat":[2860],"product_tag":[],"class_list":{"0":"post-90321","1":"product","2":"type-product","3":"status-publish","4":"has-post-thumbnail","6":"product_cat-camioes-industriais","7":"pa_hersteller-linde","8":"pa_typ-l-10","10":"first","11":"instock","12":"taxable","13":"shipping-taxable","14":"purchasable","15":"product-type-simple"},"jetpack_sharing_enabled":true,"_links":{"self":[{"href":"https:\/\/www.3p-gmbh.de\/pt-br\/wp-json\/wp\/v2\/product\/90321","targetHints":{"allow":["GET"]}}],"collection":[{"href":"https:\/\/www.3p-gmbh.de\/pt-br\/wp-json\/wp\/v2\/product"}],"about":[{"href":"https:\/\/www.3p-gmbh.de\/pt-br\/wp-json\/wp\/v2\/types\/product"}],"wp:featuredmedia":[{"embeddable":true,"href":"https:\/\/www.3p-gmbh.de\/pt-br\/wp-json\/wp\/v2\/media\/74454"}],"wp:attachment":[{"href":"https:\/\/www.3p-gmbh.de\/pt-br\/wp-json\/wp\/v2\/media?parent=90321"}],"wp:term":[{"taxonomy":"product_brand","embeddable":true,"href":"https:\/\/www.3p-gmbh.de\/pt-br\/wp-json\/wp\/v2\/product_brand?post=90321"},{"taxonomy":"product_cat","embeddable":true,"href":"https:\/\/www.3p-gmbh.de\/pt-br\/wp-json\/wp\/v2\/product_cat?post=90321"},{"taxonomy":"product_tag","embeddable":true,"href":"https:\/\/www.3p-gmbh.de\/pt-br\/wp-json\/wp\/v2\/product_tag?post=90321"}],"curies":[{"name":"wp","href":"https:\/\/api.w.org\/{rel}","templated":true}]}}