{"id":90317,"date":"2019-11-08T09:17:15","date_gmt":"2019-11-08T09:17:15","guid":{"rendered":"https:\/\/www.3p-gmbh.de\/produkt\/biluva-kl-2900-humidificador-de-ar-frio\/"},"modified":"2019-11-08T09:17:15","modified_gmt":"2019-11-08T09:17:15","slug":"biluva-kl-2900-cold-humidificador","status":"publish","type":"product","link":"https:\/\/www.3p-gmbh.de\/pt-br\/produkt\/biluva-kl-2900-cold-humidificador\/","title":{"rendered":"BiLuVa KL-2900 Humidificador de Ar Frio"},"content":{"rendered":"<p>A humidifica\u00e7\u00e3o do ar frio atrav\u00e9s de sistemas de humidifica\u00e7\u00e3o do ar \u00e9 essencial no processamento de papel e em muitos outros sectores industriais.<\/p>\n<p>Adequado para um volume de sala at\u00e9 2900 m\u00b3 no m\u00e1ximo<br \/>\nincl. Troca de ar<\/p>\n<p>DxHxW (mm): 850 x 530 x 800<\/p>\n<p>Dados el\u00e9ctricos:<br \/>\n230 Watt<br \/>\n230 V \/ 50 Hz, 1,1 A (16 A durante um curto per\u00edodo de tempo)<\/p>\n<p>Peso seco\/h\u00famido: 46\/52 kg<\/p>\n<p>Humidificador a frio: A \u00faltima tecnologia da Binder<br \/>\nAp\u00f3s intensa observa\u00e7\u00e3o do mercado, desenvolvemos um sistema completamente novo para sistemas de humidifica\u00e7\u00e3o do ar na ind\u00fastria e no com\u00e9rcio:<br \/>\nHumidifica\u00e7\u00e3o do ar por evapora\u00e7\u00e3o a frio &#8211; um processo natural para aumentar a humidade do ar que funciona com a qualidade da \u00e1gua pot\u00e1vel, ou seja, sem a liga\u00e7\u00e3o a montante de um sistema de amaciamento.<\/p>\n<p>Vantagens para o cliente:<\/p>\n<ul>\n<li>Extremamente compacto e potente<\/li>\n<li>Sem risco de satura\u00e7\u00e3o excessiva do ar<\/li>\n<li>Baixos custos de funcionamento<\/li>\n<li>Troca de \u00e1gua autom\u00e1tica regular<\/li>\n<li>Sistema de humidifica\u00e7\u00e3o controlado digitalmente<\/li>\n<li>Seguro e higi\u00e9nico, refrescante e purificante<\/li>\n<li>Baixo n\u00edvel de ru\u00eddo<\/li>\n<li>F\u00e1cil de utilizar<\/li>\n<li>F\u00e1cil de instalar em qualquer lugar<\/li>\n<li>Seguran\u00e7a testada GS \/ DGUV<\/li>\n<\/ul>\n","protected":false},"excerpt":{"rendered":"<p>A humidifica\u00e7\u00e3o do ar frio atrav\u00e9s de sistemas de humidifica\u00e7\u00e3o do ar \u00e9 essencial no processamento de papel e em muitos outros sectores industriais. Adequado para um volume de sala at\u00e9 2900 m\u00b3 no m\u00e1ximo incl. Troca de ar DxHxW (mm): 850 x 530 x 800 Dados el\u00e9ctricos: 230 Watt 230 V \/ 50 Hz, [&hellip;]<\/p>\n","protected":false},"featured_media":74421,"template":"","meta":[],"product_brand":[],"product_cat":[2942],"product_tag":[],"class_list":{"0":"post-90317","1":"product","2":"type-product","3":"status-publish","4":"has-post-thumbnail","6":"product_cat-outras-maquinas-e-equipamentos","7":"pa_hersteller-biluva","8":"pa_typ-kl-2900","10":"first","11":"instock","12":"taxable","13":"shipping-taxable","14":"purchasable","15":"product-type-simple"},"jetpack_sharing_enabled":true,"_links":{"self":[{"href":"https:\/\/www.3p-gmbh.de\/pt-br\/wp-json\/wp\/v2\/product\/90317","targetHints":{"allow":["GET"]}}],"collection":[{"href":"https:\/\/www.3p-gmbh.de\/pt-br\/wp-json\/wp\/v2\/product"}],"about":[{"href":"https:\/\/www.3p-gmbh.de\/pt-br\/wp-json\/wp\/v2\/types\/product"}],"wp:featuredmedia":[{"embeddable":true,"href":"https:\/\/www.3p-gmbh.de\/pt-br\/wp-json\/wp\/v2\/media\/74421"}],"wp:attachment":[{"href":"https:\/\/www.3p-gmbh.de\/pt-br\/wp-json\/wp\/v2\/media?parent=90317"}],"wp:term":[{"taxonomy":"product_brand","embeddable":true,"href":"https:\/\/www.3p-gmbh.de\/pt-br\/wp-json\/wp\/v2\/product_brand?post=90317"},{"taxonomy":"product_cat","embeddable":true,"href":"https:\/\/www.3p-gmbh.de\/pt-br\/wp-json\/wp\/v2\/product_cat?post=90317"},{"taxonomy":"product_tag","embeddable":true,"href":"https:\/\/www.3p-gmbh.de\/pt-br\/wp-json\/wp\/v2\/product_tag?post=90317"}],"curies":[{"name":"wp","href":"https:\/\/api.w.org\/{rel}","templated":true}]}}